{"id":25914,"date":"2024-10-12T13:53:44","date_gmt":"2024-10-12T13:53:44","guid":{"rendered":"https:\/\/multicook.shop\/product\/ciasteczka-1-szt\/"},"modified":"2025-08-21T12:47:58","modified_gmt":"2025-08-21T12:47:58","slug":"ciasteczka-1-szt","status":"publish","type":"product","link":"https:\/\/multicook.shop\/pl\/produkt\/ciasteczka-1-szt\/","title":{"rendered":"PIERNIK"},"content":{"rendered":"<p><strong>Piernik<\/strong><\/p>\n<p>Nasze pyszne pierniki s\u0105 wytwarzane zgodnie z tradycyjnymi recepturami przy u\u017cyciu wy\u0142\u0105cznie naturalnych przypraw. Maj\u0105 bogaty aromat i delikatny smak, kt\u00f3ry dodaje prawdziwego ciep\u0142a ka\u017cdej chwili.<\/p>\n","protected":false},"excerpt":{"rendered":"<p>Piernik Nasze pyszne pierniki s\u0105 wytwarzane zgodnie z tradycyjnymi recepturami przy u\u017cyciu wy\u0142\u0105cznie naturalnych przypraw. Maj\u0105 bogaty aromat i delikatny<\/p>\n","protected":false},"featured_media":38570,"comment_status":"open","ping_status":"closed","template":"","meta":[],"product_brand":[],"product_cat":[361,342],"product_tag":[],"class_list":{"0":"post-25914","1":"product","2":"type-product","3":"status-publish","4":"has-post-thumbnail","6":"product_cat-chleb-i-wypieki","7":"product_cat-dostawa-na-terenie-calej-portugalii","9":"first","10":"instock","11":"taxable","12":"shipping-taxable","13":"purchasable","14":"product-type-simple"},"jetpack_sharing_enabled":true,"_links":{"self":[{"href":"https:\/\/multicook.shop\/pl\/wp-json\/wp\/v2\/product\/25914","targetHints":{"allow":["GET"]}}],"collection":[{"href":"https:\/\/multicook.shop\/pl\/wp-json\/wp\/v2\/product"}],"about":[{"href":"https:\/\/multicook.shop\/pl\/wp-json\/wp\/v2\/types\/product"}],"replies":[{"embeddable":true,"href":"https:\/\/multicook.shop\/pl\/wp-json\/wp\/v2\/comments?post=25914"}],"version-history":[{"count":1,"href":"https:\/\/multicook.shop\/pl\/wp-json\/wp\/v2\/product\/25914\/revisions"}],"predecessor-version":[{"id":29668,"href":"https:\/\/multicook.shop\/pl\/wp-json\/wp\/v2\/product\/25914\/revisions\/29668"}],"wp:featuredmedia":[{"embeddable":true,"href":"https:\/\/multicook.shop\/pl\/wp-json\/wp\/v2\/media\/38570"}],"wp:attachment":[{"href":"https:\/\/multicook.shop\/pl\/wp-json\/wp\/v2\/media?parent=25914"}],"wp:term":[{"taxonomy":"product_brand","embeddable":true,"href":"https:\/\/multicook.shop\/pl\/wp-json\/wp\/v2\/product_brand?post=25914"},{"taxonomy":"product_cat","embeddable":true,"href":"https:\/\/multicook.shop\/pl\/wp-json\/wp\/v2\/product_cat?post=25914"},{"taxonomy":"product_tag","embeddable":true,"href":"https:\/\/multicook.shop\/pl\/wp-json\/wp\/v2\/product_tag?post=25914"}],"curies":[{"name":"wp","href":"https:\/\/api.w.org\/{rel}","templated":true}]}}