{"id":32568,"date":"2025-08-15T14:47:02","date_gmt":"2025-08-15T14:47:02","guid":{"rendered":"https:\/\/multicook.shop\/product\/chrupki-flint-z-kwasna-smietana-i-ziolami-70-g-2\/"},"modified":"2025-10-08T21:46:51","modified_gmt":"2025-10-08T21:46:51","slug":"chrupki-flint-z-kwasna-smietana-i-ziolami-70-g-2","status":"publish","type":"product","link":"https:\/\/multicook.shop\/pl\/produkt\/chrupki-flint-z-kwasna-smietana-i-ziolami-70-g-2\/","title":{"rendered":"Chrupki Flint z kwa\u015bn\u0105 \u015bmietan\u0105 i zio\u0142ami, 70 g"},"content":{"rendered":"<p>Chrupki Flint z kwa\u015bn\u0105 \u015bmietan\u0105 i zio\u0142ami, 70 g<\/p>\n","protected":false},"excerpt":{"rendered":"<p>Chrupki Flint z kwa\u015bn\u0105 \u015bmietan\u0105 i zio\u0142ami, 70 g<\/p>\n","protected":false},"featured_media":32498,"comment_status":"open","ping_status":"closed","template":"","meta":[],"product_brand":[],"product_cat":[347],"product_tag":[],"class_list":{"0":"post-32568","1":"product","2":"type-product","3":"status-publish","4":"has-post-thumbnail","6":"product_cat-przekaski-i-przyprawy","8":"first","9":"instock","10":"taxable","11":"shipping-taxable","12":"purchasable","13":"product-type-simple"},"jetpack_sharing_enabled":true,"_links":{"self":[{"href":"https:\/\/multicook.shop\/pl\/wp-json\/wp\/v2\/product\/32568","targetHints":{"allow":["GET"]}}],"collection":[{"href":"https:\/\/multicook.shop\/pl\/wp-json\/wp\/v2\/product"}],"about":[{"href":"https:\/\/multicook.shop\/pl\/wp-json\/wp\/v2\/types\/product"}],"replies":[{"embeddable":true,"href":"https:\/\/multicook.shop\/pl\/wp-json\/wp\/v2\/comments?post=32568"}],"version-history":[{"count":1,"href":"https:\/\/multicook.shop\/pl\/wp-json\/wp\/v2\/product\/32568\/revisions"}],"predecessor-version":[{"id":33834,"href":"https:\/\/multicook.shop\/pl\/wp-json\/wp\/v2\/product\/32568\/revisions\/33834"}],"wp:featuredmedia":[{"embeddable":true,"href":"https:\/\/multicook.shop\/pl\/wp-json\/wp\/v2\/media\/32498"}],"wp:attachment":[{"href":"https:\/\/multicook.shop\/pl\/wp-json\/wp\/v2\/media?parent=32568"}],"wp:term":[{"taxonomy":"product_brand","embeddable":true,"href":"https:\/\/multicook.shop\/pl\/wp-json\/wp\/v2\/product_brand?post=32568"},{"taxonomy":"product_cat","embeddable":true,"href":"https:\/\/multicook.shop\/pl\/wp-json\/wp\/v2\/product_cat?post=32568"},{"taxonomy":"product_tag","embeddable":true,"href":"https:\/\/multicook.shop\/pl\/wp-json\/wp\/v2\/product_tag?post=32568"}],"curies":[{"name":"wp","href":"https:\/\/api.w.org\/{rel}","templated":true}]}}