{"id":32579,"date":"2025-08-02T15:17:26","date_gmt":"2025-08-02T15:17:26","guid":{"rendered":"https:\/\/multicook.shop\/product\/smazone-nasiona-slonecznika-san-sanych-200g\/"},"modified":"2025-10-08T21:42:40","modified_gmt":"2025-10-08T21:42:40","slug":"smazone-nasiona-slonecznika-san-sanych-200g","status":"publish","type":"product","link":"https:\/\/multicook.shop\/pl\/produkt\/smazone-nasiona-slonecznika-san-sanych-200g\/","title":{"rendered":"SMA\u017bONE NASIONA S\u0141ONECZNIKA SAN SANYCH, 200g"},"content":{"rendered":"<p>Sma\u017cone nasiona s\u0142onecznika San Sanych, 200g<\/p>\n","protected":false},"excerpt":{"rendered":"<p>Sma\u017cone nasiona s\u0142onecznika San Sanych, 200g<\/p>\n","protected":false},"featured_media":32284,"comment_status":"open","ping_status":"closed","template":"","meta":[],"product_brand":[],"product_cat":[347],"product_tag":[],"class_list":{"0":"post-32579","1":"product","2":"type-product","3":"status-publish","4":"has-post-thumbnail","6":"product_cat-przekaski-i-przyprawy","8":"first","9":"instock","10":"taxable","11":"shipping-taxable","12":"purchasable","13":"product-type-simple"},"jetpack_sharing_enabled":true,"_links":{"self":[{"href":"https:\/\/multicook.shop\/pl\/wp-json\/wp\/v2\/product\/32579","targetHints":{"allow":["GET"]}}],"collection":[{"href":"https:\/\/multicook.shop\/pl\/wp-json\/wp\/v2\/product"}],"about":[{"href":"https:\/\/multicook.shop\/pl\/wp-json\/wp\/v2\/types\/product"}],"replies":[{"embeddable":true,"href":"https:\/\/multicook.shop\/pl\/wp-json\/wp\/v2\/comments?post=32579"}],"version-history":[{"count":2,"href":"https:\/\/multicook.shop\/pl\/wp-json\/wp\/v2\/product\/32579\/revisions"}],"predecessor-version":[{"id":35237,"href":"https:\/\/multicook.shop\/pl\/wp-json\/wp\/v2\/product\/32579\/revisions\/35237"}],"wp:featuredmedia":[{"embeddable":true,"href":"https:\/\/multicook.shop\/pl\/wp-json\/wp\/v2\/media\/32284"}],"wp:attachment":[{"href":"https:\/\/multicook.shop\/pl\/wp-json\/wp\/v2\/media?parent=32579"}],"wp:term":[{"taxonomy":"product_brand","embeddable":true,"href":"https:\/\/multicook.shop\/pl\/wp-json\/wp\/v2\/product_brand?post=32579"},{"taxonomy":"product_cat","embeddable":true,"href":"https:\/\/multicook.shop\/pl\/wp-json\/wp\/v2\/product_cat?post=32579"},{"taxonomy":"product_tag","embeddable":true,"href":"https:\/\/multicook.shop\/pl\/wp-json\/wp\/v2\/product_tag?post=32579"}],"curies":[{"name":"wp","href":"https:\/\/api.w.org\/{rel}","templated":true}]}}