{"id":32596,"date":"2025-07-20T05:39:03","date_gmt":"2025-07-20T05:39:03","guid":{"rendered":"https:\/\/multicook.shop\/product\/smietana-400g-20-bachul\/"},"modified":"2025-08-21T16:10:40","modified_gmt":"2025-08-21T16:10:40","slug":"smietana-400g-20-bachul","status":"publish","type":"product","link":"https:\/\/multicook.shop\/pl\/produkt\/smietana-400g-20-bachul\/","title":{"rendered":"\u015aMIETANA 400g 20% BACHU\u0141"},"content":{"rendered":"<p>\u015amietana 400g 20% Bachu\u0142<\/p>\n","protected":false},"excerpt":{"rendered":"<p>\u015amietana 400g 20% Bachu\u0142<\/p>\n","protected":false},"featured_media":31974,"comment_status":"open","ping_status":"closed","template":"","meta":[],"product_brand":[],"product_cat":[350],"product_tag":[],"class_list":{"0":"post-32596","1":"product","2":"type-product","3":"status-publish","4":"has-post-thumbnail","6":"product_cat-produkty-mleczne","8":"first","9":"instock","10":"taxable","11":"shipping-taxable","12":"purchasable","13":"product-type-simple"},"jetpack_sharing_enabled":true,"_links":{"self":[{"href":"https:\/\/multicook.shop\/pl\/wp-json\/wp\/v2\/product\/32596","targetHints":{"allow":["GET"]}}],"collection":[{"href":"https:\/\/multicook.shop\/pl\/wp-json\/wp\/v2\/product"}],"about":[{"href":"https:\/\/multicook.shop\/pl\/wp-json\/wp\/v2\/types\/product"}],"replies":[{"embeddable":true,"href":"https:\/\/multicook.shop\/pl\/wp-json\/wp\/v2\/comments?post=32596"}],"version-history":[{"count":2,"href":"https:\/\/multicook.shop\/pl\/wp-json\/wp\/v2\/product\/32596\/revisions"}],"predecessor-version":[{"id":35230,"href":"https:\/\/multicook.shop\/pl\/wp-json\/wp\/v2\/product\/32596\/revisions\/35230"}],"wp:featuredmedia":[{"embeddable":true,"href":"https:\/\/multicook.shop\/pl\/wp-json\/wp\/v2\/media\/31974"}],"wp:attachment":[{"href":"https:\/\/multicook.shop\/pl\/wp-json\/wp\/v2\/media?parent=32596"}],"wp:term":[{"taxonomy":"product_brand","embeddable":true,"href":"https:\/\/multicook.shop\/pl\/wp-json\/wp\/v2\/product_brand?post=32596"},{"taxonomy":"product_cat","embeddable":true,"href":"https:\/\/multicook.shop\/pl\/wp-json\/wp\/v2\/product_cat?post=32596"},{"taxonomy":"product_tag","embeddable":true,"href":"https:\/\/multicook.shop\/pl\/wp-json\/wp\/v2\/product_tag?post=32596"}],"curies":[{"name":"wp","href":"https:\/\/api.w.org\/{rel}","templated":true}]}}