{"id":32632,"date":"2025-06-15T15:17:31","date_gmt":"2025-06-15T15:17:31","guid":{"rendered":"https:\/\/multicook.shop\/product\/slodkie-paleczki-kukurydziane-mleczne-zlote-ziarno-200g\/"},"modified":"2025-08-25T11:33:48","modified_gmt":"2025-08-25T11:33:48","slug":"slodkie-paleczki-kukurydziane-mleczne-zlote-ziarno-200g","status":"publish","type":"product","link":"https:\/\/multicook.shop\/pl\/produkt\/slodkie-paleczki-kukurydziane-mleczne-zlote-ziarno-200g\/","title":{"rendered":"S\u0141ODKIE PA\u0141ECZKI KUKURYDZIANE &#8222;MLECZNE&#8221; Z\u0141OTE ZIARNO 200g"},"content":{"rendered":"<p>S\u0142odkie pa\u0142eczki kukurydziane &#8222;Mleczne&#8221; Z\u0142ote Ziarno 200g<\/p>\n","protected":false},"excerpt":{"rendered":"<p>S\u0142odkie pa\u0142eczki kukurydziane &#8222;Mleczne&#8221; Z\u0142ote Ziarno 200g<\/p>\n","protected":false},"featured_media":30706,"comment_status":"open","ping_status":"closed","template":"","meta":[],"product_brand":[],"product_cat":[347],"product_tag":[],"class_list":{"0":"post-32632","1":"product","2":"type-product","3":"status-publish","4":"has-post-thumbnail","6":"product_cat-przekaski-i-przyprawy","8":"first","9":"outofstock","10":"taxable","11":"shipping-taxable","12":"purchasable","13":"product-type-simple"},"jetpack_sharing_enabled":true,"_links":{"self":[{"href":"https:\/\/multicook.shop\/pl\/wp-json\/wp\/v2\/product\/32632","targetHints":{"allow":["GET"]}}],"collection":[{"href":"https:\/\/multicook.shop\/pl\/wp-json\/wp\/v2\/product"}],"about":[{"href":"https:\/\/multicook.shop\/pl\/wp-json\/wp\/v2\/types\/product"}],"replies":[{"embeddable":true,"href":"https:\/\/multicook.shop\/pl\/wp-json\/wp\/v2\/comments?post=32632"}],"version-history":[{"count":1,"href":"https:\/\/multicook.shop\/pl\/wp-json\/wp\/v2\/product\/32632\/revisions"}],"predecessor-version":[{"id":33972,"href":"https:\/\/multicook.shop\/pl\/wp-json\/wp\/v2\/product\/32632\/revisions\/33972"}],"wp:featuredmedia":[{"embeddable":true,"href":"https:\/\/multicook.shop\/pl\/wp-json\/wp\/v2\/media\/30706"}],"wp:attachment":[{"href":"https:\/\/multicook.shop\/pl\/wp-json\/wp\/v2\/media?parent=32632"}],"wp:term":[{"taxonomy":"product_brand","embeddable":true,"href":"https:\/\/multicook.shop\/pl\/wp-json\/wp\/v2\/product_brand?post=32632"},{"taxonomy":"product_cat","embeddable":true,"href":"https:\/\/multicook.shop\/pl\/wp-json\/wp\/v2\/product_cat?post=32632"},{"taxonomy":"product_tag","embeddable":true,"href":"https:\/\/multicook.shop\/pl\/wp-json\/wp\/v2\/product_tag?post=32632"}],"curies":[{"name":"wp","href":"https:\/\/api.w.org\/{rel}","templated":true}]}}