{"id":32636,"date":"2025-06-07T13:39:45","date_gmt":"2025-06-07T13:39:45","guid":{"rendered":"https:\/\/multicook.shop\/product\/saltovska-kielbasa-cieleca-600g-2\/"},"modified":"2026-01-11T16:37:14","modified_gmt":"2026-01-11T16:37:14","slug":"saltovska-kielbasa-cieleca-600g-2","status":"publish","type":"product","link":"https:\/\/multicook.shop\/pl\/produkt\/saltovska-kielbasa-cieleca-600g-2\/","title":{"rendered":"SALTOVSKA KIE\u0141BASA CIEL\u0118CA 600g"},"content":{"rendered":"<p>Saltovska kie\u0142basa ciel\u0119ca 600g<\/p>\n","protected":false},"excerpt":{"rendered":"<p>Saltovska kie\u0142basa ciel\u0119ca 600g<\/p>\n","protected":false},"featured_media":30478,"comment_status":"open","ping_status":"closed","template":"","meta":[],"product_brand":[],"product_cat":[345,400],"product_tag":[],"class_list":{"0":"post-32636","1":"product","2":"type-product","3":"status-publish","4":"has-post-thumbnail","6":"product_cat-kielbaski","7":"product_cat-noworoczne-menu","9":"first","10":"instock","11":"taxable","12":"shipping-taxable","13":"purchasable","14":"product-type-simple"},"jetpack_sharing_enabled":true,"_links":{"self":[{"href":"https:\/\/multicook.shop\/pl\/wp-json\/wp\/v2\/product\/32636","targetHints":{"allow":["GET"]}}],"collection":[{"href":"https:\/\/multicook.shop\/pl\/wp-json\/wp\/v2\/product"}],"about":[{"href":"https:\/\/multicook.shop\/pl\/wp-json\/wp\/v2\/types\/product"}],"replies":[{"embeddable":true,"href":"https:\/\/multicook.shop\/pl\/wp-json\/wp\/v2\/comments?post=32636"}],"version-history":[{"count":1,"href":"https:\/\/multicook.shop\/pl\/wp-json\/wp\/v2\/product\/32636\/revisions"}],"predecessor-version":[{"id":32775,"href":"https:\/\/multicook.shop\/pl\/wp-json\/wp\/v2\/product\/32636\/revisions\/32775"}],"wp:featuredmedia":[{"embeddable":true,"href":"https:\/\/multicook.shop\/pl\/wp-json\/wp\/v2\/media\/30478"}],"wp:attachment":[{"href":"https:\/\/multicook.shop\/pl\/wp-json\/wp\/v2\/media?parent=32636"}],"wp:term":[{"taxonomy":"product_brand","embeddable":true,"href":"https:\/\/multicook.shop\/pl\/wp-json\/wp\/v2\/product_brand?post=32636"},{"taxonomy":"product_cat","embeddable":true,"href":"https:\/\/multicook.shop\/pl\/wp-json\/wp\/v2\/product_cat?post=32636"},{"taxonomy":"product_tag","embeddable":true,"href":"https:\/\/multicook.shop\/pl\/wp-json\/wp\/v2\/product_tag?post=32636"}],"curies":[{"name":"wp","href":"https:\/\/api.w.org\/{rel}","templated":true}]}}