{"id":32643,"date":"2025-06-07T13:37:21","date_gmt":"2025-06-07T13:37:21","guid":{"rendered":"https:\/\/multicook.shop\/product\/olej-slonecznikowy-nierafinowany-zapachowy-krolewski-smak-1l\/"},"modified":"2025-08-19T19:16:42","modified_gmt":"2025-08-19T19:16:42","slug":"olej-slonecznikowy-nierafinowany-zapachowy-krolewski-smak-1l","status":"publish","type":"product","link":"https:\/\/multicook.shop\/pl\/produkt\/olej-slonecznikowy-nierafinowany-zapachowy-krolewski-smak-1l\/","title":{"rendered":"OLEJ S\u0141ONECZNIKOWY NIERAFINOWANY ZAPACHOWY &#8222;KR\u00d3LEWSKI SMAK&#8221; 1l"},"content":{"rendered":"<p>Olej s\u0142onecznikowy nierafinowany zapachowy &#8222;Kr\u00f3lewski Smak&#8221; 1l<\/p>\n","protected":false},"excerpt":{"rendered":"<p>Olej s\u0142onecznikowy nierafinowany zapachowy &#8222;Kr\u00f3lewski Smak&#8221; 1l<\/p>\n","protected":false},"featured_media":30437,"comment_status":"open","ping_status":"closed","template":"","meta":[],"product_brand":[],"product_cat":[351],"product_tag":[],"class_list":{"0":"post-32643","1":"product","2":"type-product","3":"status-publish","4":"has-post-thumbnail","6":"product_cat-sosy-i-majonezy","8":"first","9":"instock","10":"taxable","11":"shipping-taxable","12":"purchasable","13":"product-type-simple"},"jetpack_sharing_enabled":true,"_links":{"self":[{"href":"https:\/\/multicook.shop\/pl\/wp-json\/wp\/v2\/product\/32643","targetHints":{"allow":["GET"]}}],"collection":[{"href":"https:\/\/multicook.shop\/pl\/wp-json\/wp\/v2\/product"}],"about":[{"href":"https:\/\/multicook.shop\/pl\/wp-json\/wp\/v2\/types\/product"}],"replies":[{"embeddable":true,"href":"https:\/\/multicook.shop\/pl\/wp-json\/wp\/v2\/comments?post=32643"}],"version-history":[{"count":1,"href":"https:\/\/multicook.shop\/pl\/wp-json\/wp\/v2\/product\/32643\/revisions"}],"predecessor-version":[{"id":32645,"href":"https:\/\/multicook.shop\/pl\/wp-json\/wp\/v2\/product\/32643\/revisions\/32645"}],"wp:featuredmedia":[{"embeddable":true,"href":"https:\/\/multicook.shop\/pl\/wp-json\/wp\/v2\/media\/30437"}],"wp:attachment":[{"href":"https:\/\/multicook.shop\/pl\/wp-json\/wp\/v2\/media?parent=32643"}],"wp:term":[{"taxonomy":"product_brand","embeddable":true,"href":"https:\/\/multicook.shop\/pl\/wp-json\/wp\/v2\/product_brand?post=32643"},{"taxonomy":"product_cat","embeddable":true,"href":"https:\/\/multicook.shop\/pl\/wp-json\/wp\/v2\/product_cat?post=32643"},{"taxonomy":"product_tag","embeddable":true,"href":"https:\/\/multicook.shop\/pl\/wp-json\/wp\/v2\/product_tag?post=32643"}],"curies":[{"name":"wp","href":"https:\/\/api.w.org\/{rel}","templated":true}]}}