{"id":32652,"date":"2025-06-05T06:54:25","date_gmt":"2025-06-05T06:54:25","guid":{"rendered":"https:\/\/multicook.shop\/product\/ser-poltlusty-mazurski-smak-450g\/"},"modified":"2025-12-26T11:47:04","modified_gmt":"2025-12-26T11:47:04","slug":"ser-poltlusty-mazurski-smak-450g","status":"publish","type":"product","link":"https:\/\/multicook.shop\/pl\/produkt\/ser-poltlusty-mazurski-smak-450g\/","title":{"rendered":"SER P\u00d3\u0141T\u0141USTY MAZURSKI SMAK 450g"},"content":{"rendered":"<p>Ser p\u00f3\u0142t\u0142usty Mazurski Smak 450g<\/p>\n","protected":false},"excerpt":{"rendered":"<p>Ser p\u00f3\u0142t\u0142usty Mazurski Smak 450g<\/p>\n","protected":false},"featured_media":30393,"comment_status":"open","ping_status":"closed","template":"","meta":[],"product_brand":[],"product_cat":[350],"product_tag":[],"class_list":{"0":"post-32652","1":"product","2":"type-product","3":"status-publish","4":"has-post-thumbnail","6":"product_cat-produkty-mleczne","8":"first","9":"instock","10":"taxable","11":"shipping-taxable","12":"purchasable","13":"product-type-simple"},"jetpack_sharing_enabled":true,"_links":{"self":[{"href":"https:\/\/multicook.shop\/pl\/wp-json\/wp\/v2\/product\/32652","targetHints":{"allow":["GET"]}}],"collection":[{"href":"https:\/\/multicook.shop\/pl\/wp-json\/wp\/v2\/product"}],"about":[{"href":"https:\/\/multicook.shop\/pl\/wp-json\/wp\/v2\/types\/product"}],"replies":[{"embeddable":true,"href":"https:\/\/multicook.shop\/pl\/wp-json\/wp\/v2\/comments?post=32652"}],"version-history":[{"count":0,"href":"https:\/\/multicook.shop\/pl\/wp-json\/wp\/v2\/product\/32652\/revisions"}],"wp:featuredmedia":[{"embeddable":true,"href":"https:\/\/multicook.shop\/pl\/wp-json\/wp\/v2\/media\/30393"}],"wp:attachment":[{"href":"https:\/\/multicook.shop\/pl\/wp-json\/wp\/v2\/media?parent=32652"}],"wp:term":[{"taxonomy":"product_brand","embeddable":true,"href":"https:\/\/multicook.shop\/pl\/wp-json\/wp\/v2\/product_brand?post=32652"},{"taxonomy":"product_cat","embeddable":true,"href":"https:\/\/multicook.shop\/pl\/wp-json\/wp\/v2\/product_cat?post=32652"},{"taxonomy":"product_tag","embeddable":true,"href":"https:\/\/multicook.shop\/pl\/wp-json\/wp\/v2\/product_tag?post=32652"}],"curies":[{"name":"wp","href":"https:\/\/api.w.org\/{rel}","templated":true}]}}