{"id":32707,"date":"2025-05-31T04:59:42","date_gmt":"2025-05-31T04:59:42","guid":{"rendered":"https:\/\/multicook.shop\/product\/przyprawa-do-konserwowania-45g-chrupiace-ogorki\/"},"modified":"2025-05-31T04:59:42","modified_gmt":"2025-05-31T04:59:42","slug":"przyprawa-do-konserwowania-45g-chrupiace-ogorki","status":"publish","type":"product","link":"https:\/\/multicook.shop\/pl\/produkt\/przyprawa-do-konserwowania-45g-chrupiace-ogorki\/","title":{"rendered":"PRZYPRAWA DO KONSERWOWANIA 45g CHRUPI\u0104CE OG\u00d3RKI"},"content":{"rendered":"<p>Przyprawa do konserwowania 45g CHRUPI\u0104CE OG\u00d3RKI<\/p>\n","protected":false},"excerpt":{"rendered":"<p>Przyprawa do konserwowania 45g CHRUPI\u0104CE OG\u00d3RKI<\/p>\n","protected":false},"featured_media":30035,"comment_status":"open","ping_status":"closed","template":"","meta":[],"product_brand":[],"product_cat":[347],"product_tag":[],"class_list":{"0":"post-32707","1":"product","2":"type-product","3":"status-publish","4":"has-post-thumbnail","6":"product_cat-przekaski-i-przyprawy","8":"first","9":"instock","10":"taxable","11":"shipping-taxable","12":"purchasable","13":"product-type-simple"},"jetpack_sharing_enabled":true,"_links":{"self":[{"href":"https:\/\/multicook.shop\/pl\/wp-json\/wp\/v2\/product\/32707","targetHints":{"allow":["GET"]}}],"collection":[{"href":"https:\/\/multicook.shop\/pl\/wp-json\/wp\/v2\/product"}],"about":[{"href":"https:\/\/multicook.shop\/pl\/wp-json\/wp\/v2\/types\/product"}],"replies":[{"embeddable":true,"href":"https:\/\/multicook.shop\/pl\/wp-json\/wp\/v2\/comments?post=32707"}],"version-history":[{"count":0,"href":"https:\/\/multicook.shop\/pl\/wp-json\/wp\/v2\/product\/32707\/revisions"}],"wp:featuredmedia":[{"embeddable":true,"href":"https:\/\/multicook.shop\/pl\/wp-json\/wp\/v2\/media\/30035"}],"wp:attachment":[{"href":"https:\/\/multicook.shop\/pl\/wp-json\/wp\/v2\/media?parent=32707"}],"wp:term":[{"taxonomy":"product_brand","embeddable":true,"href":"https:\/\/multicook.shop\/pl\/wp-json\/wp\/v2\/product_brand?post=32707"},{"taxonomy":"product_cat","embeddable":true,"href":"https:\/\/multicook.shop\/pl\/wp-json\/wp\/v2\/product_cat?post=32707"},{"taxonomy":"product_tag","embeddable":true,"href":"https:\/\/multicook.shop\/pl\/wp-json\/wp\/v2\/product_tag?post=32707"}],"curies":[{"name":"wp","href":"https:\/\/api.w.org\/{rel}","templated":true}]}}