{"id":32845,"date":"2025-05-24T08:11:15","date_gmt":"2025-05-24T08:11:15","guid":{"rendered":"https:\/\/multicook.shop\/product\/ogorki-solone-sielanski-nzyn-920g\/"},"modified":"2025-05-24T08:11:15","modified_gmt":"2025-05-24T08:11:15","slug":"ogorki-solone-sielanski-nzyn-920g","status":"publish","type":"product","link":"https:\/\/multicook.shop\/pl\/produkt\/ogorki-solone-sielanski-nzyn-920g\/","title":{"rendered":"OG\u00d3RKI SOLONE SIELA\u0143SKI N\u017bYN 920g"},"content":{"rendered":"<p>Og\u00f3rki solone Selyanski Nizhyn 920g<\/p>\n","protected":false},"excerpt":{"rendered":"<p>Og\u00f3rki solone Selyanski Nizhyn 920g<\/p>\n","protected":false},"featured_media":28776,"comment_status":"open","ping_status":"closed","template":"","meta":[],"product_brand":[],"product_cat":[349],"product_tag":[],"class_list":{"0":"post-32845","1":"product","2":"type-product","3":"status-publish","4":"has-post-thumbnail","6":"product_cat-warzywa-w-puszkach","8":"first","9":"instock","10":"taxable","11":"shipping-taxable","12":"purchasable","13":"product-type-simple"},"jetpack_sharing_enabled":true,"_links":{"self":[{"href":"https:\/\/multicook.shop\/pl\/wp-json\/wp\/v2\/product\/32845","targetHints":{"allow":["GET"]}}],"collection":[{"href":"https:\/\/multicook.shop\/pl\/wp-json\/wp\/v2\/product"}],"about":[{"href":"https:\/\/multicook.shop\/pl\/wp-json\/wp\/v2\/types\/product"}],"replies":[{"embeddable":true,"href":"https:\/\/multicook.shop\/pl\/wp-json\/wp\/v2\/comments?post=32845"}],"version-history":[{"count":0,"href":"https:\/\/multicook.shop\/pl\/wp-json\/wp\/v2\/product\/32845\/revisions"}],"wp:featuredmedia":[{"embeddable":true,"href":"https:\/\/multicook.shop\/pl\/wp-json\/wp\/v2\/media\/28776"}],"wp:attachment":[{"href":"https:\/\/multicook.shop\/pl\/wp-json\/wp\/v2\/media?parent=32845"}],"wp:term":[{"taxonomy":"product_brand","embeddable":true,"href":"https:\/\/multicook.shop\/pl\/wp-json\/wp\/v2\/product_brand?post=32845"},{"taxonomy":"product_cat","embeddable":true,"href":"https:\/\/multicook.shop\/pl\/wp-json\/wp\/v2\/product_cat?post=32845"},{"taxonomy":"product_tag","embeddable":true,"href":"https:\/\/multicook.shop\/pl\/wp-json\/wp\/v2\/product_tag?post=32845"}],"curies":[{"name":"wp","href":"https:\/\/api.w.org\/{rel}","templated":true}]}}