{"id":32852,"date":"2025-05-24T08:08:11","date_gmt":"2025-05-24T08:08:11","guid":{"rendered":"https:\/\/multicook.shop\/product\/marynowane-ogorki-sloneczne-pole-800g\/"},"modified":"2026-01-11T16:37:14","modified_gmt":"2026-01-11T16:37:14","slug":"marynowane-ogorki-sloneczne-pole-800g","status":"publish","type":"product","link":"https:\/\/multicook.shop\/pl\/produkt\/marynowane-ogorki-sloneczne-pole-800g\/","title":{"rendered":"MARYNOWANE OG\u00d3RKI &#8222;S\u0141ONECZNE POLE&#8221; 800g"},"content":{"rendered":"<p>Marynowane og\u00f3rki &#8222;S\u0142oneczne Pole&#8221; 800g<\/p>\n","protected":false},"excerpt":{"rendered":"<p>Marynowane og\u00f3rki &#8222;S\u0142oneczne Pole&#8221; 800g<\/p>\n","protected":false},"featured_media":28852,"comment_status":"open","ping_status":"closed","template":"","meta":[],"product_brand":[],"product_cat":[349],"product_tag":[],"class_list":{"0":"post-32852","1":"product","2":"type-product","3":"status-publish","4":"has-post-thumbnail","6":"product_cat-warzywa-w-puszkach","8":"first","9":"instock","10":"taxable","11":"shipping-taxable","12":"purchasable","13":"product-type-simple"},"jetpack_sharing_enabled":true,"_links":{"self":[{"href":"https:\/\/multicook.shop\/pl\/wp-json\/wp\/v2\/product\/32852","targetHints":{"allow":["GET"]}}],"collection":[{"href":"https:\/\/multicook.shop\/pl\/wp-json\/wp\/v2\/product"}],"about":[{"href":"https:\/\/multicook.shop\/pl\/wp-json\/wp\/v2\/types\/product"}],"replies":[{"embeddable":true,"href":"https:\/\/multicook.shop\/pl\/wp-json\/wp\/v2\/comments?post=32852"}],"version-history":[{"count":0,"href":"https:\/\/multicook.shop\/pl\/wp-json\/wp\/v2\/product\/32852\/revisions"}],"wp:featuredmedia":[{"embeddable":true,"href":"https:\/\/multicook.shop\/pl\/wp-json\/wp\/v2\/media\/28852"}],"wp:attachment":[{"href":"https:\/\/multicook.shop\/pl\/wp-json\/wp\/v2\/media?parent=32852"}],"wp:term":[{"taxonomy":"product_brand","embeddable":true,"href":"https:\/\/multicook.shop\/pl\/wp-json\/wp\/v2\/product_brand?post=32852"},{"taxonomy":"product_cat","embeddable":true,"href":"https:\/\/multicook.shop\/pl\/wp-json\/wp\/v2\/product_cat?post=32852"},{"taxonomy":"product_tag","embeddable":true,"href":"https:\/\/multicook.shop\/pl\/wp-json\/wp\/v2\/product_tag?post=32852"}],"curies":[{"name":"wp","href":"https:\/\/api.w.org\/{rel}","templated":true}]}}