{"id":32857,"date":"2025-05-20T04:43:40","date_gmt":"2025-05-20T04:43:40","guid":{"rendered":"https:\/\/multicook.shop\/product\/pomidory-zolte-nzyn-920g\/"},"modified":"2025-05-20T04:43:40","modified_gmt":"2025-05-20T04:43:40","slug":"pomidory-zolte-nzyn-920g","status":"publish","type":"product","link":"https:\/\/multicook.shop\/pl\/produkt\/pomidory-zolte-nzyn-920g\/","title":{"rendered":"POMIDORY \u017b\u00d3\u0141TE N\u017bYN 920g"},"content":{"rendered":"<p>Pomidory \u017c\u00f3\u0142te N\u017cyn 920g<\/p>\n","protected":false},"excerpt":{"rendered":"<p>Pomidory \u017c\u00f3\u0142te N\u017cyn 920g<\/p>\n","protected":false},"featured_media":28676,"comment_status":"open","ping_status":"closed","template":"","meta":[],"product_brand":[],"product_cat":[349],"product_tag":[],"class_list":{"0":"post-32857","1":"product","2":"type-product","3":"status-publish","4":"has-post-thumbnail","6":"product_cat-warzywa-w-puszkach","8":"first","9":"instock","10":"taxable","11":"shipping-taxable","12":"purchasable","13":"product-type-simple"},"jetpack_sharing_enabled":true,"_links":{"self":[{"href":"https:\/\/multicook.shop\/pl\/wp-json\/wp\/v2\/product\/32857","targetHints":{"allow":["GET"]}}],"collection":[{"href":"https:\/\/multicook.shop\/pl\/wp-json\/wp\/v2\/product"}],"about":[{"href":"https:\/\/multicook.shop\/pl\/wp-json\/wp\/v2\/types\/product"}],"replies":[{"embeddable":true,"href":"https:\/\/multicook.shop\/pl\/wp-json\/wp\/v2\/comments?post=32857"}],"version-history":[{"count":0,"href":"https:\/\/multicook.shop\/pl\/wp-json\/wp\/v2\/product\/32857\/revisions"}],"wp:featuredmedia":[{"embeddable":true,"href":"https:\/\/multicook.shop\/pl\/wp-json\/wp\/v2\/media\/28676"}],"wp:attachment":[{"href":"https:\/\/multicook.shop\/pl\/wp-json\/wp\/v2\/media?parent=32857"}],"wp:term":[{"taxonomy":"product_brand","embeddable":true,"href":"https:\/\/multicook.shop\/pl\/wp-json\/wp\/v2\/product_brand?post=32857"},{"taxonomy":"product_cat","embeddable":true,"href":"https:\/\/multicook.shop\/pl\/wp-json\/wp\/v2\/product_cat?post=32857"},{"taxonomy":"product_tag","embeddable":true,"href":"https:\/\/multicook.shop\/pl\/wp-json\/wp\/v2\/product_tag?post=32857"}],"curies":[{"name":"wp","href":"https:\/\/api.w.org\/{rel}","templated":true}]}}