{"id":32866,"date":"2025-05-19T07:11:15","date_gmt":"2025-05-19T07:11:15","guid":{"rendered":"https:\/\/multicook.shop\/product\/ikra-z-baklazanow-ekstra-veres-500g\/"},"modified":"2025-05-19T07:11:15","modified_gmt":"2025-05-19T07:11:15","slug":"ikra-z-baklazanow-ekstra-veres-500g","status":"publish","type":"product","link":"https:\/\/multicook.shop\/pl\/produkt\/ikra-z-baklazanow-ekstra-veres-500g\/","title":{"rendered":"IKRA Z BAK\u0141A\u017bAN\u00d3W EKSTRA VERES 500g"},"content":{"rendered":"<p>Ikra z bak\u0142a\u017can\u00f3w ekstra Veres 500g<\/p>\n","protected":false},"excerpt":{"rendered":"<p>Ikra z bak\u0142a\u017can\u00f3w ekstra Veres 500g<\/p>\n","protected":false},"featured_media":31470,"comment_status":"open","ping_status":"closed","template":"","meta":[],"product_brand":[],"product_cat":[349],"product_tag":[],"class_list":{"0":"post-32866","1":"product","2":"type-product","3":"status-publish","4":"has-post-thumbnail","6":"product_cat-warzywa-w-puszkach","8":"first","9":"instock","10":"taxable","11":"shipping-taxable","12":"purchasable","13":"product-type-simple"},"jetpack_sharing_enabled":true,"_links":{"self":[{"href":"https:\/\/multicook.shop\/pl\/wp-json\/wp\/v2\/product\/32866","targetHints":{"allow":["GET"]}}],"collection":[{"href":"https:\/\/multicook.shop\/pl\/wp-json\/wp\/v2\/product"}],"about":[{"href":"https:\/\/multicook.shop\/pl\/wp-json\/wp\/v2\/types\/product"}],"replies":[{"embeddable":true,"href":"https:\/\/multicook.shop\/pl\/wp-json\/wp\/v2\/comments?post=32866"}],"version-history":[{"count":0,"href":"https:\/\/multicook.shop\/pl\/wp-json\/wp\/v2\/product\/32866\/revisions"}],"wp:featuredmedia":[{"embeddable":true,"href":"https:\/\/multicook.shop\/pl\/wp-json\/wp\/v2\/media\/31470"}],"wp:attachment":[{"href":"https:\/\/multicook.shop\/pl\/wp-json\/wp\/v2\/media?parent=32866"}],"wp:term":[{"taxonomy":"product_brand","embeddable":true,"href":"https:\/\/multicook.shop\/pl\/wp-json\/wp\/v2\/product_brand?post=32866"},{"taxonomy":"product_cat","embeddable":true,"href":"https:\/\/multicook.shop\/pl\/wp-json\/wp\/v2\/product_cat?post=32866"},{"taxonomy":"product_tag","embeddable":true,"href":"https:\/\/multicook.shop\/pl\/wp-json\/wp\/v2\/product_tag?post=32866"}],"curies":[{"name":"wp","href":"https:\/\/api.w.org\/{rel}","templated":true}]}}