{"id":32871,"date":"2025-05-17T04:07:34","date_gmt":"2025-05-17T04:07:34","guid":{"rendered":"https:\/\/multicook.shop\/product\/baklazany-w-adzyce-veres-500g\/"},"modified":"2025-05-17T04:07:34","modified_gmt":"2025-05-17T04:07:34","slug":"baklazany-w-adzyce-veres-500g","status":"publish","type":"product","link":"https:\/\/multicook.shop\/pl\/produkt\/baklazany-w-adzyce-veres-500g\/","title":{"rendered":"BAK\u0141A\u017bANY W AD\u017bYCE VERES 500g"},"content":{"rendered":"<p>Bak\u0142a\u017cany w ad\u017cyce Veres 500g<\/p>\n","protected":false},"excerpt":{"rendered":"<p>Bak\u0142a\u017cany w ad\u017cyce Veres 500g<\/p>\n","protected":false},"featured_media":28590,"comment_status":"open","ping_status":"closed","template":"","meta":[],"product_brand":[],"product_cat":[349],"product_tag":[],"class_list":{"0":"post-32871","1":"product","2":"type-product","3":"status-publish","4":"has-post-thumbnail","6":"product_cat-warzywa-w-puszkach","8":"first","9":"instock","10":"taxable","11":"shipping-taxable","12":"purchasable","13":"product-type-simple"},"jetpack_sharing_enabled":true,"_links":{"self":[{"href":"https:\/\/multicook.shop\/pl\/wp-json\/wp\/v2\/product\/32871","targetHints":{"allow":["GET"]}}],"collection":[{"href":"https:\/\/multicook.shop\/pl\/wp-json\/wp\/v2\/product"}],"about":[{"href":"https:\/\/multicook.shop\/pl\/wp-json\/wp\/v2\/types\/product"}],"replies":[{"embeddable":true,"href":"https:\/\/multicook.shop\/pl\/wp-json\/wp\/v2\/comments?post=32871"}],"version-history":[{"count":0,"href":"https:\/\/multicook.shop\/pl\/wp-json\/wp\/v2\/product\/32871\/revisions"}],"wp:featuredmedia":[{"embeddable":true,"href":"https:\/\/multicook.shop\/pl\/wp-json\/wp\/v2\/media\/28590"}],"wp:attachment":[{"href":"https:\/\/multicook.shop\/pl\/wp-json\/wp\/v2\/media?parent=32871"}],"wp:term":[{"taxonomy":"product_brand","embeddable":true,"href":"https:\/\/multicook.shop\/pl\/wp-json\/wp\/v2\/product_brand?post=32871"},{"taxonomy":"product_cat","embeddable":true,"href":"https:\/\/multicook.shop\/pl\/wp-json\/wp\/v2\/product_cat?post=32871"},{"taxonomy":"product_tag","embeddable":true,"href":"https:\/\/multicook.shop\/pl\/wp-json\/wp\/v2\/product_tag?post=32871"}],"curies":[{"name":"wp","href":"https:\/\/api.w.org\/{rel}","templated":true}]}}