{"id":32873,"date":"2025-05-17T04:06:16","date_gmt":"2025-05-17T04:06:16","guid":{"rendered":"https:\/\/multicook.shop\/product\/marynowane-ogorki-nzyn-920g\/"},"modified":"2025-05-17T04:06:16","modified_gmt":"2025-05-17T04:06:16","slug":"marynowane-ogorki-nzyn-920g","status":"publish","type":"product","link":"https:\/\/multicook.shop\/pl\/produkt\/marynowane-ogorki-nzyn-920g\/","title":{"rendered":"MARYNOWANE OG\u00d3RKI N\u017bYN 920g"},"content":{"rendered":"<p>Marynowane og\u00f3rki N\u017cyn 920g<\/p>\n","protected":false},"excerpt":{"rendered":"<p>Marynowane og\u00f3rki N\u017cyn 920g<\/p>\n","protected":false},"featured_media":28579,"comment_status":"open","ping_status":"closed","template":"","meta":[],"product_brand":[],"product_cat":[349],"product_tag":[],"class_list":{"0":"post-32873","1":"product","2":"type-product","3":"status-publish","4":"has-post-thumbnail","6":"product_cat-warzywa-w-puszkach","8":"first","9":"instock","10":"taxable","11":"shipping-taxable","12":"purchasable","13":"product-type-simple"},"jetpack_sharing_enabled":true,"_links":{"self":[{"href":"https:\/\/multicook.shop\/pl\/wp-json\/wp\/v2\/product\/32873","targetHints":{"allow":["GET"]}}],"collection":[{"href":"https:\/\/multicook.shop\/pl\/wp-json\/wp\/v2\/product"}],"about":[{"href":"https:\/\/multicook.shop\/pl\/wp-json\/wp\/v2\/types\/product"}],"replies":[{"embeddable":true,"href":"https:\/\/multicook.shop\/pl\/wp-json\/wp\/v2\/comments?post=32873"}],"version-history":[{"count":0,"href":"https:\/\/multicook.shop\/pl\/wp-json\/wp\/v2\/product\/32873\/revisions"}],"wp:featuredmedia":[{"embeddable":true,"href":"https:\/\/multicook.shop\/pl\/wp-json\/wp\/v2\/media\/28579"}],"wp:attachment":[{"href":"https:\/\/multicook.shop\/pl\/wp-json\/wp\/v2\/media?parent=32873"}],"wp:term":[{"taxonomy":"product_brand","embeddable":true,"href":"https:\/\/multicook.shop\/pl\/wp-json\/wp\/v2\/product_brand?post=32873"},{"taxonomy":"product_cat","embeddable":true,"href":"https:\/\/multicook.shop\/pl\/wp-json\/wp\/v2\/product_cat?post=32873"},{"taxonomy":"product_tag","embeddable":true,"href":"https:\/\/multicook.shop\/pl\/wp-json\/wp\/v2\/product_tag?post=32873"}],"curies":[{"name":"wp","href":"https:\/\/api.w.org\/{rel}","templated":true}]}}