{"id":33114,"date":"2024-08-09T11:57:36","date_gmt":"2024-08-09T11:57:36","guid":{"rendered":"https:\/\/multicook.shop\/product\/rolki-z-krewetka-i-lososiem-260g\/"},"modified":"2024-08-09T11:57:36","modified_gmt":"2024-08-09T11:57:36","slug":"rolki-z-krewetka-i-lososiem-260g","status":"publish","type":"product","link":"https:\/\/multicook.shop\/pl\/produkt\/rolki-z-krewetka-i-lososiem-260g\/","title":{"rendered":"ROLKI Z KREWETK\u0104 I \u0141OSOSIEM 260g"},"content":{"rendered":"<p><strong>Rolki z krewetk\u0105 i \u0142ososiem 260g<\/strong><\/p>\n<p><span style=\"color: #ff0000;\"><strong>SK\u0141AD:<\/strong><\/span><br \/>\n&#8211; gotowana krewetka<br \/>\n&#8211; \u0142oso\u015b<br \/>\n&#8211; og\u00f3rek<br \/>\n&#8211; spicy<br \/>\n&#8211; sa\u0142atka chuka<br \/>\n&#8211; zielona cebula<br \/>\n&#8211; teriyaki<br \/>\n&#8211; szczypiorek<\/p>\n","protected":false},"excerpt":{"rendered":"<p>Rolki z krewetk\u0105 i \u0142ososiem 260g SK\u0141AD: &#8211; gotowana krewetka &#8211; \u0142oso\u015b &#8211; og\u00f3rek &#8211; spicy &#8211; sa\u0142atka chuka &#8211;<\/p>\n","protected":false},"featured_media":33116,"comment_status":"open","ping_status":"closed","template":"","meta":[],"product_brand":[],"product_cat":[382],"product_tag":[],"class_list":{"0":"post-33114","1":"product","2":"type-product","3":"status-publish","4":"has-post-thumbnail","6":"product_cat-sushi-rolki","8":"first","9":"instock","10":"taxable","11":"shipping-taxable","12":"purchasable","13":"product-type-simple"},"jetpack_sharing_enabled":true,"_links":{"self":[{"href":"https:\/\/multicook.shop\/pl\/wp-json\/wp\/v2\/product\/33114","targetHints":{"allow":["GET"]}}],"collection":[{"href":"https:\/\/multicook.shop\/pl\/wp-json\/wp\/v2\/product"}],"about":[{"href":"https:\/\/multicook.shop\/pl\/wp-json\/wp\/v2\/types\/product"}],"replies":[{"embeddable":true,"href":"https:\/\/multicook.shop\/pl\/wp-json\/wp\/v2\/comments?post=33114"}],"version-history":[{"count":0,"href":"https:\/\/multicook.shop\/pl\/wp-json\/wp\/v2\/product\/33114\/revisions"}],"wp:featuredmedia":[{"embeddable":true,"href":"https:\/\/multicook.shop\/pl\/wp-json\/wp\/v2\/media\/33116"}],"wp:attachment":[{"href":"https:\/\/multicook.shop\/pl\/wp-json\/wp\/v2\/media?parent=33114"}],"wp:term":[{"taxonomy":"product_brand","embeddable":true,"href":"https:\/\/multicook.shop\/pl\/wp-json\/wp\/v2\/product_brand?post=33114"},{"taxonomy":"product_cat","embeddable":true,"href":"https:\/\/multicook.shop\/pl\/wp-json\/wp\/v2\/product_cat?post=33114"},{"taxonomy":"product_tag","embeddable":true,"href":"https:\/\/multicook.shop\/pl\/wp-json\/wp\/v2\/product_tag?post=33114"}],"curies":[{"name":"wp","href":"https:\/\/api.w.org\/{rel}","templated":true}]}}