{"id":33188,"date":"2024-06-08T07:14:36","date_gmt":"2024-06-08T07:14:36","guid":{"rendered":"https:\/\/multicook.shop\/product\/nalesniki-pelnoziarniste-z-indykiem\/"},"modified":"2024-06-08T07:14:36","modified_gmt":"2024-06-08T07:14:36","slug":"nalesniki-pelnoziarniste-z-indykiem","status":"publish","type":"product","link":"https:\/\/multicook.shop\/pl\/produkt\/nalesniki-pelnoziarniste-z-indykiem\/","title":{"rendered":"NALE\u015aNIKI PE\u0141NOZIARNISTE Z INDYKIEM"},"content":{"rendered":"<p>Nale\u015bniki pe\u0142noziarniste z indykiem<\/p>\n","protected":false},"excerpt":{"rendered":"<p><strong><span style=\"color: #ff0000;\">16,00\u20ac<\/span> <span style=\"color: #999999;\">\/ 1\u043a\u0433<\/span><\/strong><\/p>\n","protected":false},"featured_media":33189,"comment_status":"open","ping_status":"closed","template":"","meta":[],"product_brand":[],"product_cat":[356],"product_tag":[],"class_list":{"0":"post-33188","1":"product","2":"type-product","3":"status-publish","4":"has-post-thumbnail","6":"product_cat-nalesniki","8":"first","9":"instock","10":"taxable","11":"shipping-taxable","12":"purchasable","13":"product-type-simple"},"jetpack_sharing_enabled":true,"_links":{"self":[{"href":"https:\/\/multicook.shop\/pl\/wp-json\/wp\/v2\/product\/33188","targetHints":{"allow":["GET"]}}],"collection":[{"href":"https:\/\/multicook.shop\/pl\/wp-json\/wp\/v2\/product"}],"about":[{"href":"https:\/\/multicook.shop\/pl\/wp-json\/wp\/v2\/types\/product"}],"replies":[{"embeddable":true,"href":"https:\/\/multicook.shop\/pl\/wp-json\/wp\/v2\/comments?post=33188"}],"version-history":[{"count":0,"href":"https:\/\/multicook.shop\/pl\/wp-json\/wp\/v2\/product\/33188\/revisions"}],"wp:featuredmedia":[{"embeddable":true,"href":"https:\/\/multicook.shop\/pl\/wp-json\/wp\/v2\/media\/33189"}],"wp:attachment":[{"href":"https:\/\/multicook.shop\/pl\/wp-json\/wp\/v2\/media?parent=33188"}],"wp:term":[{"taxonomy":"product_brand","embeddable":true,"href":"https:\/\/multicook.shop\/pl\/wp-json\/wp\/v2\/product_brand?post=33188"},{"taxonomy":"product_cat","embeddable":true,"href":"https:\/\/multicook.shop\/pl\/wp-json\/wp\/v2\/product_cat?post=33188"},{"taxonomy":"product_tag","embeddable":true,"href":"https:\/\/multicook.shop\/pl\/wp-json\/wp\/v2\/product_tag?post=33188"}],"curies":[{"name":"wp","href":"https:\/\/api.w.org\/{rel}","templated":true}]}}