{"id":33336,"date":"2024-03-18T16:25:09","date_gmt":"2024-03-18T16:25:09","guid":{"rendered":"https:\/\/multicook.shop\/product\/prawdziwe-chinkali-z-wolowina\/"},"modified":"2024-03-18T16:25:09","modified_gmt":"2024-03-18T16:25:09","slug":"prawdziwe-chinkali-z-wolowina","status":"publish","type":"product","link":"https:\/\/multicook.shop\/pl\/produkt\/prawdziwe-chinkali-z-wolowina\/","title":{"rendered":"PRAWDZIWE CHINKALI Z WO\u0141OWIN\u0104"},"content":{"rendered":"<p><strong>Prawdziwe chinkali z wo\u0142owin\u0105<\/strong><\/p>\n<p><span style=\"color: #ff0000;\"><strong>Sk\u0142ad<\/strong><\/span><\/p>\n<p>Odt\u0142uszczona wo\u0142owina (38%), wysokogatunkowa m\u0105ka pszenna (26%), filtrowana woda pitna (23%), cebula, t\u0142uszcz wo\u0142owy, s\u00f3l, przyprawa Baharat (mielony czarny pieprz, ziele angielskie, kurkuma, kolendra, kminek, ga\u0142ka muszkato\u0142owa, kardamon, go\u017adziki, cynamon, imbir, papryka), \u015bwie\u017ce zio\u0142a (kolendra, pietruszka), skrobia ziemniaczana.<\/p>\n<p><span style=\"color: #ff0000;\"><strong>Warto\u015b\u0107 energetyczna (kaloryczno\u015b\u0107) w 100g produktu:<\/strong><\/span><\/p>\n<p>307,2 kcal<\/p>\n<p><span style=\"color: #ff0000;\"><strong>Okres przydatno\u015bci do spo\u017cycia i warunki przechowywania:<\/strong><\/span><\/p>\n<p>90 dni w temperaturze nieprzekraczaj\u0105cej -18\u00b0C. Latem zaleca si\u0119 noszenie go w torbach termicznych.<\/p>\n<p><span style=\"color: #ff0000;\"><strong>Spos\u00f3b przygotowania:<\/strong><\/span><\/p>\n<p>Wrzu\u0107 zamro\u017cone chinkali do wrz\u0105cej wody (6 chinkali na 2 litry wody). Doprowadzi\u0107 do wrzenia i miesza\u0107 przez 12-15 minut. Wyj\u0105\u0107 chinkali z wody. Lepiej jest je\u015b\u0107 z r\u0119kami na &#8222;ogonie&#8221;. Nie mo\u017cna go ponownie zamrozi\u0107.<\/p>\n<p><span style=\"color: #ff0000;\"><b>Informacje o warto\u015bci od\u017cywczej produktu na 100g:<\/b><\/span><\/p>\n<p>Bia\u0142ka &#8211; 16 g<\/p>\n<p>T\u0142uszcz &#8211; 17,8 g (w tym 5,1 g nasyconych)<\/p>\n<p>W\u0119glowodany &#8211; 22,2 g (w tym cukry &#8211; 0,4 g)<\/p>\n<p>B\u0142onnik pokarmowy &#8211; 0,9 g<\/p>\n<p>S\u00f3l &#8211; 1 g<\/p>\n<p><iframe loading=\"lazy\" title=\"khinkali\" width=\"500\" height=\"281\" src=\"https:\/\/www.youtube.com\/embed\/Xqv1aoId6VU?feature=oembed\" frameborder=\"0\" allow=\"accelerometer; autoplay; clipboard-write; encrypted-media; gyroscope; picture-in-picture; web-share\" referrerpolicy=\"strict-origin-when-cross-origin\" allowfullscreen><\/iframe><\/p>\n","protected":false},"excerpt":{"rendered":"<p><strong><span style=\"color: #ff0000;\">16,00\u20ac<\/span> <span style=\"color: #999999;\">\/ 1kg<\/span><\/strong><br \/>\nPodaruj sobie klasyczne gruzi\u0144skie danie &#8211; chinkali od Multicook. Naturalne sk\u0142adniki i profesjonalni kucharze to klucz do pysznego lunchu lub kolacji! Zaoszcz\u0119dzimy czas i wysi\u0142ek!<\/p>\n","protected":false},"featured_media":33337,"comment_status":"open","ping_status":"closed","template":"","meta":[],"product_brand":[],"product_cat":[391],"product_tag":[],"class_list":{"0":"post-33336","1":"product","2":"type-product","3":"status-publish","4":"has-post-thumbnail","6":"product_cat-hinkali","8":"first","9":"instock","10":"taxable","11":"shipping-taxable","12":"purchasable","13":"product-type-simple"},"jetpack_sharing_enabled":true,"_links":{"self":[{"href":"https:\/\/multicook.shop\/pl\/wp-json\/wp\/v2\/product\/33336","targetHints":{"allow":["GET"]}}],"collection":[{"href":"https:\/\/multicook.shop\/pl\/wp-json\/wp\/v2\/product"}],"about":[{"href":"https:\/\/multicook.shop\/pl\/wp-json\/wp\/v2\/types\/product"}],"replies":[{"embeddable":true,"href":"https:\/\/multicook.shop\/pl\/wp-json\/wp\/v2\/comments?post=33336"}],"version-history":[{"count":0,"href":"https:\/\/multicook.shop\/pl\/wp-json\/wp\/v2\/product\/33336\/revisions"}],"wp:featuredmedia":[{"embeddable":true,"href":"https:\/\/multicook.shop\/pl\/wp-json\/wp\/v2\/media\/33337"}],"wp:attachment":[{"href":"https:\/\/multicook.shop\/pl\/wp-json\/wp\/v2\/media?parent=33336"}],"wp:term":[{"taxonomy":"product_brand","embeddable":true,"href":"https:\/\/multicook.shop\/pl\/wp-json\/wp\/v2\/product_brand?post=33336"},{"taxonomy":"product_cat","embeddable":true,"href":"https:\/\/multicook.shop\/pl\/wp-json\/wp\/v2\/product_cat?post=33336"},{"taxonomy":"product_tag","embeddable":true,"href":"https:\/\/multicook.shop\/pl\/wp-json\/wp\/v2\/product_tag?post=33336"}],"curies":[{"name":"wp","href":"https:\/\/api.w.org\/{rel}","templated":true}]}}