{"id":33359,"date":"2024-03-18T16:18:19","date_gmt":"2024-03-18T16:18:19","guid":{"rendered":"https:\/\/multicook.shop\/product\/nalesniki-szpinakowe-z-serkiem-smietankowym\/"},"modified":"2025-10-11T14:14:32","modified_gmt":"2025-10-11T14:14:32","slug":"nalesniki-szpinakowe-z-serkiem-smietankowym","status":"publish","type":"product","link":"https:\/\/multicook.shop\/pl\/produkt\/nalesniki-szpinakowe-z-serkiem-smietankowym\/","title":{"rendered":"NALE\u015aNIKI SZPINAKOWE Z SERKIEM \u015aMIETANKOWYM"},"content":{"rendered":"<p><strong>Nale\u015bniki szpinakowe z serkiem \u015bmietankowym<\/strong><\/p>\n<p><span style=\"color: #ff0000;\"><strong>Sk\u0142ad<\/strong><\/span><\/p>\n<p>Mleko krowie (30%), serek Philadelphia (33%), wysokogatunkowa m\u0105ka pszenna (14%), jaja kurze, szpinak (5%), mas\u0142o, woda pitna, cukier bia\u0142y krystaliczny, s\u00f3l.<\/p>\n<p><span style=\"color: #ff0000;\"><strong>Warto\u015b\u0107 energetyczna (kaloryczno\u015b\u0107) w 100g produktu:<\/strong><\/span><\/p>\n<p>236,89 kcal<\/p>\n<p><span style=\"color: #ff0000;\"><strong>Okres przydatno\u015bci do spo\u017cycia i warunki przechowywania:<\/strong><\/span><\/p>\n<p>Przy temperaturze nie wy\u017cszej ni\u017c \u2013 18\u00b0C. W okresie letnim zaleca si\u0119 przenoszenie w torbach termicznych.<\/p>\n<p><span style=\"color: #ff0000;\"><strong>Spos\u00f3b przygotowania:<\/strong><\/span><\/p>\n<p>Rozmrozi\u0107 nale\u015bniki w temperaturze pokojowej i sma\u017cy\u0107 na rozgrzanym oleju ro\u015blinnym (ma\u015ble) na ma\u0142ym ogniu, od czasu do czasu obracaj\u0105c. Ponowne zamra\u017canie jest zabronione.<\/p>\n<p><span style=\"color: #ff0000;\"><b>Informacje o warto\u015bci od\u017cywczej produktu na 100g:<\/b><\/span><\/p>\n<p>Bia\u0142ka &#8211; 5,06 g<\/p>\n<p>T\u0142uszcz &#8211; 15,88 g (w tym t\u0142uszcze nasycone &#8211; 8,67 g)<\/p>\n<p>W\u0119glowodany &#8211; 19,77 g (w tym cukry &#8211; 5,82 g)<\/p>\n<p>B\u0142onnik pokarmowy &#8211; 0,56 g<\/p>\n<p>S\u00f3l &#8211; 0,21 g<\/p>\n<p><iframe loading=\"lazy\" title=\"Spinach and cream cheese crepes\" width=\"500\" height=\"281\" src=\"https:\/\/www.youtube.com\/embed\/u5GHnIikCjs?feature=oembed\" frameborder=\"0\" allow=\"accelerometer; autoplay; clipboard-write; encrypted-media; gyroscope; picture-in-picture; web-share\" referrerpolicy=\"strict-origin-when-cross-origin\" allowfullscreen><\/iframe><\/p>\n","protected":false},"excerpt":{"rendered":"<p><strong><span style=\"color: #ff0000;\">15,00\u20ac<\/span> <span style=\"color: #999999;\">\/ 1kg<\/span><\/strong><br \/>\nP\u00f3\u0142produkty Multicook powstaj\u0105 z naturalnych sk\u0142adnik\u00f3w i przy wysokim profesjonalizmie kucharzy. Podgrzej nale\u015bniki ze szpinakiem i serkiem Philadelphia i ciesz si\u0119 ich smakiem.<\/p>\n","protected":false},"featured_media":33361,"comment_status":"open","ping_status":"closed","template":"","meta":[],"product_brand":[],"product_cat":[356],"product_tag":[],"class_list":{"0":"post-33359","1":"product","2":"type-product","3":"status-publish","4":"has-post-thumbnail","6":"product_cat-nalesniki","8":"first","9":"instock","10":"taxable","11":"shipping-taxable","12":"purchasable","13":"product-type-simple"},"jetpack_sharing_enabled":true,"_links":{"self":[{"href":"https:\/\/multicook.shop\/pl\/wp-json\/wp\/v2\/product\/33359","targetHints":{"allow":["GET"]}}],"collection":[{"href":"https:\/\/multicook.shop\/pl\/wp-json\/wp\/v2\/product"}],"about":[{"href":"https:\/\/multicook.shop\/pl\/wp-json\/wp\/v2\/types\/product"}],"replies":[{"embeddable":true,"href":"https:\/\/multicook.shop\/pl\/wp-json\/wp\/v2\/comments?post=33359"}],"version-history":[{"count":1,"href":"https:\/\/multicook.shop\/pl\/wp-json\/wp\/v2\/product\/33359\/revisions"}],"predecessor-version":[{"id":35329,"href":"https:\/\/multicook.shop\/pl\/wp-json\/wp\/v2\/product\/33359\/revisions\/35329"}],"wp:featuredmedia":[{"embeddable":true,"href":"https:\/\/multicook.shop\/pl\/wp-json\/wp\/v2\/media\/33361"}],"wp:attachment":[{"href":"https:\/\/multicook.shop\/pl\/wp-json\/wp\/v2\/media?parent=33359"}],"wp:term":[{"taxonomy":"product_brand","embeddable":true,"href":"https:\/\/multicook.shop\/pl\/wp-json\/wp\/v2\/product_brand?post=33359"},{"taxonomy":"product_cat","embeddable":true,"href":"https:\/\/multicook.shop\/pl\/wp-json\/wp\/v2\/product_cat?post=33359"},{"taxonomy":"product_tag","embeddable":true,"href":"https:\/\/multicook.shop\/pl\/wp-json\/wp\/v2\/product_tag?post=33359"}],"curies":[{"name":"wp","href":"https:\/\/api.w.org\/{rel}","templated":true}]}}