{"id":33364,"date":"2024-03-18T16:18:58","date_gmt":"2024-03-18T16:18:58","guid":{"rendered":"https:\/\/multicook.shop\/product\/benderiki-z-kurczakiem-i-serem\/"},"modified":"2024-03-18T16:18:58","modified_gmt":"2024-03-18T16:18:58","slug":"benderiki-z-kurczakiem-i-serem","status":"publish","type":"product","link":"https:\/\/multicook.shop\/pl\/produkt\/benderiki-z-kurczakiem-i-serem\/","title":{"rendered":"BENDERIKI Z KURCZAKIEM I SEREM"},"content":{"rendered":"<p><strong>Benderiki z kurczakiem i serem<\/strong><\/p>\n<p><span style=\"color: #ff0000;\"><strong>Sk\u0142ad<\/strong><\/span><\/p>\n<p>Mleko krowie (32%), filet z kurczaka (14%), cebula (14%), wysokogatunkowa m\u0105ka pszenna (13%), jaja kurze (10%), woda pitna, majonez, ser cheddar (3%), mas\u0142o, rafinowany olej s\u0142onecznikowy, \u015bwie\u017ce zio\u0142a, s\u00f3l, cukier bia\u0142y krystaliczny, pieprz czarny mielony.<\/p>\n<p><span style=\"color: #ff0000;\"><strong>Warto\u015b\u0107 energetyczna (kaloryczno\u015b\u0107) w 100g produktu:<\/strong><\/span><\/p>\n<p>217,5 kcal<\/p>\n<p><span style=\"color: #ff0000;\"><strong>Okres przydatno\u015bci do spo\u017cycia i warunki przechowywania:<\/strong><\/span><\/p>\n<p>Przy temperaturze nie wy\u017cszej ni\u017c \u2013 18\u00b0C. W okresie letnim zaleca si\u0119 przenoszenie w torbach termicznych. <\/p>\n<p><span style=\"color: #ff0000;\"><strong>Spos\u00f3b przygotowania:<\/strong><\/span><\/p>\n<p>Sma\u017cy\u0107 benderiki na rozgrzanym oleju s\u0142onecznikowym (ma\u015ble) na ma\u0142ym ogniu przez 2-3 minuty, odwr\u00f3ci\u0107, przykry\u0107 i gotowa\u0107 przez kolejne 5-7 minut. Nie mo\u017cna go ponownie zamrozi\u0107.<\/p>\n<p><span style=\"color: #ff0000;\"><b>Informacje o warto\u015bci od\u017cywczej produktu na 100g:<\/b><\/span><\/p>\n<p>Bia\u0142ka &#8211; 10,3 g<\/p>\n<p>T\u0142uszcz &#8211; 15,6 g (w tym t\u0142uszcze nasycone &#8211; 4,0 g)<\/p>\n<p>W\u0119glowodany &#8211; 17,0 g (w tym cukry &#8211; 4,8 g)<\/p>\n<p>B\u0142onnik pokarmowy &#8211; 0,7 g<\/p>\n<p>S\u00f3l &#8211; 0,7 g<\/p>\n<p><iframe loading=\"lazy\" title=\"\u0411\u0435\u043d\u0434\u0435\u0440\u0438\u043a\u0438 \u0432\u0456\u0434 Multi cook\" width=\"422\" height=\"750\" src=\"https:\/\/www.youtube.com\/embed\/vcXjC3UsxEE?feature=oembed\" frameborder=\"0\" allow=\"accelerometer; autoplay; clipboard-write; encrypted-media; gyroscope; picture-in-picture; web-share\" referrerpolicy=\"strict-origin-when-cross-origin\" allowfullscreen><\/iframe><\/p>\n","protected":false},"excerpt":{"rendered":"<p><strong><span style=\"color: #ff0000;\">15,00\u20ac<\/span> <span style=\"color: #999999;\">\/ 1kg<\/span><\/strong><br \/>\nGotowanie benderik\u00f3w z kurczakiem i serem Multicook na obiad lub kolacj\u0119 nie wymaga wiele czasu i wysi\u0142ku, ale zapewni Tobie i Twojej rodzinie kulinarn\u0105 uczt\u0119!<\/p>\n","protected":false},"featured_media":33365,"comment_status":"open","ping_status":"closed","template":"","meta":[],"product_brand":[],"product_cat":[379],"product_tag":[],"class_list":{"0":"post-33364","1":"product","2":"type-product","3":"status-publish","4":"has-post-thumbnail","6":"product_cat-benderiki-pl","8":"first","9":"instock","10":"taxable","11":"shipping-taxable","12":"purchasable","13":"product-type-simple"},"jetpack_sharing_enabled":true,"_links":{"self":[{"href":"https:\/\/multicook.shop\/pl\/wp-json\/wp\/v2\/product\/33364","targetHints":{"allow":["GET"]}}],"collection":[{"href":"https:\/\/multicook.shop\/pl\/wp-json\/wp\/v2\/product"}],"about":[{"href":"https:\/\/multicook.shop\/pl\/wp-json\/wp\/v2\/types\/product"}],"replies":[{"embeddable":true,"href":"https:\/\/multicook.shop\/pl\/wp-json\/wp\/v2\/comments?post=33364"}],"version-history":[{"count":0,"href":"https:\/\/multicook.shop\/pl\/wp-json\/wp\/v2\/product\/33364\/revisions"}],"wp:featuredmedia":[{"embeddable":true,"href":"https:\/\/multicook.shop\/pl\/wp-json\/wp\/v2\/media\/33365"}],"wp:attachment":[{"href":"https:\/\/multicook.shop\/pl\/wp-json\/wp\/v2\/media?parent=33364"}],"wp:term":[{"taxonomy":"product_brand","embeddable":true,"href":"https:\/\/multicook.shop\/pl\/wp-json\/wp\/v2\/product_brand?post=33364"},{"taxonomy":"product_cat","embeddable":true,"href":"https:\/\/multicook.shop\/pl\/wp-json\/wp\/v2\/product_cat?post=33364"},{"taxonomy":"product_tag","embeddable":true,"href":"https:\/\/multicook.shop\/pl\/wp-json\/wp\/v2\/product_tag?post=33364"}],"curies":[{"name":"wp","href":"https:\/\/api.w.org\/{rel}","templated":true}]}}