{"id":33380,"date":"2024-03-18T16:19:55","date_gmt":"2024-03-18T16:19:55","guid":{"rendered":"https:\/\/multicook.shop\/product\/zrazy-ziemniaczane-z-miesem\/"},"modified":"2024-03-18T16:19:55","modified_gmt":"2024-03-18T16:19:55","slug":"zrazy-ziemniaczane-z-miesem","status":"publish","type":"product","link":"https:\/\/multicook.shop\/pl\/produkt\/zrazy-ziemniaczane-z-miesem\/","title":{"rendered":"ZRAZY ZIEMNIACZANE Z MI\u0118SEM"},"content":{"rendered":"<p><strong>Ziemniaczane zrazy z mi\u0119sem<\/strong><\/p>\n<p><span style=\"color: #ff0000;\"><strong>Sk\u0142ad<\/strong><\/span><\/p>\n<p>Gotowane ziemniaki (75%), p\u00f3\u0142t\u0142usta wieprzowina (8%), wysokiej jako\u015bci m\u0105ka pszenna, sma\u017cona cebula, t\u0142uszcz wieprzowy, woda pitna, rafinowany olej s\u0142onecznikowy, jaja kurze, s\u00f3l, mielony czarny pieprz.<\/p>\n<p><span style=\"color: #ff0000;\"><strong>Warto\u015b\u0107 energetyczna (kaloryczno\u015b\u0107) w 100g produktu:<\/strong><\/span><\/p>\n<p>138,83 kcal<\/p>\n<p><span style=\"color: #ff0000;\"><strong>Okres przydatno\u015bci do spo\u017cycia i warunki przechowywania:<\/strong><\/span><\/p>\n<p>90 dni w temperaturze nieprzekraczaj\u0105cej -18\u00b0C. Latem zaleca si\u0119 noszenie go w torbach termicznych.<\/p>\n<p><span style=\"color: #ff0000;\"><strong>Spos\u00f3b przygotowania:<\/strong><\/span><\/p>\n<p>Sma\u017cy\u0107 zrazy ziemniaczane na rozgrzanym oleju ro\u015blinnym (ma\u015ble) na ma\u0142ym ogniu, od czasu do czasu obracaj\u0105c. Nie mo\u017cna go ponownie zamrozi\u0107.<\/p>\n<p><span style=\"color: #ff0000;\"><b>Informacje o warto\u015bci od\u017cywczej produktu na 100g:<\/b><\/span><\/p>\n<p>Bia\u0142ka &#8211; 9,45 g<\/p>\n<p>T\u0142uszcz &#8211; 2,9 g (w tym t\u0142uszcze nasycone &#8211; 0,83 g)<\/p>\n<p>W\u0119glowodany &#8211; 33,17 g (w tym cukry &#8211; 2,65 g)<\/p>\n<p>B\u0142onnik pokarmowy &#8211; 2,75 g<\/p>\n<p>S\u00f3l &#8211; 2,28 g<\/p>\n<p><iframe loading=\"lazy\" title=\"Potato zrazy with meat\" width=\"500\" height=\"281\" src=\"https:\/\/www.youtube.com\/embed\/eck8QI4CGLY?feature=oembed\" frameborder=\"0\" allow=\"accelerometer; autoplay; clipboard-write; encrypted-media; gyroscope; picture-in-picture; web-share\" referrerpolicy=\"strict-origin-when-cross-origin\" allowfullscreen><\/iframe><\/p>\n","protected":false},"excerpt":{"rendered":"<p><strong><span style=\"color: #ff0000;\">18,00\u20ac<\/span> <span style=\"color: #999999;\">\/ 1kg<\/span><\/strong><br \/>\nZrazy ziemniaczane Multicook&#8217;s z mi\u0119sem to idealna propozycja dla tych, kt\u00f3rzy ceni\u0105 sw\u00f3j czas! Przy tym jako\u015b\u0107 i smak na najwy\u017cszym poziomie!<\/p>\n","protected":false},"featured_media":33381,"comment_status":"open","ping_status":"closed","template":"","meta":[],"product_brand":[],"product_cat":[392],"product_tag":[],"class_list":{"0":"post-33380","1":"product","2":"type-product","3":"status-publish","4":"has-post-thumbnail","6":"product_cat-zrazy-i-nalesniki","8":"first","9":"instock","10":"taxable","11":"shipping-taxable","12":"purchasable","13":"product-type-simple"},"jetpack_sharing_enabled":true,"_links":{"self":[{"href":"https:\/\/multicook.shop\/pl\/wp-json\/wp\/v2\/product\/33380","targetHints":{"allow":["GET"]}}],"collection":[{"href":"https:\/\/multicook.shop\/pl\/wp-json\/wp\/v2\/product"}],"about":[{"href":"https:\/\/multicook.shop\/pl\/wp-json\/wp\/v2\/types\/product"}],"replies":[{"embeddable":true,"href":"https:\/\/multicook.shop\/pl\/wp-json\/wp\/v2\/comments?post=33380"}],"version-history":[{"count":0,"href":"https:\/\/multicook.shop\/pl\/wp-json\/wp\/v2\/product\/33380\/revisions"}],"wp:featuredmedia":[{"embeddable":true,"href":"https:\/\/multicook.shop\/pl\/wp-json\/wp\/v2\/media\/33381"}],"wp:attachment":[{"href":"https:\/\/multicook.shop\/pl\/wp-json\/wp\/v2\/media?parent=33380"}],"wp:term":[{"taxonomy":"product_brand","embeddable":true,"href":"https:\/\/multicook.shop\/pl\/wp-json\/wp\/v2\/product_brand?post=33380"},{"taxonomy":"product_cat","embeddable":true,"href":"https:\/\/multicook.shop\/pl\/wp-json\/wp\/v2\/product_cat?post=33380"},{"taxonomy":"product_tag","embeddable":true,"href":"https:\/\/multicook.shop\/pl\/wp-json\/wp\/v2\/product_tag?post=33380"}],"curies":[{"name":"wp","href":"https:\/\/api.w.org\/{rel}","templated":true}]}}