{"id":33382,"date":"2024-03-18T16:20:25","date_gmt":"2024-03-18T16:20:25","guid":{"rendered":"https:\/\/multicook.shop\/product\/ziemniaczane-zrazy-z-kapusta\/"},"modified":"2024-03-18T16:20:25","modified_gmt":"2024-03-18T16:20:25","slug":"ziemniaczane-zrazy-z-kapusta","status":"publish","type":"product","link":"https:\/\/multicook.shop\/pl\/produkt\/ziemniaczane-zrazy-z-kapusta\/","title":{"rendered":"ZIEMNIACZANE ZRAZY Z KAPUST\u0104"},"content":{"rendered":"<p><strong>Zrazy ziemniaczane z kapust\u0105<\/strong><\/p>\n<p><span style=\"color: #ff0000;\"><strong>Sk\u0142ad<\/strong><\/span><\/p>\n<p>Gotowane ziemniaki (71%), kapusta kiszona (15%), wysokogatunkowa m\u0105ka pszenna, jaja kurze, sma\u017cona cebula, marchew, rafinowany olej s\u0142onecznikowy, cukier bia\u0142y krystaliczny, s\u00f3l, pieprz czarny mielony.<\/p>\n<p><span style=\"color: #ff0000;\"><strong>Warto\u015b\u0107 energetyczna (kaloryczno\u015b\u0107) w 100g produktu:<\/strong><\/span><\/p>\n<p>163,12 kcal<\/p>\n<p><span style=\"color: #ff0000;\"><strong>Okres przydatno\u015bci do spo\u017cycia i warunki przechowywania:<\/strong><\/span><\/p>\n<p>90 dni w temperaturze nieprzekraczaj\u0105cej -18\u00b0C. Latem zaleca si\u0119 noszenie go w torbach termicznych.<\/p>\n<p><span style=\"color: #ff0000;\"><strong>Spos\u00f3b przygotowania:<\/strong><\/span><\/p>\n<p>Sma\u017cy\u0107 zrazy ziemniaczane na rozgrzanym oleju ro\u015blinnym (ma\u015ble) na ma\u0142ym ogniu, od czasu do czasu obracaj\u0105c. Nie mo\u017cna go ponownie zamrozi\u0107.<\/p>\n<p><span style=\"color: #ff0000;\"><b>Informacje o warto\u015bci od\u017cywczej produktu na 100g:<\/b><\/span><\/p>\n<p>Bia\u0142ka &#8211; 4,33 g<\/p>\n<p>T\u0142uszcz &#8211; 2,71 g (w tym t\u0142uszcze nasycone &#8211; 0,33 g)<\/p>\n<p>W\u0119glowodany &#8211; 38,58 g (w tym cukry &#8211; 7,47 g)<\/p>\n<p>B\u0142onnik pokarmowy &#8211; 3,94 g<\/p>\n<p>S\u00f3l &#8211; 1,36 g<\/p>\n<p><iframe loading=\"lazy\" title=\"Potato zrazy with cabbage\" width=\"500\" height=\"281\" src=\"https:\/\/www.youtube.com\/embed\/ReFbDAp1XrA?feature=oembed\" frameborder=\"0\" allow=\"accelerometer; autoplay; clipboard-write; encrypted-media; gyroscope; picture-in-picture; web-share\" referrerpolicy=\"strict-origin-when-cross-origin\" allowfullscreen><\/iframe><\/p>\n","protected":false},"excerpt":{"rendered":"<p><strong><span style=\"color: #ff0000;\">17,00\u20ac<\/span> <span style=\"color: #999999;\">\/ 1kg<\/span><\/strong><br \/>\nP\u00f3\u0142produkty Multicook prze\u0142amuj\u0105 stereotypy! Wysokiej jako\u015bci sk\u0142adniki i niesamowity smak pr\u00f3bek ziemniak\u00f3w z kapust\u0105 pozwol\u0105 Ci zaoszcz\u0119dzi\u0107 czas i cieszy\u0107 si\u0119 prawdziwym domowym gotowaniem. <\/p>\n","protected":false},"featured_media":33383,"comment_status":"open","ping_status":"closed","template":"","meta":[],"product_brand":[],"product_cat":[392],"product_tag":[],"class_list":{"0":"post-33382","1":"product","2":"type-product","3":"status-publish","4":"has-post-thumbnail","6":"product_cat-zrazy-i-nalesniki","8":"first","9":"instock","10":"taxable","11":"shipping-taxable","12":"purchasable","13":"product-type-simple"},"jetpack_sharing_enabled":true,"_links":{"self":[{"href":"https:\/\/multicook.shop\/pl\/wp-json\/wp\/v2\/product\/33382","targetHints":{"allow":["GET"]}}],"collection":[{"href":"https:\/\/multicook.shop\/pl\/wp-json\/wp\/v2\/product"}],"about":[{"href":"https:\/\/multicook.shop\/pl\/wp-json\/wp\/v2\/types\/product"}],"replies":[{"embeddable":true,"href":"https:\/\/multicook.shop\/pl\/wp-json\/wp\/v2\/comments?post=33382"}],"version-history":[{"count":0,"href":"https:\/\/multicook.shop\/pl\/wp-json\/wp\/v2\/product\/33382\/revisions"}],"wp:featuredmedia":[{"embeddable":true,"href":"https:\/\/multicook.shop\/pl\/wp-json\/wp\/v2\/media\/33383"}],"wp:attachment":[{"href":"https:\/\/multicook.shop\/pl\/wp-json\/wp\/v2\/media?parent=33382"}],"wp:term":[{"taxonomy":"product_brand","embeddable":true,"href":"https:\/\/multicook.shop\/pl\/wp-json\/wp\/v2\/product_brand?post=33382"},{"taxonomy":"product_cat","embeddable":true,"href":"https:\/\/multicook.shop\/pl\/wp-json\/wp\/v2\/product_cat?post=33382"},{"taxonomy":"product_tag","embeddable":true,"href":"https:\/\/multicook.shop\/pl\/wp-json\/wp\/v2\/product_tag?post=33382"}],"curies":[{"name":"wp","href":"https:\/\/api.w.org\/{rel}","templated":true}]}}