{"id":33386,"date":"2024-03-18T16:20:33","date_gmt":"2024-03-18T16:20:33","guid":{"rendered":"https:\/\/multicook.shop\/product\/golabki-z-cielecina-i-wolowina\/"},"modified":"2024-03-18T16:20:33","modified_gmt":"2024-03-18T16:20:33","slug":"golabki-z-cielecina-i-wolowina","status":"publish","type":"product","link":"https:\/\/multicook.shop\/pl\/produkt\/golabki-z-cielecina-i-wolowina\/","title":{"rendered":"GO\u0141\u0104BKI Z CIEL\u0118CIN\u0104 I WO\u0141OWIN\u0104"},"content":{"rendered":"<p><strong>Go\u0142\u0105bki z ciel\u0119cin\u0105 i wo\u0142owin\u0105<\/strong><\/p>\n<p><span style=\"color: #ff0000;\"><strong>Sk\u0142ad<\/strong><\/span><\/p>\n<p>Gotowana bia\u0142a kapusta (34%), gotowane p\u0142atki ry\u017cowe (18%), sma\u017cona cebula (15%), sma\u017cona marchew (11%), chuda wo\u0142owina premium (10%), chuda ciel\u0119cina premium (7%), woda pitna, ocet sto\u0142owy, rafinowany olej s\u0142onecznikowy, s\u00f3l, mielony czarny pieprz.<\/p>\n<p><span style=\"color: #ff0000;\"><strong>Warto\u015b\u0107 energetyczna (kaloryczno\u015b\u0107) w 100g produktu:<\/strong><\/span><\/p>\n<p>202,58 kcal<\/p>\n<p><span style=\"color: #ff0000;\"><strong>Okres przydatno\u015bci do spo\u017cycia i warunki przechowywania:<\/strong><\/span><\/p>\n<p>Przy temperaturze nie wy\u017cszej ni\u017c \u2013 18\u00b0C. W okresie letnim zaleca si\u0119 przenoszenie w torbach termicznych. <\/p>\n<p><span style=\"color: #ff0000;\"><strong>Spos\u00f3b przygotowania:<\/strong><\/span><\/p>\n<p>W\u0142o\u017cy\u0107 zamro\u017cone go\u0142\u0105bki do rondla. Przygotowa\u0107 sos z marchwi, cebuli, \u015bmietany i koncentratu pomidorowego. Wla\u0107 wod\u0119, aby przykry\u0142a wierzch go\u0142\u0105bk\u00f3w i gotowa\u0107 na wolnym ogniu przez 40 minut latem i 2 godziny zim\u0105.    Ponowne zamra\u017canie jest zabronione.<\/p>\n<p><span style=\"color: #ff0000;\"><b>Informacje o warto\u015bci od\u017cywczej produktu na 100g:<\/b><\/span><\/p>\n<p>Bia\u0142ka &#8211; 32,93 g<\/p>\n<p>T\u0142uszcz &#8211; 20,67 g (w tym t\u0142uszcze nasycone &#8211; 5,77 g)<\/p>\n<p>W\u0119glowodany &#8211; 37,43 g (w tym cukry &#8211; 28,86 g)<\/p>\n<p>B\u0142onnik pokarmowy &#8211; 5,86 g<\/p>\n<p>S\u00f3l &#8211; 1,81 g<\/p>\n<p><iframe loading=\"lazy\" title=\"Cabbage rolls\" width=\"500\" height=\"281\" src=\"https:\/\/www.youtube.com\/embed\/32SZQMsgvGU?feature=oembed\" frameborder=\"0\" allow=\"accelerometer; autoplay; clipboard-write; encrypted-media; gyroscope; picture-in-picture; web-share\" referrerpolicy=\"strict-origin-when-cross-origin\" allowfullscreen><\/iframe><\/p>\n","protected":false},"excerpt":{"rendered":"<p>P\u00f3\u0142produkty Multicook oferuj\u0105 szerok\u0105 gam\u0119 wysokiej jako\u015bci i pysznych produkt\u00f3w. Teraz nie musisz wk\u0142ada\u0107 wiele wysi\u0142ku w przygotowanie go\u0142\u0105bk\u00f3w ciel\u0119cych i wo\u0142owych. Doce\u0144 sw\u00f3j czas!  <\/p>\n","protected":false},"featured_media":33388,"comment_status":"open","ping_status":"closed","template":"","meta":[],"product_brand":[],"product_cat":[358],"product_tag":[],"class_list":{"0":"post-33386","1":"product","2":"type-product","3":"status-publish","4":"has-post-thumbnail","6":"product_cat-golabki-i-papryka","8":"first","9":"instock","10":"taxable","11":"shipping-taxable","12":"purchasable","13":"product-type-simple"},"jetpack_sharing_enabled":true,"_links":{"self":[{"href":"https:\/\/multicook.shop\/pl\/wp-json\/wp\/v2\/product\/33386","targetHints":{"allow":["GET"]}}],"collection":[{"href":"https:\/\/multicook.shop\/pl\/wp-json\/wp\/v2\/product"}],"about":[{"href":"https:\/\/multicook.shop\/pl\/wp-json\/wp\/v2\/types\/product"}],"replies":[{"embeddable":true,"href":"https:\/\/multicook.shop\/pl\/wp-json\/wp\/v2\/comments?post=33386"}],"version-history":[{"count":0,"href":"https:\/\/multicook.shop\/pl\/wp-json\/wp\/v2\/product\/33386\/revisions"}],"wp:featuredmedia":[{"embeddable":true,"href":"https:\/\/multicook.shop\/pl\/wp-json\/wp\/v2\/media\/33388"}],"wp:attachment":[{"href":"https:\/\/multicook.shop\/pl\/wp-json\/wp\/v2\/media?parent=33386"}],"wp:term":[{"taxonomy":"product_brand","embeddable":true,"href":"https:\/\/multicook.shop\/pl\/wp-json\/wp\/v2\/product_brand?post=33386"},{"taxonomy":"product_cat","embeddable":true,"href":"https:\/\/multicook.shop\/pl\/wp-json\/wp\/v2\/product_cat?post=33386"},{"taxonomy":"product_tag","embeddable":true,"href":"https:\/\/multicook.shop\/pl\/wp-json\/wp\/v2\/product_tag?post=33386"}],"curies":[{"name":"wp","href":"https:\/\/api.w.org\/{rel}","templated":true}]}}