{"id":33463,"date":"2024-08-09T11:40:17","date_gmt":"2024-08-09T11:40:17","guid":{"rendered":"https:\/\/multicook.shop\/product\/rolki-filadelfia-270g\/"},"modified":"2024-08-09T11:40:17","modified_gmt":"2024-08-09T11:40:17","slug":"rolki-filadelfia-270g","status":"publish","type":"product","link":"https:\/\/multicook.shop\/pl\/produkt\/rolki-filadelfia-270g\/","title":{"rendered":"ROLKI &#8222;FILADELFIA&#8221; 270g"},"content":{"rendered":"<p><strong>Rolki &#8222;Filadelfia&#8221; 270g<\/strong><\/p>\n<p><span style=\"color: #ff0000;\"><strong>Sk\u0142ad:<\/strong><\/span><br \/>\n&#8211; Ser \u015bmietankowy<br \/>\n&#8211; \u0141oso\u015b<br \/>\n&#8211; Og\u00f3rek<br \/>\n&#8211; Teriyaki<br \/>\n&#8211; Furikake<\/p>\n","protected":false},"excerpt":{"rendered":"<p>Rolki &#8222;Filadelfia&#8221; 270g Sk\u0142ad: &#8211; Ser \u015bmietankowy &#8211; \u0141oso\u015b &#8211; Og\u00f3rek &#8211; Teriyaki &#8211; Furikake<\/p>\n","protected":false},"featured_media":33466,"comment_status":"open","ping_status":"closed","template":"","meta":[],"product_brand":[],"product_cat":[382],"product_tag":[],"class_list":{"0":"post-33463","1":"product","2":"type-product","3":"status-publish","4":"has-post-thumbnail","6":"product_cat-sushi-rolki","8":"first","9":"instock","10":"taxable","11":"shipping-taxable","12":"purchasable","13":"product-type-simple"},"jetpack_sharing_enabled":true,"_links":{"self":[{"href":"https:\/\/multicook.shop\/pl\/wp-json\/wp\/v2\/product\/33463","targetHints":{"allow":["GET"]}}],"collection":[{"href":"https:\/\/multicook.shop\/pl\/wp-json\/wp\/v2\/product"}],"about":[{"href":"https:\/\/multicook.shop\/pl\/wp-json\/wp\/v2\/types\/product"}],"replies":[{"embeddable":true,"href":"https:\/\/multicook.shop\/pl\/wp-json\/wp\/v2\/comments?post=33463"}],"version-history":[{"count":0,"href":"https:\/\/multicook.shop\/pl\/wp-json\/wp\/v2\/product\/33463\/revisions"}],"wp:featuredmedia":[{"embeddable":true,"href":"https:\/\/multicook.shop\/pl\/wp-json\/wp\/v2\/media\/33466"}],"wp:attachment":[{"href":"https:\/\/multicook.shop\/pl\/wp-json\/wp\/v2\/media?parent=33463"}],"wp:term":[{"taxonomy":"product_brand","embeddable":true,"href":"https:\/\/multicook.shop\/pl\/wp-json\/wp\/v2\/product_brand?post=33463"},{"taxonomy":"product_cat","embeddable":true,"href":"https:\/\/multicook.shop\/pl\/wp-json\/wp\/v2\/product_cat?post=33463"},{"taxonomy":"product_tag","embeddable":true,"href":"https:\/\/multicook.shop\/pl\/wp-json\/wp\/v2\/product_tag?post=33463"}],"curies":[{"name":"wp","href":"https:\/\/api.w.org\/{rel}","templated":true}]}}