{"id":33474,"date":"2024-03-18T16:14:35","date_gmt":"2024-03-18T16:14:35","guid":{"rendered":"https:\/\/multicook.shop\/product\/pierogi-z-solonym-serem\/"},"modified":"2024-03-18T16:14:35","modified_gmt":"2024-03-18T16:14:35","slug":"pierogi-z-solonym-serem","status":"publish","type":"product","link":"https:\/\/multicook.shop\/pl\/produkt\/pierogi-z-solonym-serem\/","title":{"rendered":"PIEROGI Z SOLONYM SEREM"},"content":{"rendered":"<p><strong>Pierogi z solonym serem<\/strong><\/p>\n<p><span style=\"color: #ff0000;\"><strong>Sk\u0142ad<\/strong><\/span><\/p>\n<p>Twar\u00f3g (43%), m\u0105ka pszenna wy\u017cszej jako\u015bci (34%), woda pitna, jaja kurze, \u015bwie\u017ce zio\u0142a, s\u00f3l kuchenna, rafinowany olej s\u0142onecznikowy.<\/p>\n<p><span style=\"color: #ff0000;\"><strong>Warto\u015b\u0107 energetyczna (kaloryczno\u015b\u0107) w 100g produktu:<\/strong><\/span><\/p>\n<p>181,4 kcal<\/p>\n<p><span style=\"color: #ff0000;\"><strong>Okres przydatno\u015bci do spo\u017cycia i warunki przechowywania:<\/strong><\/span><\/p>\n<p>W temperaturze nie wy\u017cszej ni\u017c \u2013 18\u00b0C. W okresie letnim zaleca si\u0119 przenoszenie w termicznych torbach.<\/p>\n<p><span style=\"color: #ff0000;\"><strong>Spos\u00f3b przygotowania:<\/strong><\/span><\/p>\n<p>Zamro\u017cone pierogi wrzuci\u0107 do gotuj\u0105cej si\u0119 solonej wody. Mieszaj\u0105c, doprowadzi\u0107 do wrzenia i gotowa\u0107 4-6 minut. Ugotowane pierogi wyj\u0105\u0107 z wody i doprawi\u0107 do smaku (mas\u0142em, \u015bmietan\u0105). Ponowne zamra\u017canie jest zabronione.<\/p>\n<p><span style=\"color: #ff0000;\"><b>Informacje o warto\u015bci od\u017cywczej produktu na 100g:<\/b><\/span><\/p>\n<p>Bia\u0142ko &#8211; 10,74 g<\/p>\n<p>T\u0142uszcze &#8211; 5,0 g (w tym nasycone &#8211; 2,65 g)<\/p>\n<p>W\u0119glowodany &#8211; 24,99 g (w tym cukr\u00f3w &#8211; 0,14 g)<\/p>\n<p>B\u0142onnik pokarmowy &#8211; 0,85 g<\/p>\n<p>S\u00f3l &#8211; 0,8 g<\/p>\n<p><iframe loading=\"lazy\" title=\"Varenyky (dumplings)\" width=\"500\" height=\"281\" src=\"https:\/\/www.youtube.com\/embed\/3mDnY6IDpUg?feature=oembed\" frameborder=\"0\" allow=\"accelerometer; autoplay; clipboard-write; encrypted-media; gyroscope; picture-in-picture; web-share\" referrerpolicy=\"strict-origin-when-cross-origin\" allowfullscreen><\/iframe><\/p>\n","protected":false},"excerpt":{"rendered":"<p><strong><span style=\"color: #ff0000;\">16,00\u20ac<\/span> <span style=\"color: #999999;\">\/ 1\u043a\u0433<\/span><\/strong><br \/>\nPierogi z solonym serem od Multicook \u2013 idealna opcja dla tych, kt\u00f3rzy ceni\u0105 sw\u00f3j czas! Przy tym jako\u015b\u0107 i smak na najwy\u017cszym poziomie!<\/p>\n","protected":false},"featured_media":33476,"comment_status":"open","ping_status":"closed","template":"","meta":[],"product_brand":[],"product_cat":[352],"product_tag":[],"class_list":{"0":"post-33474","1":"product","2":"type-product","3":"status-publish","4":"has-post-thumbnail","6":"product_cat-pierogi","8":"first","9":"instock","10":"taxable","11":"shipping-taxable","12":"purchasable","13":"product-type-simple"},"jetpack_sharing_enabled":true,"_links":{"self":[{"href":"https:\/\/multicook.shop\/pl\/wp-json\/wp\/v2\/product\/33474","targetHints":{"allow":["GET"]}}],"collection":[{"href":"https:\/\/multicook.shop\/pl\/wp-json\/wp\/v2\/product"}],"about":[{"href":"https:\/\/multicook.shop\/pl\/wp-json\/wp\/v2\/types\/product"}],"replies":[{"embeddable":true,"href":"https:\/\/multicook.shop\/pl\/wp-json\/wp\/v2\/comments?post=33474"}],"version-history":[{"count":0,"href":"https:\/\/multicook.shop\/pl\/wp-json\/wp\/v2\/product\/33474\/revisions"}],"wp:featuredmedia":[{"embeddable":true,"href":"https:\/\/multicook.shop\/pl\/wp-json\/wp\/v2\/media\/33476"}],"wp:attachment":[{"href":"https:\/\/multicook.shop\/pl\/wp-json\/wp\/v2\/media?parent=33474"}],"wp:term":[{"taxonomy":"product_brand","embeddable":true,"href":"https:\/\/multicook.shop\/pl\/wp-json\/wp\/v2\/product_brand?post=33474"},{"taxonomy":"product_cat","embeddable":true,"href":"https:\/\/multicook.shop\/pl\/wp-json\/wp\/v2\/product_cat?post=33474"},{"taxonomy":"product_tag","embeddable":true,"href":"https:\/\/multicook.shop\/pl\/wp-json\/wp\/v2\/product_tag?post=33474"}],"curies":[{"name":"wp","href":"https:\/\/api.w.org\/{rel}","templated":true}]}}