{"id":33475,"date":"2024-08-09T11:13:59","date_gmt":"2024-08-09T11:13:59","guid":{"rendered":"https:\/\/multicook.shop\/product\/rolki-opalany-losos-z-mango-i-awokado-280g\/"},"modified":"2024-08-09T11:13:59","modified_gmt":"2024-08-09T11:13:59","slug":"rolki-opalany-losos-z-mango-i-awokado-280g","status":"publish","type":"product","link":"https:\/\/multicook.shop\/pl\/produkt\/rolki-opalany-losos-z-mango-i-awokado-280g\/","title":{"rendered":"ROLKI &#8222;OPALANY \u0141OSO\u015a Z MANGO I AWOKADO&#8221; 280g"},"content":{"rendered":"<p><strong>Rolki &#8222;Opalany \u0142oso\u015b z mango i awokado&#8221; 280g<\/strong><\/p>\n<p><span style=\"color: #ff0000;\"><strong>Sk\u0142ad:<\/strong><\/span><br \/>\n&#8211; \u0141oso\u015b<br \/>\n&#8211; Glazura<br \/>\n&#8211; Mango<br \/>\n&#8211; Awokado<br \/>\n&#8211; Kremeta<br \/>\n&#8211; Mango chili<br \/>\n&#8211; Glazura tsume<\/p>\n","protected":false},"excerpt":{"rendered":"<p>Rolki &#8222;Opalany \u0142oso\u015b z mango i awokado&#8221; 280g Sk\u0142ad: &#8211; \u0141oso\u015b &#8211; Glazura &#8211; Mango &#8211; Awokado &#8211; Kremeta &#8211;<\/p>\n","protected":false},"featured_media":33479,"comment_status":"open","ping_status":"closed","template":"","meta":[],"product_brand":[],"product_cat":[382],"product_tag":[],"class_list":{"0":"post-33475","1":"product","2":"type-product","3":"status-publish","4":"has-post-thumbnail","6":"product_cat-sushi-rolki","8":"first","9":"instock","10":"taxable","11":"shipping-taxable","12":"purchasable","13":"product-type-simple"},"jetpack_sharing_enabled":true,"_links":{"self":[{"href":"https:\/\/multicook.shop\/pl\/wp-json\/wp\/v2\/product\/33475","targetHints":{"allow":["GET"]}}],"collection":[{"href":"https:\/\/multicook.shop\/pl\/wp-json\/wp\/v2\/product"}],"about":[{"href":"https:\/\/multicook.shop\/pl\/wp-json\/wp\/v2\/types\/product"}],"replies":[{"embeddable":true,"href":"https:\/\/multicook.shop\/pl\/wp-json\/wp\/v2\/comments?post=33475"}],"version-history":[{"count":0,"href":"https:\/\/multicook.shop\/pl\/wp-json\/wp\/v2\/product\/33475\/revisions"}],"wp:featuredmedia":[{"embeddable":true,"href":"https:\/\/multicook.shop\/pl\/wp-json\/wp\/v2\/media\/33479"}],"wp:attachment":[{"href":"https:\/\/multicook.shop\/pl\/wp-json\/wp\/v2\/media?parent=33475"}],"wp:term":[{"taxonomy":"product_brand","embeddable":true,"href":"https:\/\/multicook.shop\/pl\/wp-json\/wp\/v2\/product_brand?post=33475"},{"taxonomy":"product_cat","embeddable":true,"href":"https:\/\/multicook.shop\/pl\/wp-json\/wp\/v2\/product_cat?post=33475"},{"taxonomy":"product_tag","embeddable":true,"href":"https:\/\/multicook.shop\/pl\/wp-json\/wp\/v2\/product_tag?post=33475"}],"curies":[{"name":"wp","href":"https:\/\/api.w.org\/{rel}","templated":true}]}}