{"id":33518,"date":"2024-03-18T16:19:42","date_gmt":"2024-03-18T16:19:42","guid":{"rendered":"https:\/\/multicook.shop\/product\/papryka-faszerowana-miesem\/"},"modified":"2024-03-18T16:19:42","modified_gmt":"2024-03-18T16:19:42","slug":"papryka-faszerowana-miesem","status":"publish","type":"product","link":"https:\/\/multicook.shop\/pl\/produkt\/papryka-faszerowana-miesem\/","title":{"rendered":"PAPRYKA FASZEROWANA MI\u0118SEM"},"content":{"rendered":"<p><strong>Papryka faszerowana mi\u0119sem<\/strong><\/p>\n<p><span style=\"color: #ff0000;\"><strong>Sk\u0142ad<\/strong><\/span><\/p>\n<p>Papryka (33%), gotowane p\u0142atki ry\u017cowe (20%), sma\u017cona cebula (17%), chuda p\u00f3\u0142t\u0142usta wieprzowina (16%), sma\u017cona marchew, woda pitna, rafinowany olej s\u0142onecznikowy, s\u00f3l, mielony czarny pieprz.<\/p>\n<p><span style=\"color: #ff0000;\"><strong>Warto\u015b\u0107 energetyczna (kaloryczno\u015b\u0107) w 100g produktu:<\/strong><\/span><\/p>\n<p>361,16 kcal<\/p>\n<p><span style=\"color: #ff0000;\"><strong>Okres przydatno\u015bci do spo\u017cycia i warunki przechowywania:<\/strong><\/span><\/p>\n<p>90 dni w temperaturze nieprzekraczaj\u0105cej -18\u00b0C. Latem zaleca si\u0119 noszenie go w torbach termicznych.<\/p>\n<p><span style=\"color: #ff0000;\"><strong>Spos\u00f3b przygotowania:<\/strong><\/span><\/p>\n<p>Umie\u015b\u0107 mro\u017con\u0105 papryk\u0119 w rondlu. Doda\u0107 marchewk\u0119, cebul\u0119, \u015bmietan\u0119 i koncentrat pomidorowy. Zala\u0107 wod\u0105 do przykrycia papryki i gotowa\u0107 na wolnym ogniu przez 40 minut latem i 2 godziny zim\u0105.    Nie mo\u017cna go ponownie zamrozi\u0107.<\/p>\n<p><span style=\"color: #ff0000;\"><b>Informacje o warto\u015bci od\u017cywczej produktu na 100g:<\/b><\/span><\/p>\n<p>Bia\u0142ka &#8211; 15,98 g<\/p>\n<p>T\u0142uszcz &#8211; 17,67 g (w tym t\u0142uszcze nasycone &#8211; 4,07 g)<\/p>\n<p>W\u0119glowodany &#8211; 34,89 g (w tym cukry &#8211; 8,08 g)<\/p>\n<p>B\u0142onnik pokarmowy &#8211; 4,33 g<\/p>\n<p>S\u00f3l &#8211; 1,83 g<\/p>\n<p><iframe loading=\"lazy\" title=\"Stuffed peppers\" width=\"500\" height=\"281\" src=\"https:\/\/www.youtube.com\/embed\/mgMGVpKlA6g?feature=oembed\" frameborder=\"0\" allow=\"accelerometer; autoplay; clipboard-write; encrypted-media; gyroscope; picture-in-picture; web-share\" referrerpolicy=\"strict-origin-when-cross-origin\" allowfullscreen><\/iframe><\/p>\n","protected":false},"excerpt":{"rendered":"<p>P\u00f3\u0142produkty Multicook prze\u0142amuj\u0105 stereotypy! Wysokiej jako\u015bci sk\u0142adniki i niesamowity smak faszerowanej papryki z mi\u0119sem pozwol\u0105 Ci zaoszcz\u0119dzi\u0107 czas i cieszy\u0107 si\u0119 prawdziwym domowym gotowaniem. <\/p>\n","protected":false},"featured_media":33520,"comment_status":"open","ping_status":"closed","template":"","meta":[],"product_brand":[],"product_cat":[358],"product_tag":[],"class_list":{"0":"post-33518","1":"product","2":"type-product","3":"status-publish","4":"has-post-thumbnail","6":"product_cat-golabki-i-papryka","8":"first","9":"instock","10":"taxable","11":"shipping-taxable","12":"purchasable","13":"product-type-simple"},"jetpack_sharing_enabled":true,"_links":{"self":[{"href":"https:\/\/multicook.shop\/pl\/wp-json\/wp\/v2\/product\/33518","targetHints":{"allow":["GET"]}}],"collection":[{"href":"https:\/\/multicook.shop\/pl\/wp-json\/wp\/v2\/product"}],"about":[{"href":"https:\/\/multicook.shop\/pl\/wp-json\/wp\/v2\/types\/product"}],"replies":[{"embeddable":true,"href":"https:\/\/multicook.shop\/pl\/wp-json\/wp\/v2\/comments?post=33518"}],"version-history":[{"count":0,"href":"https:\/\/multicook.shop\/pl\/wp-json\/wp\/v2\/product\/33518\/revisions"}],"wp:featuredmedia":[{"embeddable":true,"href":"https:\/\/multicook.shop\/pl\/wp-json\/wp\/v2\/media\/33520"}],"wp:attachment":[{"href":"https:\/\/multicook.shop\/pl\/wp-json\/wp\/v2\/media?parent=33518"}],"wp:term":[{"taxonomy":"product_brand","embeddable":true,"href":"https:\/\/multicook.shop\/pl\/wp-json\/wp\/v2\/product_brand?post=33518"},{"taxonomy":"product_cat","embeddable":true,"href":"https:\/\/multicook.shop\/pl\/wp-json\/wp\/v2\/product_cat?post=33518"},{"taxonomy":"product_tag","embeddable":true,"href":"https:\/\/multicook.shop\/pl\/wp-json\/wp\/v2\/product_tag?post=33518"}],"curies":[{"name":"wp","href":"https:\/\/api.w.org\/{rel}","templated":true}]}}