{"id":33540,"date":"2024-03-18T16:19:13","date_gmt":"2024-03-18T16:19:13","guid":{"rendered":"https:\/\/multicook.shop\/product\/kotlety-z-indyka\/"},"modified":"2024-03-18T16:19:13","modified_gmt":"2024-03-18T16:19:13","slug":"kotlety-z-indyka","status":"publish","type":"product","link":"https:\/\/multicook.shop\/pl\/produkt\/kotlety-z-indyka\/","title":{"rendered":"KOTLETY Z INDYKA"},"content":{"rendered":"<p><strong>Kotlety z indyka<\/strong><\/p>\n<p><span style=\"color: #ff0000;\"><strong>Sk\u0142ad<\/strong><\/span><\/p>\n<p>Mi\u0119so z indyka (74%), cebula, bochenek pszenny, kasza kukurydziana, jaja kurze, s\u00f3l, pieprz czarny mielony.<\/p>\n<p><span style=\"color: #ff0000;\"><strong>Warto\u015b\u0107 energetyczna (kaloryczno\u015b\u0107) w 100g produktu:<\/strong><\/span><\/p>\n<p>170,5 kcal<\/p>\n<p><span style=\"color: #ff0000;\"><strong>Okres przydatno\u015bci do spo\u017cycia i warunki przechowywania:<\/strong><\/span><\/p>\n<p>90 dni w temperaturze nieprzekraczaj\u0105cej -18\u00b0C. Latem zaleca si\u0119 noszenie go w torbach termicznych.<\/p>\n<p><span style=\"color: #ff0000;\"><strong>Spos\u00f3b przygotowania:<\/strong><\/span><\/p>\n<p>Sma\u017cy\u0107 zamro\u017cone kotlety na oleju ro\u015blinnym (ma\u015ble) na rozgrzanej patelni (pod przykryciem) na ma\u0142ym ogniu, od czasu do czasu obracaj\u0105c, lub w\u0142o\u017cy\u0107 do rozgrzanego do 180\u00b0C piekarnika i piec przez oko\u0142o 20 minut. Nie mo\u017cna go ponownie zamrozi\u0107.<\/p>\n<p><span style=\"color: #ff0000;\"><b>Informacje o warto\u015bci od\u017cywczej produktu na 100g:<\/b><\/span><\/p>\n<p>Bia\u0142ka &#8211; 12,7 g<\/p>\n<p>T\u0142uszcz &#8211; 6,42 g (w tym t\u0142uszcze nasycone &#8211; 0,14 g)<\/p>\n<p>W\u0119glowodany &#8211; 15,02 g (w tym cukry &#8211; 0,97 g)<\/p>\n<p>B\u0142onnik pokarmowy &#8211; 1,15 g<\/p>\n<p>S\u00f3l &#8211; 0,65 g<\/p>\n<p><iframe loading=\"lazy\" title=\"Turkey cutlet\" width=\"500\" height=\"281\" src=\"https:\/\/www.youtube.com\/embed\/NsF2gpCl-7k?feature=oembed\" frameborder=\"0\" allow=\"accelerometer; autoplay; clipboard-write; encrypted-media; gyroscope; picture-in-picture; web-share\" referrerpolicy=\"strict-origin-when-cross-origin\" allowfullscreen><\/iframe><\/p>\n","protected":false},"excerpt":{"rendered":"<p><strong><span style=\"color: #ff0000;\">16,00\u20ac<\/span> <span style=\"color: #999999;\">\/ 1kg<\/span><\/strong><br \/>\nGdy potrzebujesz szybkiego, ale obfitego i smacznego posi\u0142ku, p\u00f3\u0142produkty Multicook przyjd\u0105 na ratunek. Nie zastanawiaj si\u0119, co ugotowa\u0107, po prostu podgrzej kotlety z indyka!<\/p>\n","protected":false},"featured_media":33542,"comment_status":"open","ping_status":"closed","template":"","meta":[],"product_brand":[],"product_cat":[370],"product_tag":[],"class_list":{"0":"post-33540","1":"product","2":"type-product","3":"status-publish","4":"has-post-thumbnail","6":"product_cat-kotlety-pl","8":"first","9":"instock","10":"taxable","11":"shipping-taxable","12":"purchasable","13":"product-type-simple"},"jetpack_sharing_enabled":true,"_links":{"self":[{"href":"https:\/\/multicook.shop\/pl\/wp-json\/wp\/v2\/product\/33540","targetHints":{"allow":["GET"]}}],"collection":[{"href":"https:\/\/multicook.shop\/pl\/wp-json\/wp\/v2\/product"}],"about":[{"href":"https:\/\/multicook.shop\/pl\/wp-json\/wp\/v2\/types\/product"}],"replies":[{"embeddable":true,"href":"https:\/\/multicook.shop\/pl\/wp-json\/wp\/v2\/comments?post=33540"}],"version-history":[{"count":0,"href":"https:\/\/multicook.shop\/pl\/wp-json\/wp\/v2\/product\/33540\/revisions"}],"wp:featuredmedia":[{"embeddable":true,"href":"https:\/\/multicook.shop\/pl\/wp-json\/wp\/v2\/media\/33542"}],"wp:attachment":[{"href":"https:\/\/multicook.shop\/pl\/wp-json\/wp\/v2\/media?parent=33540"}],"wp:term":[{"taxonomy":"product_brand","embeddable":true,"href":"https:\/\/multicook.shop\/pl\/wp-json\/wp\/v2\/product_brand?post=33540"},{"taxonomy":"product_cat","embeddable":true,"href":"https:\/\/multicook.shop\/pl\/wp-json\/wp\/v2\/product_cat?post=33540"},{"taxonomy":"product_tag","embeddable":true,"href":"https:\/\/multicook.shop\/pl\/wp-json\/wp\/v2\/product_tag?post=33540"}],"curies":[{"name":"wp","href":"https:\/\/api.w.org\/{rel}","templated":true}]}}