{"id":33541,"date":"2024-03-18T16:18:09","date_gmt":"2024-03-18T16:18:09","guid":{"rendered":"https:\/\/multicook.shop\/product\/nalesniki-z-karmelizowanym-jablkiem\/"},"modified":"2024-03-18T16:18:09","modified_gmt":"2024-03-18T16:18:09","slug":"nalesniki-z-karmelizowanym-jablkiem","status":"publish","type":"product","link":"https:\/\/multicook.shop\/pl\/produkt\/nalesniki-z-karmelizowanym-jablkiem\/","title":{"rendered":"NALE\u015aNIKI Z KARMELIZOWANYM JAB\u0141KIEM"},"content":{"rendered":"<p><strong>Nale\u015bniki z karmelizowanym jab\u0142kiem<\/strong><\/p>\n<p><span style=\"color: #ff0000;\"><strong>Sk\u0142ad<\/strong><\/span><\/p>\n<p>Jab\u0142ka (43%), mleko krowie (28%), wysokogatunkowa m\u0105ka pszenna (11%), jaja kurze, cukier bia\u0142y krystaliczny, mas\u0142o, woda pitna, cynamon, s\u00f3l.<\/p>\n<p><span style=\"color: #ff0000;\"><strong>Warto\u015b\u0107 energetyczna (kaloryczno\u015b\u0107) w 100g produktu:<\/strong><\/span><\/p>\n<p>158,26 kcal<\/p>\n<p><span style=\"color: #ff0000;\"><strong>Okres przydatno\u015bci do spo\u017cycia i warunki przechowywania:<\/strong><\/span><\/p>\n<p>Przy temperaturze nie wy\u017cszej ni\u017c \u2013 18\u00b0C. W okresie letnim zaleca si\u0119 przenoszenie w torbach termicznych. <\/p>\n<p><span style=\"color: #ff0000;\"><strong>Spos\u00f3b przygotowania:<\/strong><\/span><\/p>\n<p>Rozmrozi\u0107 nale\u015bniki w temperaturze pokojowej i sma\u017cy\u0107 na rozgrzanym oleju ro\u015blinnym (ma\u015ble) na ma\u0142ym ogniu, od czasu do czasu obracaj\u0105c. Ponowne zamra\u017canie jest zabronione.<\/p>\n<p><span style=\"color: #ff0000;\"><b>Informacje o warto\u015bci od\u017cywczej produktu na 100g:<\/b><\/span><\/p>\n<p>Bia\u0142ka &#8211; 4,47 g<\/p>\n<p>T\u0142uszcz &#8211; 1,19 g (z czego 2,12 g to t\u0142uszcze nasycone)<\/p>\n<p>W\u0119glowodany &#8211; 27,42 g (w tym cukry &#8211; 13,79 g)<\/p>\n<p>B\u0142onnik pokarmowy &#8211; 1,27 g<\/p>\n<p>S\u00f3l &#8211; 0,16 g<\/p>\n<p><iframe loading=\"lazy\" title=\"Caramelized apple crepes\" width=\"500\" height=\"281\" src=\"https:\/\/www.youtube.com\/embed\/nvg5fayvEfc?feature=oembed\" frameborder=\"0\" allow=\"accelerometer; autoplay; clipboard-write; encrypted-media; gyroscope; picture-in-picture; web-share\" referrerpolicy=\"strict-origin-when-cross-origin\" allowfullscreen><\/iframe><\/p>\n","protected":false},"excerpt":{"rendered":"<p><strong><span style=\"color: #ff0000;\">13,00\u20ac<\/span> <span style=\"color: #999999;\">\/ 1kg<\/span><\/strong><br \/>\nP\u00f3\u0142produkty Multicook to naturalne sk\u0142adniki i wysoki profesjonalizm kucharzy. Podgrzej nale\u015bniki z karmelizowanymi jab\u0142kami i masz gwarancj\u0119 pysznego \u015bniadania! <\/p>\n","protected":false},"featured_media":33543,"comment_status":"open","ping_status":"closed","template":"","meta":[],"product_brand":[],"product_cat":[356],"product_tag":[],"class_list":{"0":"post-33541","1":"product","2":"type-product","3":"status-publish","4":"has-post-thumbnail","6":"product_cat-nalesniki","8":"first","9":"instock","10":"taxable","11":"shipping-taxable","12":"purchasable","13":"product-type-simple"},"jetpack_sharing_enabled":true,"_links":{"self":[{"href":"https:\/\/multicook.shop\/pl\/wp-json\/wp\/v2\/product\/33541","targetHints":{"allow":["GET"]}}],"collection":[{"href":"https:\/\/multicook.shop\/pl\/wp-json\/wp\/v2\/product"}],"about":[{"href":"https:\/\/multicook.shop\/pl\/wp-json\/wp\/v2\/types\/product"}],"replies":[{"embeddable":true,"href":"https:\/\/multicook.shop\/pl\/wp-json\/wp\/v2\/comments?post=33541"}],"version-history":[{"count":0,"href":"https:\/\/multicook.shop\/pl\/wp-json\/wp\/v2\/product\/33541\/revisions"}],"wp:featuredmedia":[{"embeddable":true,"href":"https:\/\/multicook.shop\/pl\/wp-json\/wp\/v2\/media\/33543"}],"wp:attachment":[{"href":"https:\/\/multicook.shop\/pl\/wp-json\/wp\/v2\/media?parent=33541"}],"wp:term":[{"taxonomy":"product_brand","embeddable":true,"href":"https:\/\/multicook.shop\/pl\/wp-json\/wp\/v2\/product_brand?post=33541"},{"taxonomy":"product_cat","embeddable":true,"href":"https:\/\/multicook.shop\/pl\/wp-json\/wp\/v2\/product_cat?post=33541"},{"taxonomy":"product_tag","embeddable":true,"href":"https:\/\/multicook.shop\/pl\/wp-json\/wp\/v2\/product_tag?post=33541"}],"curies":[{"name":"wp","href":"https:\/\/api.w.org\/{rel}","templated":true}]}}