{"id":33560,"date":"2024-03-18T16:17:38","date_gmt":"2024-03-18T16:17:38","guid":{"rendered":"https:\/\/multicook.shop\/product\/kielbasa-z-grilla-kurczak-z-serem\/"},"modified":"2024-03-18T16:17:38","modified_gmt":"2024-03-18T16:17:38","slug":"kielbasa-z-grilla-kurczak-z-serem","status":"publish","type":"product","link":"https:\/\/multicook.shop\/pl\/produkt\/kielbasa-z-grilla-kurczak-z-serem\/","title":{"rendered":"KIE\u0141BASA Z GRILLA (KURCZAK Z SEREM)"},"content":{"rendered":"<p><strong>Grillowana kie\u0142basa (kurczak z serem)<\/strong><\/p>\n<p><span style=\"color: #ff0000;\"><strong>Sk\u0142ad<\/strong><\/span><\/p>\n<p>Filet z kurczaka (42%), s\u0142onina (26%), ser Cheddar (17%), woda pitna, \u015bwie\u017cy czosnek, naturalna os\u0142onka, s\u00f3l, mielony czarny pieprz.<\/p>\n<p><span style=\"color: #ff0000;\"><strong>Warto\u015b\u0107 energetyczna (kaloryczno\u015b\u0107) w 100g produktu:<\/strong><\/span><\/p>\n<p>323,56 kcal<\/p>\n<p><span style=\"color: #ff0000;\"><strong>Okres przydatno\u015bci do spo\u017cycia i warunki przechowywania:<\/strong><\/span><\/p>\n<p>Przy temperaturze nie wy\u017cszej ni\u017c \u2013 18\u00b0C. W okresie letnim zaleca si\u0119 przenoszenie w torbach termicznych. <\/p>\n<p><span style=\"color: #ff0000;\"><strong>Spos\u00f3b przygotowania:<\/strong><\/span><\/p>\n<p>Rozmrozi\u0107 kie\u0142bas\u0119 w lod\u00f3wce, piekarniku lub kuchence mikrofalowej za pomoc\u0105 funkcji &#8222;rozmra\u017canie&#8221;. Sma\u017cy\u0107 na oleju ro\u015blinnym (t\u0142uszczu zwierz\u0119cym) na rozgrzanej patelni (pod przykryciem) na ma\u0142ym ogniu, od czasu do czasu obracaj\u0105c, lub w\u0142o\u017cy\u0107 do rozgrzanego do 180\u00b0C piekarnika i piec przez oko\u0142o 20 minut.  Ponowne zamra\u017canie jest zabronione.<\/p>\n<p><span style=\"color: #ff0000;\"><b>Informacje o warto\u015bci od\u017cywczej produktu na 100g:<\/b><\/span><\/p>\n<p>Bia\u0142ka &#8211; 40,03 g<\/p>\n<p>T\u0142uszcz &#8211; 46,42 g (w tym t\u0142uszcze nasycone &#8211; 16,6 g)<\/p>\n<p>W\u0119glowodany &#8211; 58,8 g (w tym cukry &#8211; 4,53 g)<\/p>\n<p>B\u0142onnik pokarmowy &#8211; 0,02 g<\/p>\n<p>S\u00f3l &#8211; 2,9 g<\/p>\n<p><iframe loading=\"lazy\" title=\"Grilled pork sausage\" width=\"500\" height=\"281\" src=\"https:\/\/www.youtube.com\/embed\/zlaHz6PfBwg?feature=oembed\" frameborder=\"0\" allow=\"accelerometer; autoplay; clipboard-write; encrypted-media; gyroscope; picture-in-picture; web-share\" referrerpolicy=\"strict-origin-when-cross-origin\" allowfullscreen><\/iframe><\/p>\n","protected":false},"excerpt":{"rendered":"<p><strong><span style=\"color: #ff0000;\">16,00\u20ac<\/span> <span style=\"color: #999999;\">\/ 1kg<\/span><\/strong><br \/>\nHas\u0142o produkt\u00f3w Multicook m\u00f3wi samo za siebie &#8211; gotujemy jak domowy kucharz. Zafunduj sobie grillowane kie\u0142baski z kurczaka bez po\u015bwi\u0119cania du\u017cej ilo\u015bci czasu i wysi\u0142ku! <\/p>\n","protected":false},"featured_media":33563,"comment_status":"open","ping_status":"closed","template":"","meta":[],"product_brand":[],"product_cat":[345],"product_tag":[],"class_list":{"0":"post-33560","1":"product","2":"type-product","3":"status-publish","4":"has-post-thumbnail","6":"product_cat-kielbaski","8":"first","9":"instock","10":"taxable","11":"shipping-taxable","12":"purchasable","13":"product-type-simple"},"jetpack_sharing_enabled":true,"_links":{"self":[{"href":"https:\/\/multicook.shop\/pl\/wp-json\/wp\/v2\/product\/33560","targetHints":{"allow":["GET"]}}],"collection":[{"href":"https:\/\/multicook.shop\/pl\/wp-json\/wp\/v2\/product"}],"about":[{"href":"https:\/\/multicook.shop\/pl\/wp-json\/wp\/v2\/types\/product"}],"replies":[{"embeddable":true,"href":"https:\/\/multicook.shop\/pl\/wp-json\/wp\/v2\/comments?post=33560"}],"version-history":[{"count":0,"href":"https:\/\/multicook.shop\/pl\/wp-json\/wp\/v2\/product\/33560\/revisions"}],"wp:featuredmedia":[{"embeddable":true,"href":"https:\/\/multicook.shop\/pl\/wp-json\/wp\/v2\/media\/33563"}],"wp:attachment":[{"href":"https:\/\/multicook.shop\/pl\/wp-json\/wp\/v2\/media?parent=33560"}],"wp:term":[{"taxonomy":"product_brand","embeddable":true,"href":"https:\/\/multicook.shop\/pl\/wp-json\/wp\/v2\/product_brand?post=33560"},{"taxonomy":"product_cat","embeddable":true,"href":"https:\/\/multicook.shop\/pl\/wp-json\/wp\/v2\/product_cat?post=33560"},{"taxonomy":"product_tag","embeddable":true,"href":"https:\/\/multicook.shop\/pl\/wp-json\/wp\/v2\/product_tag?post=33560"}],"curies":[{"name":"wp","href":"https:\/\/api.w.org\/{rel}","templated":true}]}}