{"id":33564,"date":"2024-03-18T16:17:51","date_gmt":"2024-03-18T16:17:51","guid":{"rendered":"https:\/\/multicook.shop\/product\/nalesniki-z-twarogiem-na-slodko\/"},"modified":"2024-03-18T16:17:51","modified_gmt":"2024-03-18T16:17:51","slug":"nalesniki-z-twarogiem-na-slodko","status":"publish","type":"product","link":"https:\/\/multicook.shop\/pl\/produkt\/nalesniki-z-twarogiem-na-slodko\/","title":{"rendered":"NALE\u015aNIKI Z TWAROGIEM NA S\u0141ODKO"},"content":{"rendered":"<p><strong>Nale\u015bniki z twarogiem na s\u0142odko<\/strong><\/p>\n<p><span style=\"color: #ff0000;\"><strong>Sk\u0142ad<\/strong><\/span><\/p>\n<p>Mleko krowie (35%), ser twarogowy (30%), wysokogatunkowa m\u0105ka pszenna (14%), jaja kurze (12%), mas\u0142o, woda pitna, cukier bia\u0142y krystaliczny, cukier waniliowy, s\u00f3l.<\/p>\n<p><span style=\"color: #ff0000;\"><strong>Warto\u015b\u0107 energetyczna (kaloryczno\u015b\u0107) w 100g produktu:<\/strong><\/span><\/p>\n<p>189,12 kcal<\/p>\n<p><span style=\"color: #ff0000;\"><strong>Okres przydatno\u015bci do spo\u017cycia i warunki przechowywania:<\/strong><\/span><\/p>\n<p>W temperaturze nieprzekraczaj\u0105cej 18\u00b0C. Latem zaleca si\u0119 noszenie go w torbach termicznych.<\/p>\n<p><span style=\"color: #ff0000;\"><strong>Spos\u00f3b przygotowania:<\/strong><\/span><\/p>\n<p>Rozmrozi\u0107 nale\u015bniki w temperaturze pokojowej i sma\u017cy\u0107 na rozgrzanym oleju ro\u015blinnym (ma\u015ble) na ma\u0142ym ogniu, od czasu do czasu obracaj\u0105c. Ponowne zamra\u017canie jest zabronione.<\/p>\n<p><span style=\"color: #ff0000;\"><b>Informacje o warto\u015bci od\u017cywczej produktu na 100g:<\/b><\/span><\/p>\n<p>Bia\u0142ka &#8211; 9,39 g<\/p>\n<p>T\u0142uszcz &#8211; 7,47 g (w tym t\u0142uszcze nasycone &#8211; 4,1 g)<\/p>\n<p>W\u0119glowodany &#8211; 21,48 g (w tym cukry &#8211; 8,34 g)<\/p>\n<p>B\u0142onnik pokarmowy &#8211; 0,43 g<\/p>\n<p>S\u00f3l &#8211; 0,16 g<\/p>\n<p><iframe loading=\"lazy\" title=\"Sweet cheese crepes\" width=\"500\" height=\"281\" src=\"https:\/\/www.youtube.com\/embed\/d9pq23Ih2yE?feature=oembed\" frameborder=\"0\" allow=\"accelerometer; autoplay; clipboard-write; encrypted-media; gyroscope; picture-in-picture; web-share\" referrerpolicy=\"strict-origin-when-cross-origin\" allowfullscreen><\/iframe><\/p>\n","protected":false},"excerpt":{"rendered":"<p><strong><span style=\"color: #ff0000;\">16,00\u20ac<\/span> <span style=\"color: #999999;\">\/ 1kg<\/span><\/strong><br \/>\nNale\u015bniki z twarogiem na s\u0142odko od Multicook to idealna propozycja na szybkie i smaczne \u015bniadanie. Jako\u015b\u0107 gwarantujemy!<\/p>\n","protected":false},"featured_media":25796,"comment_status":"open","ping_status":"closed","template":"","meta":[],"product_brand":[],"product_cat":[356],"product_tag":[],"class_list":{"0":"post-33564","1":"product","2":"type-product","3":"status-publish","4":"has-post-thumbnail","6":"product_cat-nalesniki","8":"first","9":"instock","10":"taxable","11":"shipping-taxable","12":"purchasable","13":"product-type-simple"},"jetpack_sharing_enabled":true,"_links":{"self":[{"href":"https:\/\/multicook.shop\/pl\/wp-json\/wp\/v2\/product\/33564","targetHints":{"allow":["GET"]}}],"collection":[{"href":"https:\/\/multicook.shop\/pl\/wp-json\/wp\/v2\/product"}],"about":[{"href":"https:\/\/multicook.shop\/pl\/wp-json\/wp\/v2\/types\/product"}],"replies":[{"embeddable":true,"href":"https:\/\/multicook.shop\/pl\/wp-json\/wp\/v2\/comments?post=33564"}],"version-history":[{"count":0,"href":"https:\/\/multicook.shop\/pl\/wp-json\/wp\/v2\/product\/33564\/revisions"}],"wp:featuredmedia":[{"embeddable":true,"href":"https:\/\/multicook.shop\/pl\/wp-json\/wp\/v2\/media\/25796"}],"wp:attachment":[{"href":"https:\/\/multicook.shop\/pl\/wp-json\/wp\/v2\/media?parent=33564"}],"wp:term":[{"taxonomy":"product_brand","embeddable":true,"href":"https:\/\/multicook.shop\/pl\/wp-json\/wp\/v2\/product_brand?post=33564"},{"taxonomy":"product_cat","embeddable":true,"href":"https:\/\/multicook.shop\/pl\/wp-json\/wp\/v2\/product_cat?post=33564"},{"taxonomy":"product_tag","embeddable":true,"href":"https:\/\/multicook.shop\/pl\/wp-json\/wp\/v2\/product_tag?post=33564"}],"curies":[{"name":"wp","href":"https:\/\/api.w.org\/{rel}","templated":true}]}}