{"id":33709,"date":"2024-03-18T16:14:41","date_gmt":"2024-03-18T16:14:41","guid":{"rendered":"https:\/\/multicook.shop\/product\/pierogi-z-wisniami\/"},"modified":"2025-08-25T12:06:48","modified_gmt":"2025-08-25T12:06:48","slug":"pierogi-z-wisniami","status":"publish","type":"product","link":"https:\/\/multicook.shop\/pl\/produkt\/pierogi-z-wisniami\/","title":{"rendered":"PIEROGI Z WI\u015aNIAMI"},"content":{"rendered":"<p><strong>Pierogi z wi\u015bniami<\/strong><\/p>\n<p><span style=\"color: #ff0000;\"><strong>Sk\u0142ad<\/strong><\/span><\/p>\n<p>M\u0105ka pszenna typu 550 (43%), wi\u015bnie g\u0142\u0119boko mro\u017cone* (29%), woda pitna, cukier bia\u0142y krystaliczny, olej s\u0142onecznikowy rafinowany, s\u00f3l kuchenna<\/p>\n<p>*mo\u017ce zawiera\u0107 nasiona<\/p>\n<p><span style=\"color: #ff0000;\"><strong>Warto\u015b\u0107 energetyczna (kaloryczno\u015b\u0107) w 100g produktu:<\/strong><\/span><\/p>\n<p>179,2 kcal<\/p>\n<p><span style=\"color: #ff0000;\"><strong>Okres przydatno\u015bci do spo\u017cycia i warunki przechowywania:<\/strong><\/span><\/p>\n<p>Przy temperaturze nie wy\u017cszej ni\u017c \u2013 18\u00b0C. W okresie letnim zaleca si\u0119 przenoszenie w torbach termicznych. <\/p>\n<p><span style=\"color: #ff0000;\"><strong>Spos\u00f3b przygotowania:<\/strong><\/span><\/p>\n<p>Zamro\u017cone pierogi wrzuci\u0107 do gotuj\u0105cej si\u0119 solonej wody. Mieszaj\u0105c, doprowadzi\u0107 do wrzenia i gotowa\u0107 przez 2 minuty. Ugotowane pierogi wyj\u0105\u0107 z wody i doprawi\u0107 do smaku (mas\u0142em, \u015bmietan\u0105). Ponowne zamra\u017canie jest zabronione.<\/p>\n<p><span style=\"color: #ff0000;\"><b>Informacje o warto\u015bci od\u017cywczej produktu na 100g:<\/b><\/span><\/p>\n<p>Bia\u0142ko \u2013 4,49 g<\/p>\n<p>T\u0142uszcze \u2013 1,03 g (w tym nasycone \u2013 0,16 g)<\/p>\n<p>W\u0119glowodany \u2013 40,5 g (w tym cukry \u2013 7,6 g)<\/p>\n<p>B\u0142onnik pokarmowy \u2013 1,6 g<\/p>\n<p>S\u00f3l &#8211; 0,4 g<\/p>\n<p><iframe loading=\"lazy\" title=\"Cherry varenyky (dumplings)\" width=\"500\" height=\"281\" src=\"https:\/\/www.youtube.com\/embed\/j-zO1SAMx6g?feature=oembed\" frameborder=\"0\" allow=\"accelerometer; autoplay; clipboard-write; encrypted-media; gyroscope; picture-in-picture; web-share\" referrerpolicy=\"strict-origin-when-cross-origin\" allowfullscreen><\/iframe><\/p>\n","protected":false},"excerpt":{"rendered":"<p><strong><span style=\"color: #ff0000;\">15,00\u20ac<\/span> <span style=\"color: #999999;\">\/ 1kg<\/span><\/strong><br \/>\nKiedy nie masz czasu na gotowanie, ale jednocze\u015bnie cenisz jako\u015b\u0107 i smak, z pomoc\u0105 przychodz\u0105 domowe p\u00f3\u0142produkty od Multicook \u2013 najlepsza opcja na szybki, ale syty obiad lub kolacj\u0119! Domowy smak, jak z dzieci\u0144stwa! <\/p>\n","protected":false},"featured_media":33710,"comment_status":"open","ping_status":"closed","template":"","meta":[],"product_brand":[],"product_cat":[352],"product_tag":[],"class_list":{"0":"post-33709","1":"product","2":"type-product","3":"status-publish","4":"has-post-thumbnail","6":"product_cat-pierogi","8":"first","9":"instock","10":"taxable","11":"shipping-taxable","12":"purchasable","13":"product-type-simple"},"jetpack_sharing_enabled":true,"_links":{"self":[{"href":"https:\/\/multicook.shop\/pl\/wp-json\/wp\/v2\/product\/33709","targetHints":{"allow":["GET"]}}],"collection":[{"href":"https:\/\/multicook.shop\/pl\/wp-json\/wp\/v2\/product"}],"about":[{"href":"https:\/\/multicook.shop\/pl\/wp-json\/wp\/v2\/types\/product"}],"replies":[{"embeddable":true,"href":"https:\/\/multicook.shop\/pl\/wp-json\/wp\/v2\/comments?post=33709"}],"version-history":[{"count":0,"href":"https:\/\/multicook.shop\/pl\/wp-json\/wp\/v2\/product\/33709\/revisions"}],"wp:featuredmedia":[{"embeddable":true,"href":"https:\/\/multicook.shop\/pl\/wp-json\/wp\/v2\/media\/33710"}],"wp:attachment":[{"href":"https:\/\/multicook.shop\/pl\/wp-json\/wp\/v2\/media?parent=33709"}],"wp:term":[{"taxonomy":"product_brand","embeddable":true,"href":"https:\/\/multicook.shop\/pl\/wp-json\/wp\/v2\/product_brand?post=33709"},{"taxonomy":"product_cat","embeddable":true,"href":"https:\/\/multicook.shop\/pl\/wp-json\/wp\/v2\/product_cat?post=33709"},{"taxonomy":"product_tag","embeddable":true,"href":"https:\/\/multicook.shop\/pl\/wp-json\/wp\/v2\/product_tag?post=33709"}],"curies":[{"name":"wp","href":"https:\/\/api.w.org\/{rel}","templated":true}]}}