{"id":33711,"date":"2024-03-18T16:14:57","date_gmt":"2024-03-18T16:14:57","guid":{"rendered":"https:\/\/multicook.shop\/product\/pierogi-z-ziemniakami-i-bialymi-grzybami\/"},"modified":"2025-12-23T16:52:20","modified_gmt":"2025-12-23T16:52:20","slug":"pierogi-z-ziemniakami-i-bialymi-grzybami","status":"publish","type":"product","link":"https:\/\/multicook.shop\/pl\/produkt\/pierogi-z-ziemniakami-i-bialymi-grzybami\/","title":{"rendered":"PIEROGI Z ZIEMNIAKAMI I BIA\u0141YMI GRZYBAMI"},"content":{"rendered":"<p><strong>Pierogi z ziemniakami i bia\u0142ymi grzybami<\/strong><\/p>\n<p><span style=\"color: #ff0000;\"><strong>Sk\u0142ad<\/strong><\/span><\/p>\n<p>Ziemniaki gotowane (44%), m\u0105ka pszenna typu 550 (23%), sma\u017cone pieczarki (13%), woda pitna, sma\u017cona cebula, suszone bia\u0142e grzyby (0,3%), olej s\u0142onecznikowy rafinowany, s\u00f3l kuchenna, czarny pieprz mielony<\/p>\n<p><span style=\"color: #ff0000;\"><strong>Warto\u015b\u0107 energetyczna (kaloryczno\u015b\u0107) w 100g produktu:<\/strong><\/span><\/p>\n<p>168,91 kcal<\/p>\n<p><span style=\"color: #ff0000;\"><strong>Okres przydatno\u015bci do spo\u017cycia i warunki przechowywania:<\/strong><\/span><\/p>\n<p>Przy temperaturze nie wy\u017cszej ni\u017c \u2013 18\u00b0C. W okresie letnim zaleca si\u0119 przenoszenie w torbach termicznych.<\/p>\n<p><span style=\"color: #ff0000;\"><strong>Spos\u00f3b przygotowania:<\/strong><\/span><\/p>\n<p>Zamro\u017cone wareniki w\u0142o\u017cy\u0107 do gotuj\u0105cej si\u0119, osolonej wody. Miesza\u0107, doprowadzi\u0107 do wrzenia i gotowa\u0107 4-6 minut. Gotowe wareniki wyj\u0105\u0107 z wody i przyprawi\u0107 do smaku (mas\u0142em, \u015bmietan\u0105). Nie wolno ponownie zamra\u017ca\u0107.<\/p>\n<p><span style=\"color: #ff0000;\"><b>Informacje o warto\u015bci od\u017cywczej produktu na 100g:<\/b><\/span><\/p>\n<p>Bia\u0142ko &#8211; 4,52 g<\/p>\n<p>T\u0142uszcze &#8211; 3,81 g (w tym nasycone &#8211; 0,51 g)<\/p>\n<p>W\u0119glowodany &#8211; 31,12 g (w tym cukr\u00f3w &#8211; 1,44 g)<\/p>\n<p>B\u0142onnik pokarmowy \u2013 1,85 g<\/p>\n<p>S\u00f3l &#8211; 0,9 g<\/p>\n<p><iframe loading=\"lazy\" title=\"Varenyky (dumplings)\" width=\"500\" height=\"281\" src=\"https:\/\/www.youtube.com\/embed\/3mDnY6IDpUg?feature=oembed\" frameborder=\"0\" allow=\"accelerometer; autoplay; clipboard-write; encrypted-media; gyroscope; picture-in-picture; web-share\" referrerpolicy=\"strict-origin-when-cross-origin\" allowfullscreen><\/iframe><\/p>\n","protected":false},"excerpt":{"rendered":"<p><strong><span style=\"color: #ff0000;\">15,00\u20ac<\/span> <span style=\"color: #999999;\">\/ 1kg<\/span><\/strong><br \/>\nKlasyczne pierogi z ziemniakami i bia\u0142ymi grzybami od Multicook \u2013 to prawdziwy domowy smak Burzymy stereotypy na temat p\u00f3\u0142fabrykat\u00f3w. Mo\u017cesz przyj\u015b\u0107 do nas, aby zobaczy\u0107 proces produkcji najlepszych domowych p\u00f3\u0142fabrykat\u00f3w. Jako\u015b\u0107 gwarantujemy!<\/p>\n","protected":false},"featured_media":33712,"comment_status":"open","ping_status":"closed","template":"","meta":[],"product_brand":[],"product_cat":[352],"product_tag":[],"class_list":{"0":"post-33711","1":"product","2":"type-product","3":"status-publish","4":"has-post-thumbnail","6":"product_cat-pierogi","8":"first","9":"instock","10":"taxable","11":"shipping-taxable","12":"purchasable","13":"product-type-simple"},"jetpack_sharing_enabled":true,"_links":{"self":[{"href":"https:\/\/multicook.shop\/pl\/wp-json\/wp\/v2\/product\/33711","targetHints":{"allow":["GET"]}}],"collection":[{"href":"https:\/\/multicook.shop\/pl\/wp-json\/wp\/v2\/product"}],"about":[{"href":"https:\/\/multicook.shop\/pl\/wp-json\/wp\/v2\/types\/product"}],"replies":[{"embeddable":true,"href":"https:\/\/multicook.shop\/pl\/wp-json\/wp\/v2\/comments?post=33711"}],"version-history":[{"count":1,"href":"https:\/\/multicook.shop\/pl\/wp-json\/wp\/v2\/product\/33711\/revisions"}],"predecessor-version":[{"id":37482,"href":"https:\/\/multicook.shop\/pl\/wp-json\/wp\/v2\/product\/33711\/revisions\/37482"}],"wp:featuredmedia":[{"embeddable":true,"href":"https:\/\/multicook.shop\/pl\/wp-json\/wp\/v2\/media\/33712"}],"wp:attachment":[{"href":"https:\/\/multicook.shop\/pl\/wp-json\/wp\/v2\/media?parent=33711"}],"wp:term":[{"taxonomy":"product_brand","embeddable":true,"href":"https:\/\/multicook.shop\/pl\/wp-json\/wp\/v2\/product_brand?post=33711"},{"taxonomy":"product_cat","embeddable":true,"href":"https:\/\/multicook.shop\/pl\/wp-json\/wp\/v2\/product_cat?post=33711"},{"taxonomy":"product_tag","embeddable":true,"href":"https:\/\/multicook.shop\/pl\/wp-json\/wp\/v2\/product_tag?post=33711"}],"curies":[{"name":"wp","href":"https:\/\/api.w.org\/{rel}","templated":true}]}}