{"id":33751,"date":"2024-03-18T16:21:01","date_gmt":"2024-03-18T16:21:01","guid":{"rendered":"https:\/\/multicook.shop\/product\/serniki-z-czekoladowymi-kropelkami\/"},"modified":"2024-03-18T16:21:01","modified_gmt":"2024-03-18T16:21:01","slug":"serniki-z-czekoladowymi-kropelkami","status":"publish","type":"product","link":"https:\/\/multicook.shop\/pl\/produkt\/serniki-z-czekoladowymi-kropelkami\/","title":{"rendered":"SERNIKI Z CZEKOLADOWYMI KROPELKAMI"},"content":{"rendered":"<p><strong>Serniki z kroplami czekolady<\/strong><\/p>\n<p><span style=\"color: #ff0000;\"><strong>Sk\u0142ad<\/strong><\/span><\/p>\n<p>Twaro\u017cek (68%), jaja kurze (\u017c\u00f3\u0142tko) (13%), wysokogatunkowa m\u0105ka pszenna (7%), dropsy czekoladowe (6%), cukier bia\u0142y krystaliczny, cukier waniliowy.<\/p>\n<p><span style=\"color: #ff0000;\"><strong>Warto\u015b\u0107 energetyczna (kaloryczno\u015b\u0107) w 100g produktu:<\/strong><\/span><\/p>\n<p>223,6 kcal<\/p>\n<p><span style=\"color: #ff0000;\"><strong>Okres przydatno\u015bci do spo\u017cycia i warunki przechowywania:<\/strong><\/span><\/p>\n<p>90 dni w temperaturze nieprzekraczaj\u0105cej -18\u00b0C. Latem zaleca si\u0119 noszenie go w torbach termicznych.<\/p>\n<p><span style=\"color: #ff0000;\"><strong>Spos\u00f3b przygotowania:<\/strong><\/span><\/p>\n<p>Sma\u017cy\u0107 zamro\u017cone syrniki na rozgrzanym oleju ro\u015blinnym (ma\u015ble) na ma\u0142ym ogniu, od czasu do czasu obracaj\u0105c. Nie mo\u017cna go ponownie zamrozi\u0107.<\/p>\n<p><span style=\"color: #ff0000;\"><b>Informacje o warto\u015bci od\u017cywczej produktu na 100g:<\/b><\/span><\/p>\n<p>Bia\u0142ka &#8211; 14,3 g<\/p>\n<p>T\u0142uszcz &#8211; 9,7 g (w tym 5,7 g nasyconych)<\/p>\n<p>W\u0119glowodany &#8211; 21,3 g (w tym cukry &#8211; 12,3 g)<\/p>\n<p>B\u0142onnik pokarmowy &#8211; 0,7 g<\/p>\n<p>S\u00f3l &#8211; 0,01 g<\/p>\n<p><iframe loading=\"lazy\" title=\"Syrnyky (cheese pancakes) with chocolate drops\" width=\"500\" height=\"281\" src=\"https:\/\/www.youtube.com\/embed\/df_6Vlc5fMk?feature=oembed\" frameborder=\"0\" allow=\"accelerometer; autoplay; clipboard-write; encrypted-media; gyroscope; picture-in-picture; web-share\" referrerpolicy=\"strict-origin-when-cross-origin\" allowfullscreen><\/iframe><\/p>\n","protected":false},"excerpt":{"rendered":"<p><strong><span style=\"color: #ff0000;\">19,00\u20ac<\/span> <span style=\"color: #999999;\">\/ 1kg<\/span><\/strong><br \/>\nProdukty Multicook prze\u0142amuj\u0105 stereotypy dotycz\u0105ce da\u0144 gotowych. Tylko naturalne i wysokiej jako\u015bci sk\u0142adniki! Serniki z kroplami czekolady b\u0119d\u0105 jasnym dodatkiem do kawy lub herbaty na \u015bniadanie.<\/p>\n","protected":false},"featured_media":33753,"comment_status":"open","ping_status":"closed","template":"","meta":[],"product_brand":[],"product_cat":[357],"product_tag":[],"class_list":{"0":"post-33751","1":"product","2":"type-product","3":"status-publish","4":"has-post-thumbnail","6":"product_cat-syrniki","8":"first","9":"instock","10":"taxable","11":"shipping-taxable","12":"purchasable","13":"product-type-simple"},"jetpack_sharing_enabled":true,"_links":{"self":[{"href":"https:\/\/multicook.shop\/pl\/wp-json\/wp\/v2\/product\/33751","targetHints":{"allow":["GET"]}}],"collection":[{"href":"https:\/\/multicook.shop\/pl\/wp-json\/wp\/v2\/product"}],"about":[{"href":"https:\/\/multicook.shop\/pl\/wp-json\/wp\/v2\/types\/product"}],"replies":[{"embeddable":true,"href":"https:\/\/multicook.shop\/pl\/wp-json\/wp\/v2\/comments?post=33751"}],"version-history":[{"count":0,"href":"https:\/\/multicook.shop\/pl\/wp-json\/wp\/v2\/product\/33751\/revisions"}],"wp:featuredmedia":[{"embeddable":true,"href":"https:\/\/multicook.shop\/pl\/wp-json\/wp\/v2\/media\/33753"}],"wp:attachment":[{"href":"https:\/\/multicook.shop\/pl\/wp-json\/wp\/v2\/media?parent=33751"}],"wp:term":[{"taxonomy":"product_brand","embeddable":true,"href":"https:\/\/multicook.shop\/pl\/wp-json\/wp\/v2\/product_brand?post=33751"},{"taxonomy":"product_cat","embeddable":true,"href":"https:\/\/multicook.shop\/pl\/wp-json\/wp\/v2\/product_cat?post=33751"},{"taxonomy":"product_tag","embeddable":true,"href":"https:\/\/multicook.shop\/pl\/wp-json\/wp\/v2\/product_tag?post=33751"}],"curies":[{"name":"wp","href":"https:\/\/api.w.org\/{rel}","templated":true}]}}