{"id":35456,"date":"2025-10-11T08:42:39","date_gmt":"2025-10-11T08:42:39","guid":{"rendered":"https:\/\/multicook.shop\/product\/serek-w-czekoladzie-z-borowka-pasaka-40g\/"},"modified":"2025-10-12T19:40:53","modified_gmt":"2025-10-12T19:40:53","slug":"serek-w-czekoladzie-z-borowka-pasaka-40g","status":"publish","type":"product","link":"https:\/\/multicook.shop\/pl\/produkt\/serek-w-czekoladzie-z-borowka-pasaka-40g\/","title":{"rendered":"SEREK W CZEKOLADZIE Z BOR\u00d3WK\u0104 PASAKA 40g"},"content":{"rendered":"<p>Serek w czekoladzie z bor\u00f3wk\u0105 Pasaka 40g<\/p>\n","protected":false},"excerpt":{"rendered":"<p>Serek w czekoladzie z bor\u00f3wk\u0105 Pasaka 40g<\/p>\n","protected":false},"featured_media":35447,"comment_status":"open","ping_status":"closed","template":"","meta":[],"product_brand":[],"product_cat":[350,344],"product_tag":[],"class_list":{"0":"post-35456","1":"product","2":"type-product","3":"status-publish","4":"has-post-thumbnail","6":"product_cat-produkty-mleczne","7":"product_cat-wszystkie-nowe-produkty","9":"first","10":"instock","11":"taxable","12":"shipping-taxable","13":"purchasable","14":"product-type-simple"},"jetpack_sharing_enabled":true,"_links":{"self":[{"href":"https:\/\/multicook.shop\/pl\/wp-json\/wp\/v2\/product\/35456","targetHints":{"allow":["GET"]}}],"collection":[{"href":"https:\/\/multicook.shop\/pl\/wp-json\/wp\/v2\/product"}],"about":[{"href":"https:\/\/multicook.shop\/pl\/wp-json\/wp\/v2\/types\/product"}],"replies":[{"embeddable":true,"href":"https:\/\/multicook.shop\/pl\/wp-json\/wp\/v2\/comments?post=35456"}],"version-history":[{"count":1,"href":"https:\/\/multicook.shop\/pl\/wp-json\/wp\/v2\/product\/35456\/revisions"}],"predecessor-version":[{"id":35508,"href":"https:\/\/multicook.shop\/pl\/wp-json\/wp\/v2\/product\/35456\/revisions\/35508"}],"wp:featuredmedia":[{"embeddable":true,"href":"https:\/\/multicook.shop\/pl\/wp-json\/wp\/v2\/media\/35447"}],"wp:attachment":[{"href":"https:\/\/multicook.shop\/pl\/wp-json\/wp\/v2\/media?parent=35456"}],"wp:term":[{"taxonomy":"product_brand","embeddable":true,"href":"https:\/\/multicook.shop\/pl\/wp-json\/wp\/v2\/product_brand?post=35456"},{"taxonomy":"product_cat","embeddable":true,"href":"https:\/\/multicook.shop\/pl\/wp-json\/wp\/v2\/product_cat?post=35456"},{"taxonomy":"product_tag","embeddable":true,"href":"https:\/\/multicook.shop\/pl\/wp-json\/wp\/v2\/product_tag?post=35456"}],"curies":[{"name":"wp","href":"https:\/\/api.w.org\/{rel}","templated":true}]}}