{"id":35458,"date":"2025-10-11T08:42:15","date_gmt":"2025-10-11T08:42:15","guid":{"rendered":"https:\/\/multicook.shop\/product\/serek-w-czekoladzie-z-wisnia-pasaka-40g\/"},"modified":"2025-10-12T19:40:46","modified_gmt":"2025-10-12T19:40:46","slug":"serek-w-czekoladzie-z-wisnia-pasaka-40g","status":"publish","type":"product","link":"https:\/\/multicook.shop\/pl\/produkt\/serek-w-czekoladzie-z-wisnia-pasaka-40g\/","title":{"rendered":"SEREK W CZEKOLADZIE Z WI\u015aNI\u0104 PASAKA 40g"},"content":{"rendered":"<p>Serek w czekoladzie z wi\u015bni\u0105 Pasaka 40g<\/p>\n","protected":false},"excerpt":{"rendered":"<p>Serek w czekoladzie z wi\u015bni\u0105 Pasaka 40g<\/p>\n","protected":false},"featured_media":35452,"comment_status":"open","ping_status":"closed","template":"","meta":[],"product_brand":[],"product_cat":[350,344],"product_tag":[],"class_list":{"0":"post-35458","1":"product","2":"type-product","3":"status-publish","4":"has-post-thumbnail","6":"product_cat-produkty-mleczne","7":"product_cat-wszystkie-nowe-produkty","9":"first","10":"instock","11":"taxable","12":"shipping-taxable","13":"purchasable","14":"product-type-simple"},"jetpack_sharing_enabled":true,"_links":{"self":[{"href":"https:\/\/multicook.shop\/pl\/wp-json\/wp\/v2\/product\/35458","targetHints":{"allow":["GET"]}}],"collection":[{"href":"https:\/\/multicook.shop\/pl\/wp-json\/wp\/v2\/product"}],"about":[{"href":"https:\/\/multicook.shop\/pl\/wp-json\/wp\/v2\/types\/product"}],"replies":[{"embeddable":true,"href":"https:\/\/multicook.shop\/pl\/wp-json\/wp\/v2\/comments?post=35458"}],"version-history":[{"count":1,"href":"https:\/\/multicook.shop\/pl\/wp-json\/wp\/v2\/product\/35458\/revisions"}],"predecessor-version":[{"id":35507,"href":"https:\/\/multicook.shop\/pl\/wp-json\/wp\/v2\/product\/35458\/revisions\/35507"}],"wp:featuredmedia":[{"embeddable":true,"href":"https:\/\/multicook.shop\/pl\/wp-json\/wp\/v2\/media\/35452"}],"wp:attachment":[{"href":"https:\/\/multicook.shop\/pl\/wp-json\/wp\/v2\/media?parent=35458"}],"wp:term":[{"taxonomy":"product_brand","embeddable":true,"href":"https:\/\/multicook.shop\/pl\/wp-json\/wp\/v2\/product_brand?post=35458"},{"taxonomy":"product_cat","embeddable":true,"href":"https:\/\/multicook.shop\/pl\/wp-json\/wp\/v2\/product_cat?post=35458"},{"taxonomy":"product_tag","embeddable":true,"href":"https:\/\/multicook.shop\/pl\/wp-json\/wp\/v2\/product_tag?post=35458"}],"curies":[{"name":"wp","href":"https:\/\/api.w.org\/{rel}","templated":true}]}}