{"id":35588,"date":"2025-10-25T13:46:56","date_gmt":"2025-10-25T13:46:56","guid":{"rendered":"https:\/\/multicook.shop\/product\/pianka-bialo-rozowa-zako-350g\/"},"modified":"2025-10-27T09:13:33","modified_gmt":"2025-10-27T09:13:33","slug":"pianka-bialo-rozowa-zako-350g","status":"publish","type":"product","link":"https:\/\/multicook.shop\/pl\/produkt\/pianka-bialo-rozowa-zako-350g\/","title":{"rendered":"PIANKA BIA\u0141O-R\u00d3\u017bOWA &#8222;\u017bAKO&#8221; 350g"},"content":{"rendered":"<p>Pianka bia\u0142o-r\u00f3\u017cowa &#8222;\u017bako&#8221; 350g<\/p>\n","protected":false},"excerpt":{"rendered":"<p>Pianka bia\u0142o-r\u00f3\u017cowa &#8222;\u017bako&#8221; 350g<\/p>\n","protected":false},"featured_media":35585,"comment_status":"open","ping_status":"closed","template":"","meta":[],"product_brand":[],"product_cat":[361,344],"product_tag":[],"class_list":{"0":"post-35588","1":"product","2":"type-product","3":"status-publish","4":"has-post-thumbnail","6":"product_cat-chleb-i-wypieki","7":"product_cat-wszystkie-nowe-produkty","9":"first","10":"instock","11":"taxable","12":"shipping-taxable","13":"purchasable","14":"product-type-simple"},"jetpack_sharing_enabled":true,"_links":{"self":[{"href":"https:\/\/multicook.shop\/pl\/wp-json\/wp\/v2\/product\/35588","targetHints":{"allow":["GET"]}}],"collection":[{"href":"https:\/\/multicook.shop\/pl\/wp-json\/wp\/v2\/product"}],"about":[{"href":"https:\/\/multicook.shop\/pl\/wp-json\/wp\/v2\/types\/product"}],"replies":[{"embeddable":true,"href":"https:\/\/multicook.shop\/pl\/wp-json\/wp\/v2\/comments?post=35588"}],"version-history":[{"count":1,"href":"https:\/\/multicook.shop\/pl\/wp-json\/wp\/v2\/product\/35588\/revisions"}],"predecessor-version":[{"id":35622,"href":"https:\/\/multicook.shop\/pl\/wp-json\/wp\/v2\/product\/35588\/revisions\/35622"}],"wp:featuredmedia":[{"embeddable":true,"href":"https:\/\/multicook.shop\/pl\/wp-json\/wp\/v2\/media\/35585"}],"wp:attachment":[{"href":"https:\/\/multicook.shop\/pl\/wp-json\/wp\/v2\/media?parent=35588"}],"wp:term":[{"taxonomy":"product_brand","embeddable":true,"href":"https:\/\/multicook.shop\/pl\/wp-json\/wp\/v2\/product_brand?post=35588"},{"taxonomy":"product_cat","embeddable":true,"href":"https:\/\/multicook.shop\/pl\/wp-json\/wp\/v2\/product_cat?post=35588"},{"taxonomy":"product_tag","embeddable":true,"href":"https:\/\/multicook.shop\/pl\/wp-json\/wp\/v2\/product_tag?post=35588"}],"curies":[{"name":"wp","href":"https:\/\/api.w.org\/{rel}","templated":true}]}}