{"id":36236,"date":"2025-11-22T12:15:46","date_gmt":"2025-11-22T12:15:46","guid":{"rendered":"https:\/\/multicook.shop\/product\/suchari-z-czerwona-zurawina-kyivhlib-180g\/"},"modified":"2025-11-22T21:33:22","modified_gmt":"2025-11-22T21:33:22","slug":"suchari-z-czerwona-zurawina-kyivhlib-180g","status":"publish","type":"product","link":"https:\/\/multicook.shop\/pl\/produkt\/suchari-z-czerwona-zurawina-kyivhlib-180g\/","title":{"rendered":"SUCHARI Z CZERWONA ZURAWINA KYIVHLIB 180g"},"content":{"rendered":"<p>Suchary z czerwon\u0105 \u017curawin\u0105 Kyivhlib 180g<\/p>\n","protected":false},"excerpt":{"rendered":"<p>Suchary z czerwon\u0105 \u017curawin\u0105 Kyivhlib 180g<\/p>\n","protected":false},"featured_media":36233,"comment_status":"open","ping_status":"closed","template":"","meta":[],"product_brand":[],"product_cat":[361,344],"product_tag":[],"class_list":{"0":"post-36236","1":"product","2":"type-product","3":"status-publish","4":"has-post-thumbnail","6":"product_cat-chleb-i-wypieki","7":"product_cat-wszystkie-nowe-produkty","9":"first","10":"instock","11":"taxable","12":"shipping-taxable","13":"purchasable","14":"product-type-simple"},"jetpack_sharing_enabled":true,"_links":{"self":[{"href":"https:\/\/multicook.shop\/pl\/wp-json\/wp\/v2\/product\/36236","targetHints":{"allow":["GET"]}}],"collection":[{"href":"https:\/\/multicook.shop\/pl\/wp-json\/wp\/v2\/product"}],"about":[{"href":"https:\/\/multicook.shop\/pl\/wp-json\/wp\/v2\/types\/product"}],"replies":[{"embeddable":true,"href":"https:\/\/multicook.shop\/pl\/wp-json\/wp\/v2\/comments?post=36236"}],"version-history":[{"count":1,"href":"https:\/\/multicook.shop\/pl\/wp-json\/wp\/v2\/product\/36236\/revisions"}],"predecessor-version":[{"id":36305,"href":"https:\/\/multicook.shop\/pl\/wp-json\/wp\/v2\/product\/36236\/revisions\/36305"}],"wp:featuredmedia":[{"embeddable":true,"href":"https:\/\/multicook.shop\/pl\/wp-json\/wp\/v2\/media\/36233"}],"wp:attachment":[{"href":"https:\/\/multicook.shop\/pl\/wp-json\/wp\/v2\/media?parent=36236"}],"wp:term":[{"taxonomy":"product_brand","embeddable":true,"href":"https:\/\/multicook.shop\/pl\/wp-json\/wp\/v2\/product_brand?post=36236"},{"taxonomy":"product_cat","embeddable":true,"href":"https:\/\/multicook.shop\/pl\/wp-json\/wp\/v2\/product_cat?post=36236"},{"taxonomy":"product_tag","embeddable":true,"href":"https:\/\/multicook.shop\/pl\/wp-json\/wp\/v2\/product_tag?post=36236"}],"curies":[{"name":"wp","href":"https:\/\/api.w.org\/{rel}","templated":true}]}}