{"id":36357,"date":"2025-11-26T08:48:19","date_gmt":"2025-11-26T08:48:19","guid":{"rendered":"https:\/\/multicook.shop\/product\/koktajl-bialkowy-smooth-cocoa-lr-496g\/"},"modified":"2025-11-26T18:07:02","modified_gmt":"2025-11-26T18:07:02","slug":"koktajl-bialkowy-smooth-cocoa-lr-496g","status":"publish","type":"product","link":"https:\/\/multicook.shop\/pl\/produkt\/koktajl-bialkowy-smooth-cocoa-lr-496g\/","title":{"rendered":"KOKTAJL BIA\u0141KOWY FRUITY STRAWBERRY LR 496g"},"content":{"rendered":"<p class=\"p1\"><strong>Schudnij z wi\u0119kszym smakiem i mniejsz\u0105 ilo\u015bci\u0105 kalorii<\/p>\n<p>\u2022\u2060 \u2060Z wysok\u0105 zawarto\u015bci\u0105 b\u0142onnika z siemienia lnianego i \u0142uski babki jajowatej<br \/>\n\u2022\u2060 \u2060Z wysok\u0105 zawarto\u015bci\u0105 bia\u0142ka, wspieraj\u0105c\u0105 wzrost mi\u0119\u015bni<br \/>\n\u2022\u2060 \u2060Ze zr\u00f3wnowa\u017con\u0105 mieszank\u0105 witamin i minera\u0142\u00f3w<br \/>\n\u2022\u2060 \u2060Pysznie kremowy i aromatyczny, tylko 217 kcal w porcji!<\/strong><\/p>\n<p class=\"p1\"><strong>Sk\u0142adniki:<\/strong> izolat bia\u0142ka sojowego (31%), maltodekstryna, olej kokosowy, bia\u0142ko grochu (8%), sproszkowana \u0142uska babki jajowatej (6%), inulina (5%), emulgator: lecytyna sojowa; naturalne aromaty, izolat bia\u0142ka fasoli (2%), w\u0119glan wapnia, fosforan wapnia, wodorotlenek magnezu, fosforan potasu, substancja s\u0142odz\u0105ca: glikozydy stewiolowe ze stewii; \u015brodek przeciwzbrylaj\u0105cy: dwutlenek krzemu; s\u00f3l kuchenna, kwas L-askorbinowy, proszek waniliowy (0,1%), barwnik spo\u017cywczy: ekstrakt z gardenii; tlenek cynku, pirofosforan \u017celaza, niacynamid, D-pantotenian wapnia, D-alfa-tokoferylu octan, siarczan manganu, przeciwutleniacz: alfa-tokoferol; w\u0119glan miedzi, ryboflawina, chlorowodorek pirydoksyny, monoazotan tiaminy, octan retinylu, kwas foliowy, jodek sodu, selenin sodu, filochinon, D-biotyna, cholekalcyferol, cyjanokobalamina<\/p>\n","protected":false},"excerpt":{"rendered":"<p>Schudnij z wi\u0119kszym smakiem i mniejsz\u0105 ilo\u015bci\u0105 kalorii \u2022\u2060 \u2060Z wysok\u0105 zawarto\u015bci\u0105 b\u0142onnika z siemienia lnianego i \u0142uski babki jajowatej<\/p>\n","protected":false},"featured_media":36368,"comment_status":"open","ping_status":"closed","template":"","meta":[],"product_brand":[],"product_cat":[408,344],"product_tag":[],"class_list":{"0":"post-36357","1":"product","2":"type-product","3":"status-publish","4":"has-post-thumbnail","6":"product_cat-koktajle-proteinowe","7":"product_cat-wszystkie-nowe-produkty","9":"first","10":"instock","11":"taxable","12":"shipping-taxable","13":"purchasable","14":"product-type-simple"},"jetpack_sharing_enabled":true,"_links":{"self":[{"href":"https:\/\/multicook.shop\/pl\/wp-json\/wp\/v2\/product\/36357","targetHints":{"allow":["GET"]}}],"collection":[{"href":"https:\/\/multicook.shop\/pl\/wp-json\/wp\/v2\/product"}],"about":[{"href":"https:\/\/multicook.shop\/pl\/wp-json\/wp\/v2\/types\/product"}],"replies":[{"embeddable":true,"href":"https:\/\/multicook.shop\/pl\/wp-json\/wp\/v2\/comments?post=36357"}],"version-history":[{"count":3,"href":"https:\/\/multicook.shop\/pl\/wp-json\/wp\/v2\/product\/36357\/revisions"}],"predecessor-version":[{"id":36417,"href":"https:\/\/multicook.shop\/pl\/wp-json\/wp\/v2\/product\/36357\/revisions\/36417"}],"wp:featuredmedia":[{"embeddable":true,"href":"https:\/\/multicook.shop\/pl\/wp-json\/wp\/v2\/media\/36368"}],"wp:attachment":[{"href":"https:\/\/multicook.shop\/pl\/wp-json\/wp\/v2\/media?parent=36357"}],"wp:term":[{"taxonomy":"product_brand","embeddable":true,"href":"https:\/\/multicook.shop\/pl\/wp-json\/wp\/v2\/product_brand?post=36357"},{"taxonomy":"product_cat","embeddable":true,"href":"https:\/\/multicook.shop\/pl\/wp-json\/wp\/v2\/product_cat?post=36357"},{"taxonomy":"product_tag","embeddable":true,"href":"https:\/\/multicook.shop\/pl\/wp-json\/wp\/v2\/product_tag?post=36357"}],"curies":[{"name":"wp","href":"https:\/\/api.w.org\/{rel}","templated":true}]}}