{"id":36696,"date":"2025-11-29T09:07:40","date_gmt":"2025-11-29T09:07:40","guid":{"rendered":"https:\/\/multicook.shop\/product\/herbata-czarna-bouquet-de-rosas-leveza\/"},"modified":"2025-12-26T11:47:03","modified_gmt":"2025-12-26T11:47:03","slug":"herbata-czarna-bouquet-de-rosas-leveza","status":"publish","type":"product","link":"https:\/\/multicook.shop\/pl\/produkt\/herbata-czarna-bouquet-de-rosas-leveza\/","title":{"rendered":"HERBATA CZARNA BOUQUET DE ROSAS LEVEZA"},"content":{"rendered":"<p data-start=\"3060\" data-end=\"3354\">Poznaj t\u0119 wspania\u0142\u0105, niezwykle aromatyczn\u0105 herbat\u0119 zio\u0142ow\u0105 o w\u0142a\u015bciwo\u015bciach moczop\u0119dnych, uspokajaj\u0105cych, przeciwzapalnych i antybakteryjnych. Herbata z r\u00f3\u017cy mo\u017ce wspiera\u0107 oczyszczanie w\u0105troby i p\u0119cherzyka \u017c\u00f3\u0142ciowego. Podaruj t\u0119 naturaln\u0105 formu\u0142\u0119 tym, kt\u00f3rych kochasz najbardziej, i podziel si\u0119 swoim do\u015bwiadczeniem!  <\/p>\n<p data-start=\"3356\" data-end=\"3456\">Sk\u0142adniki: 100% r\u00f3\u017ce czerwone, p\u0142atki (Rosa L.).<br data-start=\"3412\" data-end=\"3415\">Rodzina: Rosaceae<br data-start=\"3435\" data-end=\"3438\"><strong data-start=\"3356\" data-end=\"3370\">Smak:<\/strong> Delikatny<\/p>\n<p data-start=\"3356\" data-end=\"3456\">Ciekawostki:<br data-start=\"3475\" data-end=\"3478\"><strong data-start=\"3458\" data-end=\"3475\">R\u00f3\u017ca<\/strong> \u2014 Wed\u0142ug danych naukowych pierwsze dzikie r\u00f3\u017ce pojawi\u0142y si\u0119 w ogrodach azjatyckich ponad 4000 lat p.n.e. Pocz\u0105tkowo by\u0142y wykorzystywane do dekoracji wn\u0119trz ze wzgl\u0119du na \u015bwie\u017cy i przyjemny zapach. Z czasem w kulturze zachodniej r\u00f3\u017ca sta\u0142a si\u0119 symbolem pozytywnej energii i wolno\u015bci ducha. Od zawsze by\u0142a jednym z najwa\u017cniejszych symboli kultury zachodniej. Zapach r\u00f3\u017c jest charakterystyczny dla Zachodu nie tylko ze wzgl\u0119du na powszechne u\u017cycie kosmetyk\u00f3w o r\u00f3\u017canym aromacie, lecz tak\u017ce dlatego, \u017ce p\u0142atki r\u00f3\u017cy s\u0105 obecne w wielu potrawach. R\u00f3\u017ca cz\u0119sto pojawia si\u0119 r\u00f3wnie\u017c w filmach przedstawiaj\u0105cych historie mi\u0142o\u015bci i jedno\u015bci.<\/p>\n<p data-start=\"4138\" data-end=\"4665\">W \u015bredniowieczu umieszczenie r\u00f3\u017cy na suficie oznacza\u0142o, \u017ce wszystko, co zostanie powiedziane w danym miejscu, powinno pozosta\u0107 tajemnic\u0105. P\u00f3\u017aniej motyw ten pojawi\u0142 si\u0119 w znanych dekoracjach i malowid\u0142ach na kr\u00f3lewskich monumentach. We Francji cesarzowa J\u00f3zefina przyczyni\u0142a si\u0119 do sadzenia krzew\u00f3w r\u00f3\u017c w wielu regionach kraju. Zgodnie z histori\u0105 \u017cona Napoleona by\u0142a zafascynowana r\u00f3\u017cami. Do dzi\u015b kwiat ten jest symbolem kultury francuskiej. W chrze\u015bcija\u0144stwie pierwsze r\u00f3\u017ca\u0144ce wykonywano z p\u0142atk\u00f3w r\u00f3\u017c ze wzgl\u0119du na ich zwi\u0105zek z Maryj\u0105 Dziewic\u0105.     <\/p>\n<p data-start=\"4667\" data-end=\"4726\">W botanice zarejestrowano ponad trzydzie\u015bci tysi\u0119cy gatunk\u00f3w r\u00f3\u017c.<\/p>\n<p data-start=\"4728\" data-end=\"5204\"><strong data-start=\"4728\" data-end=\"4755\">Wskazania terapeutyczne:<\/strong><br data-start=\"4755\" data-end=\"4758\">Herbata z r\u00f3\u017cy mo\u017ce \u0142agodzi\u0107 objawy menstruacji i menopauzy. Ten naturalny napar o w\u0142a\u015bciwo\u015bciach przeciwzapalnych i antybakteryjnych mo\u017ce wspomaga\u0107 leczenie stan\u00f3w zapalnych jamy ustnej i gard\u0142a (p\u0142ukanie), a tak\u017ce infekcji oczu, pochwy i sk\u00f3ry (stosowanie zewn\u0119trzne). Znana jest r\u00f3wnie\u017c z korzystnego wp\u0142ywu na odporno\u015b\u0107 i r\u00f3wnowag\u0119 uk\u0142adu pokarmowego. W kontek\u015bcie zdrowia kobiet herbata z r\u00f3\u017cy mo\u017ce wspiera\u0107 produkcj\u0119 kolagenu.   <\/p>\n<p data-start=\"5206\" data-end=\"5404\"><strong data-start=\"5206\" data-end=\"5227\">Temperatura wody: <\/strong>100\u00ba<br data-start=\"5232\" data-end=\"5235\"><strong data-start=\"5235\" data-end=\"5255\">Czas parzenia:<\/strong> 5\u20137 minut.<br data-start=\"5267\" data-end=\"5270\">Zalecana ilo\u015b\u0107: 1 \u0142y\u017ceczka na osob\u0119 (2 g na fili\u017cank\u0119). Mo\u017cna pi\u0107 do 4 fili\u017canek dziennie, poza g\u0142\u00f3wnymi posi\u0142kami. <\/p>\n<p data-start=\"5206\" data-end=\"5404\"><strong data-start=\"5406\" data-end=\"5430\">Spos\u00f3b przygotowania:<\/strong> Wsyp 1 \u0142y\u017ceczk\u0119 p\u0142atk\u00f3w r\u00f3\u017cy do 250 ml wcze\u015bniej zagotowanej wody, przykryj i parz przez 5\u20137 minut. Nast\u0119pnie przeced\u017a, lekko ostud\u017a i spo\u017cyj. <\/p>\n<p data-start=\"5600\" data-end=\"5792\"><strong data-start=\"5600\" data-end=\"5615\">Przechowywanie: <\/strong>Przechowywa\u0107 w ch\u0142odnym (maks. 20\u00ba) i suchym miejscu (maks. 60% wilgotno\u015bci).<br data-start=\"5690\" data-end=\"5693\"><strong data-start=\"5693\" data-end=\"5720\">Zastosowania kulinarne: <\/strong>Idealna do aromatyzowania konfitur, potraw, deser\u00f3w i gin\u00f3w.<\/p>\n","protected":false},"excerpt":{"rendered":"<p>Poznaj t\u0119 wspania\u0142\u0105, niezwykle aromatyczn\u0105 herbat\u0119 zio\u0142ow\u0105 o w\u0142a\u015bciwo\u015bciach moczop\u0119dnych, uspokajaj\u0105cych, przeciwzapalnych i antybakteryjnych. Herbata z r\u00f3\u017cy mo\u017ce wspiera\u0107 oczyszczanie<\/p>\n","protected":false},"featured_media":36691,"comment_status":"open","ping_status":"closed","template":"","meta":[],"product_brand":[],"product_cat":[346,344],"product_tag":[],"class_list":{"0":"post-36696","1":"product","2":"type-product","3":"status-publish","4":"has-post-thumbnail","6":"product_cat-herbata-i-kawa","7":"product_cat-wszystkie-nowe-produkty","9":"first","10":"instock","11":"taxable","12":"shipping-taxable","13":"purchasable","14":"product-type-simple"},"jetpack_sharing_enabled":true,"_links":{"self":[{"href":"https:\/\/multicook.shop\/pl\/wp-json\/wp\/v2\/product\/36696","targetHints":{"allow":["GET"]}}],"collection":[{"href":"https:\/\/multicook.shop\/pl\/wp-json\/wp\/v2\/product"}],"about":[{"href":"https:\/\/multicook.shop\/pl\/wp-json\/wp\/v2\/types\/product"}],"replies":[{"embeddable":true,"href":"https:\/\/multicook.shop\/pl\/wp-json\/wp\/v2\/comments?post=36696"}],"version-history":[{"count":2,"href":"https:\/\/multicook.shop\/pl\/wp-json\/wp\/v2\/product\/36696\/revisions"}],"predecessor-version":[{"id":37144,"href":"https:\/\/multicook.shop\/pl\/wp-json\/wp\/v2\/product\/36696\/revisions\/37144"}],"wp:featuredmedia":[{"embeddable":true,"href":"https:\/\/multicook.shop\/pl\/wp-json\/wp\/v2\/media\/36691"}],"wp:attachment":[{"href":"https:\/\/multicook.shop\/pl\/wp-json\/wp\/v2\/media?parent=36696"}],"wp:term":[{"taxonomy":"product_brand","embeddable":true,"href":"https:\/\/multicook.shop\/pl\/wp-json\/wp\/v2\/product_brand?post=36696"},{"taxonomy":"product_cat","embeddable":true,"href":"https:\/\/multicook.shop\/pl\/wp-json\/wp\/v2\/product_cat?post=36696"},{"taxonomy":"product_tag","embeddable":true,"href":"https:\/\/multicook.shop\/pl\/wp-json\/wp\/v2\/product_tag?post=36696"}],"curies":[{"name":"wp","href":"https:\/\/api.w.org\/{rel}","templated":true}]}}