{"id":36759,"date":"2025-11-29T09:09:18","date_gmt":"2025-11-29T09:09:18","guid":{"rendered":"https:\/\/multicook.shop\/product\/herbata-czarna-darjeeling-ftgfop1-sf-leveza\/"},"modified":"2025-12-17T11:05:46","modified_gmt":"2025-12-17T11:05:46","slug":"herbata-czarna-darjeeling-ftgfop1-sf-leveza","status":"publish","type":"product","link":"https:\/\/multicook.shop\/pl\/produkt\/herbata-czarna-darjeeling-ftgfop1-sf-leveza\/","title":{"rendered":"HERBATA CZARNA DARJEELING FTGFOP1 SF LEVEZA"},"content":{"rendered":"<p data-start=\"2580\" data-end=\"2712\">Nasza herbata pochodzi z ogrod\u00f3w regionu Darjeeling (Indie). Jest to herbata z upraw ekologicznych, z pierwszego zbioru (1st Flush).<\/p>\n<p data-start=\"2714\" data-end=\"2810\">Napar ma z\u0142ocisto-bursztynowy kolor, lekki i \u015bwie\u017cy smak z bardzo przyjemnymi nutami kwiatowymi.<\/p>\n<p data-start=\"2812\" data-end=\"2907\"><strong data-start=\"2812\" data-end=\"2826\">Sk\u0142adniki:<\/strong> 100% organiczna czarna herbata z regionu Darjeeling, selekcja pierwszej jako\u015bci.<\/p>\n<p data-start=\"2909\" data-end=\"2958\"><strong data-start=\"2909\" data-end=\"2925\">Pochodzenie:<\/strong> Indie<br data-start=\"2931\" data-end=\"2934\" \/><strong data-start=\"2934\" data-end=\"2945\">Region:<\/strong> Darjeeling<\/p>\n<p data-start=\"2960\" data-end=\"3367\"><strong data-start=\"2960\" data-end=\"3010\">FTGFOP \u201cFine Tippy Golden Broken Orange Pekoe\u201d<\/strong> \u2014 W\u015br\u00f3d mi\u0142o\u015bnik\u00f3w herbaty istnieje \u017cart, \u017ce skr\u00f3t FTGFOP oznacza \u201cFar Too Good For Ordinary People\u201d (\u201ezbyt dobra dla zwyk\u0142ych ludzi\u201d). W rzeczywisto\u015bci skr\u00f3t ten oznacza, \u017ce herbata pochodzi wy\u0142\u0105cznie z najlepszych plantacji i produkowana jest tylko z najwy\u017cszej jako\u015bci li\u015bci. Cyfra 1 wskazuje, \u017ce do tej herbaty wybierane s\u0105 absolutnie najlepsze li\u015bcie.<\/p>\n<p data-start=\"3369\" data-end=\"3521\"><strong data-start=\"3369\" data-end=\"3401\">W\u0142a\u015bciwo\u015bci czarnej herbaty:<\/strong> zmniejsza uczucie zm\u0119czenia, wspomaga redukcj\u0119 masy cia\u0142a, obni\u017ca ryzyko pr\u00f3chnicy z\u0119b\u00f3w oraz wspiera proces trawienia.<\/p>\n<p data-start=\"3523\" data-end=\"3569\"><strong data-start=\"3523\" data-end=\"3569\">Przechowywanie herbaty Darjeeling FTGFOP-1<\/strong><\/p>\n<p data-start=\"3571\" data-end=\"3712\">Herbat\u0119 Darjeeling FTGFOP-1 nale\u017cy przechowywa\u0107 z dala od \u015bwiat\u0142a, powietrza, wilgoci, zapach\u00f3w oraz ciep\u0142a, aby zachowa\u0107 jej walory smakowe.<\/p>\n<p data-start=\"3714\" data-end=\"3759\">Najlepszym rozwi\u0105zaniem jest metalowa puszka.<\/p>\n<p data-start=\"3761\" data-end=\"3887\" data-is-last-node=\"\" data-is-only-node=\"\"><strong data-start=\"3761\" data-end=\"3782\">Temperatura wody:<\/strong> 100\u00ba<br data-start=\"3787\" data-end=\"3790\" \/><strong data-start=\"3790\" data-end=\"3808\">Czas parzenia:<\/strong> 2\u20134 minuty.<br data-start=\"3820\" data-end=\"3823\" \/><strong data-start=\"3823\" data-end=\"3842\">Zalecana ilo\u015b\u0107:<\/strong> 1 \u0142y\u017ceczka na osob\u0119. Oko\u0142o 2 g na fili\u017cank\u0119.<\/p>\n","protected":false},"excerpt":{"rendered":"<p>Nasza herbata pochodzi z ogrod\u00f3w regionu Darjeeling (Indie). Jest to herbata z upraw ekologicznych, z pierwszego zbioru (1st Flush). Napar<\/p>\n","protected":false},"featured_media":36754,"comment_status":"open","ping_status":"closed","template":"","meta":[],"product_brand":[],"product_cat":[346,344],"product_tag":[],"class_list":{"0":"post-36759","1":"product","2":"type-product","3":"status-publish","4":"has-post-thumbnail","6":"product_cat-herbata-i-kawa","7":"product_cat-wszystkie-nowe-produkty","9":"first","10":"instock","11":"taxable","12":"shipping-taxable","13":"purchasable","14":"product-type-simple"},"jetpack_sharing_enabled":true,"_links":{"self":[{"href":"https:\/\/multicook.shop\/pl\/wp-json\/wp\/v2\/product\/36759","targetHints":{"allow":["GET"]}}],"collection":[{"href":"https:\/\/multicook.shop\/pl\/wp-json\/wp\/v2\/product"}],"about":[{"href":"https:\/\/multicook.shop\/pl\/wp-json\/wp\/v2\/types\/product"}],"replies":[{"embeddable":true,"href":"https:\/\/multicook.shop\/pl\/wp-json\/wp\/v2\/comments?post=36759"}],"version-history":[{"count":2,"href":"https:\/\/multicook.shop\/pl\/wp-json\/wp\/v2\/product\/36759\/revisions"}],"predecessor-version":[{"id":37169,"href":"https:\/\/multicook.shop\/pl\/wp-json\/wp\/v2\/product\/36759\/revisions\/37169"}],"wp:featuredmedia":[{"embeddable":true,"href":"https:\/\/multicook.shop\/pl\/wp-json\/wp\/v2\/media\/36754"}],"wp:attachment":[{"href":"https:\/\/multicook.shop\/pl\/wp-json\/wp\/v2\/media?parent=36759"}],"wp:term":[{"taxonomy":"product_brand","embeddable":true,"href":"https:\/\/multicook.shop\/pl\/wp-json\/wp\/v2\/product_brand?post=36759"},{"taxonomy":"product_cat","embeddable":true,"href":"https:\/\/multicook.shop\/pl\/wp-json\/wp\/v2\/product_cat?post=36759"},{"taxonomy":"product_tag","embeddable":true,"href":"https:\/\/multicook.shop\/pl\/wp-json\/wp\/v2\/product_tag?post=36759"}],"curies":[{"name":"wp","href":"https:\/\/api.w.org\/{rel}","templated":true}]}}