{"id":36785,"date":"2025-11-29T09:10:04","date_gmt":"2025-11-29T09:10:04","guid":{"rendered":"https:\/\/multicook.shop\/product\/herbata-owocowa-ilha-dos-sonhos-leveza\/"},"modified":"2025-12-17T11:25:49","modified_gmt":"2025-12-17T11:25:49","slug":"herbata-owocowa-ilha-dos-sonhos-leveza","status":"publish","type":"product","link":"https:\/\/multicook.shop\/pl\/produkt\/herbata-owocowa-ilha-dos-sonhos-leveza\/","title":{"rendered":"HERBATA OWOCOWA ILHA DOS SONHOS LEVEZA"},"content":{"rendered":"<p data-start=\"5209\" data-end=\"5374\">Rozkoszuj si\u0119 tym wspania\u0142ym naparem owocowym o wyj\u0105tkowych aromatach, kt\u00f3re przenios\u0105 Ci\u0119 na prawdziw\u0105 wysp\u0119 marze\u0144. Spr\u00f3buj i podziel si\u0119 z nami swoimi wra\u017ceniami!<\/p>\n<p data-start=\"5376\" data-end=\"5561\"><strong data-start=\"5376\" data-end=\"5390\">Sk\u0142adniki:<\/strong> kawa\u0142ki owoc\u00f3w dzikiej r\u00f3\u017cy, hibiskus, sk\u00f3rki pomara\u0144czy, p\u0142atki s\u0142onecznika, p\u0142atki krokosza barwierskiego, p\u0142atki b\u0142awatka niebieskiego, naturalne aromaty pomara\u0144czowe.<\/p>\n<p data-start=\"5563\" data-end=\"5579\"><strong data-start=\"5563\" data-end=\"5579\">Ciekawostki:<\/strong><\/p>\n<p data-start=\"5581\" data-end=\"6044\"><strong data-start=\"5581\" data-end=\"5595\">Dzika r\u00f3\u017ca<\/strong> \u2014 Podczas II wojny \u015bwiatowej \u017co\u0142nierze spo\u017cywali owoce dzikiej r\u00f3\u017cy jako naturalne \u017ar\u00f3d\u0142o witaminy C. Owoce te zawieraj\u0105 jej du\u017ce ilo\u015bci, niezb\u0119dne do wzmocnienia odporno\u015bci i utrzymania jej sprawno\u015bci w trudnych warunkach wojennych. Ponadto witamina C wspiera prawid\u0142owe wytwarzanie kolagenu, umo\u017cliwiaj\u0105c w\u0142a\u015bciwe funkcjonowanie naczy\u0144 krwiono\u015bnych, ko\u015bci, chrz\u0105stek, sk\u00f3ry, dzi\u0105se\u0142 i z\u0119b\u00f3w, a tak\u017ce chroni kom\u00f3rki przed niepo\u017c\u0105danym utlenianiem.<\/p>\n<p data-start=\"6046\" data-end=\"6579\"><strong data-start=\"6046\" data-end=\"6060\">S\u0142onecznik<\/strong> \u2014 S\u0142onecznik to ro\u015blina dwuli\u015bcienna z rodziny astrowatych, pochodz\u0105ca z zachodniej cz\u0119\u015bci Ameryki P\u00f3\u0142nocnej, osi\u0105gaj\u0105ca do 4 metr\u00f3w wysoko\u015bci. Uwa\u017ca si\u0119, \u017ce jego pierwsza uprawa rozpocz\u0119\u0142a si\u0119 oko\u0142o 4500 lat temu dzi\u0119ki rdzennym mieszka\u0144com. Jego nazwa naukowa <em data-start=\"6323\" data-end=\"6342\">Helianthus annuus<\/em> oznacza \u201ekwiat s\u0142o\u0144ca\u201d. Ze wzgl\u0119du na intensywne barwy s\u0142onecznik kojarzony jest ze szcz\u0119\u015bciem i pozytywn\u0105 energi\u0105. Znany jest z tego, \u017ce ro\u015bnie w kierunku s\u0142o\u0144ca a\u017c do ko\u0144ca \u017cycia i kwitnie przez ca\u0142y rok w temperaturach od 18\u00ba do 30\u00ba.<\/p>\n<p data-start=\"6581\" data-end=\"7020\"><strong data-start=\"6581\" data-end=\"6592\">Krokosz<\/strong> \u2014 Krokosz uznawany jest za ro\u015blin\u0119 lecznicz\u0105 o dzia\u0142aniu antyoksydacyjnym i przeciwzapalnym. Mo\u017ce wspomaga\u0107 kontrol\u0119 poziomu cholesterolu oraz proces odchudzania. Jego pochodzenie nie jest dok\u0142adnie znane, cho\u0107 uwa\u017ca si\u0119, \u017ce istnieje od ponad 4000 lat. Jest to ro\u015blina bardzo odporna na r\u00f3\u017cne warunki klimatyczne. Jej p\u0142atki mog\u0105 wzmacnia\u0107 uk\u0142ad odporno\u015bciowy, zmniejsza\u0107 apetyt, wspiera\u0107 utrat\u0119 wagi oraz \u0142agodzi\u0107 b\u00f3le staw\u00f3w.<\/p>\n<p data-start=\"7022\" data-end=\"7147\"><strong data-start=\"7022\" data-end=\"7043\">Temperatura wody:<\/strong> 100\u00ba<br data-start=\"7048\" data-end=\"7051\" \/><strong data-start=\"7051\" data-end=\"7069\">Czas parzenia:<\/strong> 3\u20135 minut.<br data-start=\"7080\" data-end=\"7083\" \/><strong data-start=\"7083\" data-end=\"7102\">Zalecana ilo\u015b\u0107:<\/strong> 1 \u0142y\u017ceczka na osob\u0119. Oko\u0142o 4 g na fili\u017cank\u0119.<\/p>\n<p data-start=\"7149\" data-end=\"7332\"><strong data-start=\"7149\" data-end=\"7174\">Spos\u00f3b przygotowania:<\/strong> Wsyp 1 \u0142y\u017ceczk\u0119 do wcze\u015bniej zagotowanej wody. Przykryj i parz przez 3\u20135 minut. Nast\u0119pnie przeced\u017a \u2014 herbata jest gotowa do spo\u017cycia, na ciep\u0142o lub na zimno.<\/p>\n<p data-start=\"7334\" data-end=\"7431\"><strong data-start=\"7334\" data-end=\"7353\">Przechowywanie:<\/strong> Przechowywa\u0107 w suchym (maks. 20\u00ba) i ch\u0142odnym miejscu (maks. 60% wilgotno\u015bci).<\/p>\n<p data-start=\"7433\" data-end=\"7863\" data-is-last-node=\"\" data-is-only-node=\"\"><strong data-start=\"7433\" data-end=\"7469\">Jak przygotowa\u0107 herbat\u0119 mro\u017con\u0105:<\/strong><br data-start=\"7469\" data-end=\"7472\" \/>Wsyp dwie \u0142y\u017cki herbaty do 1,5 l przegotowanej wody, pozostaw do ostygni\u0119cia, a nast\u0119pnie wstaw do lod\u00f3wki. Je\u015bli chcesz doda\u0107 cukier, zr\u00f3b to, gdy herbata jest jeszcze ciep\u0142a. Dla zdrowszej wersji dodaj 1 \u0142y\u017ceczk\u0119 deserow\u0105 stewii (nie parz jej d\u0142u\u017cej ni\u017c 3 minuty, aby nap\u00f3j nie by\u0142 zbyt s\u0142odki). W ten spos\u00f3b otrzymasz wspania\u0142\u0105 herbat\u0119 mro\u017con\u0105 bez dodatku cukru i sztucznych konserwant\u00f3w.<\/p>\n","protected":false},"excerpt":{"rendered":"<p>Rozkoszuj si\u0119 tym wspania\u0142ym naparem owocowym o wyj\u0105tkowych aromatach, kt\u00f3re przenios\u0105 Ci\u0119 na prawdziw\u0105 wysp\u0119 marze\u0144. Spr\u00f3buj i podziel si\u0119<\/p>\n","protected":false},"featured_media":36781,"comment_status":"open","ping_status":"closed","template":"","meta":[],"product_brand":[],"product_cat":[346,344],"product_tag":[],"class_list":{"0":"post-36785","1":"product","2":"type-product","3":"status-publish","4":"has-post-thumbnail","6":"product_cat-herbata-i-kawa","7":"product_cat-wszystkie-nowe-produkty","9":"first","10":"instock","11":"taxable","12":"shipping-taxable","13":"purchasable","14":"product-type-simple"},"jetpack_sharing_enabled":true,"_links":{"self":[{"href":"https:\/\/multicook.shop\/pl\/wp-json\/wp\/v2\/product\/36785","targetHints":{"allow":["GET"]}}],"collection":[{"href":"https:\/\/multicook.shop\/pl\/wp-json\/wp\/v2\/product"}],"about":[{"href":"https:\/\/multicook.shop\/pl\/wp-json\/wp\/v2\/types\/product"}],"replies":[{"embeddable":true,"href":"https:\/\/multicook.shop\/pl\/wp-json\/wp\/v2\/comments?post=36785"}],"version-history":[{"count":2,"href":"https:\/\/multicook.shop\/pl\/wp-json\/wp\/v2\/product\/36785\/revisions"}],"predecessor-version":[{"id":37186,"href":"https:\/\/multicook.shop\/pl\/wp-json\/wp\/v2\/product\/36785\/revisions\/37186"}],"wp:featuredmedia":[{"embeddable":true,"href":"https:\/\/multicook.shop\/pl\/wp-json\/wp\/v2\/media\/36781"}],"wp:attachment":[{"href":"https:\/\/multicook.shop\/pl\/wp-json\/wp\/v2\/media?parent=36785"}],"wp:term":[{"taxonomy":"product_brand","embeddable":true,"href":"https:\/\/multicook.shop\/pl\/wp-json\/wp\/v2\/product_brand?post=36785"},{"taxonomy":"product_cat","embeddable":true,"href":"https:\/\/multicook.shop\/pl\/wp-json\/wp\/v2\/product_cat?post=36785"},{"taxonomy":"product_tag","embeddable":true,"href":"https:\/\/multicook.shop\/pl\/wp-json\/wp\/v2\/product_tag?post=36785"}],"curies":[{"name":"wp","href":"https:\/\/api.w.org\/{rel}","templated":true}]}}