{"id":36868,"date":"2025-11-29T09:22:05","date_gmt":"2025-11-29T09:22:05","guid":{"rendered":"https:\/\/multicook.shop\/product\/roibos-laranja-i-cytryna-leveza\/"},"modified":"2025-12-17T12:17:34","modified_gmt":"2025-12-17T12:17:34","slug":"roibos-laranja-i-cytryna-leveza","status":"publish","type":"product","link":"https:\/\/multicook.shop\/pl\/produkt\/roibos-laranja-i-cytryna-leveza\/","title":{"rendered":"ROIBOS LARANJA I CYTRYNA LEVEZA"},"content":{"rendered":"<p data-start=\"5638\" data-end=\"5753\">Rozkoszuj si\u0119 naszym rooibosem Pomara\u0144cza i Cytryna, bogatym w witamin\u0119 C. Spr\u00f3buj i podziel si\u0119 swoimi wra\u017ceniami!<\/p>\n<p data-start=\"5755\" data-end=\"5936\"><strong data-start=\"5755\" data-end=\"5769\">Sk\u0142adniki:<\/strong> rooibos (<em data-start=\"5779\" data-end=\"5800\">Aspalathus linearis<\/em> L.), sk\u00f3rki pomara\u0144czy (<em data-start=\"5825\" data-end=\"5842\">Citrus sinensis<\/em> L.), trawa cytrynowa (<em data-start=\"5865\" data-end=\"5886\">Cymbopogon citratus<\/em> L.) z naturalnymi aromatami pomara\u0144czy i cytryny.<\/p>\n<p data-start=\"5938\" data-end=\"6534\"><strong data-start=\"5938\" data-end=\"5968\">Czym jest herbata Rooibos?<\/strong><br data-start=\"5968\" data-end=\"5971\" \/>Rooibos to krzew wyst\u0119puj\u0105cy wy\u0142\u0105cznie w Republice Po\u0142udniowej Afryki. Znany r\u00f3wnie\u017c jako Czerwona Herbata ze wzgl\u0119du na sw\u00f3j kolor, nie powinien by\u0107 mylony z herbat\u0105 Pu Erh (<em data-start=\"6146\" data-end=\"6165\">Camellia sinensis<\/em>). Herbata rooibos nie zawiera teiny, dlatego mo\u017ce by\u0107 spo\u017cywana przez ka\u017cdego. Nie staje si\u0119 gorzka nawet przy d\u0142ugim parzeniu. Nasz rooibos ma wysok\u0105 zawarto\u015b\u0107 flawonoid\u00f3w, co czyni go silnym sk\u0142adnikiem detoksykuj\u0105cym dla os\u00f3b chc\u0105cych schudn\u0105\u0107. Po treningu herbata rooibos wspomaga regeneracj\u0119 po mikrourazach, a tak\u017ce pomaga w nawodnieniu i wzmacnianiu odporno\u015bci.<\/p>\n<p data-start=\"6536\" data-end=\"7002\">Gatunek <em data-start=\"6544\" data-end=\"6565\">Aspalathus linearis<\/em> jest uprawiany przez 400 lokalnych producent\u00f3w wy\u0142\u0105cznie w pi\u0119knym g\u00f3rskim regionie Cederberg w RPA. Nazwa \u201elinearis\u201d odnosi si\u0119 do d\u0142ugiego i spiczastego kszta\u0142tu li\u015bci rooibosa. W tym kraju herbata rooibos jest zazwyczaj pita z plasterkiem cytryny, miodem lub cukrem. Powszechne jest r\u00f3wnie\u017c ponowne u\u017cywanie tego samego naparu i jego podgrzewanie przez pierwsze 48 godzin. Wi\u0119kszo\u015b\u0107 eksportu trafia do Stan\u00f3w Zjednoczonych i Niemiec.<\/p>\n<p data-start=\"7004\" data-end=\"7558\"><strong data-start=\"7004\" data-end=\"7020\">Ciekawostki:<\/strong><br data-start=\"7020\" data-end=\"7023\" \/>Trawa cytrynowa pochodzi z Ameryki \u015arodkowej i Azji Po\u0142udniowo-Zachodniej, nale\u017cy do rodziny Poaceae i jest bardzo ceniona na Karaibach, w Indiach, Tajlandii, Malezji, Indonezji i Australii. Ta wytrzyma\u0142a ro\u015blina preferuje \u0142agodne warunki, wilgo\u0107 i dobre nas\u0142onecznienie. W wielu krajach jest u\u017cywana jako warzywo i zio\u0142o aromatyczne w potrawach z kokosem, curry, ryb\u0105, imbirem i mi\u0119sem. Szybko ro\u015bnie i wspiera dobre samopoczucie fizyczne oraz psychiczne. Herbata z trawy cytrynowej polecana jest zar\u00f3wno na ciep\u0142e, jak i ch\u0142odne dni.<\/p>\n<p data-start=\"7560\" data-end=\"7741\">W Surinamie ro\u015blina ta jest stosowana w leczeniu kaszlu, astmy, b\u00f3l\u00f3w g\u0142owy i gor\u0105czki. Na Zachodzie u\u017cywana jest jako tonik trawienny i naturalny \u015brodek uspokajaj\u0105cy uk\u0142ad nerwowy.<\/p>\n<p data-start=\"7743\" data-end=\"8152\"><strong data-start=\"7743\" data-end=\"7764\">Temperatura wody:<\/strong> 100\u00ba<br data-start=\"7769\" data-end=\"7772\" \/><strong data-start=\"7772\" data-end=\"7790\">Czas parzenia:<\/strong> 3\u20135 minut.<br data-start=\"7801\" data-end=\"7804\" \/><strong data-start=\"7804\" data-end=\"7823\">Zalecana ilo\u015b\u0107:<\/strong> 1 \u0142y\u017ceczka na osob\u0119. Oko\u0142o 2 g na fili\u017cank\u0119.<br data-start=\"7868\" data-end=\"7871\" \/><strong data-start=\"7871\" data-end=\"7896\">Spos\u00f3b przygotowania:<\/strong> Umie\u015b\u0107 1 \u0142y\u017ceczk\u0119 w uprzednio zagotowanej wodzie. Przykryj i parz przez 3\u20135 minut. Nast\u0119pnie przeced\u017a \u2014 herbata gotowa do spo\u017cycia, na ciep\u0142o lub na zimno.<br data-start=\"8052\" data-end=\"8055\" \/><strong data-start=\"8055\" data-end=\"8074\">Przechowywanie:<\/strong> Przechowywa\u0107 w ch\u0142odnym (maks. 20\u00ba) i suchym miejscu (maks. 60% wilgotno\u015bci).<\/p>\n<p data-start=\"8154\" data-end=\"8419\" data-is-last-node=\"\" data-is-only-node=\"\"><strong data-start=\"8154\" data-end=\"8167\">Sugestia:<\/strong> Przygotuj pyszny ICE TEA z rooibosa Pomara\u0144cza i Cytryna. Zagotuj 1 litr wody i dodaj mieszank\u0119. Parz oko\u0142o 5 minut lub d\u0142u\u017cej, a\u017c uzyskasz intensywny smak. Dos\u0142od\u017a miodem i sch\u0142\u00f3d\u017a w lod\u00f3wce. Podawaj z lodem, odrobin\u0105 wody gazowanej i listkiem mi\u0119ty.<\/p>\n","protected":false},"excerpt":{"rendered":"<p>Rozkoszuj si\u0119 naszym rooibosem Pomara\u0144cza i Cytryna, bogatym w witamin\u0119 C. Spr\u00f3buj i podziel si\u0119 swoimi wra\u017ceniami! Sk\u0142adniki: rooibos (Aspalathus<\/p>\n","protected":false},"featured_media":36866,"comment_status":"open","ping_status":"closed","template":"","meta":[],"product_brand":[],"product_cat":[346,344],"product_tag":[],"class_list":{"0":"post-36868","1":"product","2":"type-product","3":"status-publish","4":"has-post-thumbnail","6":"product_cat-herbata-i-kawa","7":"product_cat-wszystkie-nowe-produkty","9":"first","10":"instock","11":"taxable","12":"shipping-taxable","13":"purchasable","14":"product-type-simple"},"jetpack_sharing_enabled":true,"_links":{"self":[{"href":"https:\/\/multicook.shop\/pl\/wp-json\/wp\/v2\/product\/36868","targetHints":{"allow":["GET"]}}],"collection":[{"href":"https:\/\/multicook.shop\/pl\/wp-json\/wp\/v2\/product"}],"about":[{"href":"https:\/\/multicook.shop\/pl\/wp-json\/wp\/v2\/types\/product"}],"replies":[{"embeddable":true,"href":"https:\/\/multicook.shop\/pl\/wp-json\/wp\/v2\/comments?post=36868"}],"version-history":[{"count":2,"href":"https:\/\/multicook.shop\/pl\/wp-json\/wp\/v2\/product\/36868\/revisions"}],"predecessor-version":[{"id":37213,"href":"https:\/\/multicook.shop\/pl\/wp-json\/wp\/v2\/product\/36868\/revisions\/37213"}],"wp:featuredmedia":[{"embeddable":true,"href":"https:\/\/multicook.shop\/pl\/wp-json\/wp\/v2\/media\/36866"}],"wp:attachment":[{"href":"https:\/\/multicook.shop\/pl\/wp-json\/wp\/v2\/media?parent=36868"}],"wp:term":[{"taxonomy":"product_brand","embeddable":true,"href":"https:\/\/multicook.shop\/pl\/wp-json\/wp\/v2\/product_brand?post=36868"},{"taxonomy":"product_cat","embeddable":true,"href":"https:\/\/multicook.shop\/pl\/wp-json\/wp\/v2\/product_cat?post=36868"},{"taxonomy":"product_tag","embeddable":true,"href":"https:\/\/multicook.shop\/pl\/wp-json\/wp\/v2\/product_tag?post=36868"}],"curies":[{"name":"wp","href":"https:\/\/api.w.org\/{rel}","templated":true}]}}