{"id":36873,"date":"2025-11-29T09:22:35","date_gmt":"2025-11-29T09:22:35","guid":{"rendered":"https:\/\/multicook.shop\/product\/rooibos-montanhas-do-paraiso-leveza\/"},"modified":"2025-12-17T12:26:07","modified_gmt":"2025-12-17T12:26:07","slug":"rooibos-montanhas-do-paraiso-leveza","status":"publish","type":"product","link":"https:\/\/multicook.shop\/pl\/produkt\/rooibos-montanhas-do-paraiso-leveza\/","title":{"rendered":"ROOIBOS MONTANHAS DO PARA\u00cdSO LEVEZA"},"content":{"rendered":"<div class=\"flex flex-col text-sm pb-25\">\n<article class=\"text-token-text-primary w-full focus:outline-none [--shadow-height:45px] has-data-writing-block:pointer-events-none has-data-writing-block:-mt-(--shadow-height) has-data-writing-block:pt-(--shadow-height) [&amp;:has([data-writing-block])&gt;*]:pointer-events-auto scroll-mt-[calc(var(--header-height)+min(200px,max(70px,20svh)))]\" dir=\"auto\" tabindex=\"-1\" data-turn-id=\"request-WEB:ee5b21c5-19f0-4dc0-a59d-d74837e65831-21\" data-testid=\"conversation-turn-44\" data-scroll-anchor=\"true\" data-turn=\"assistant\">\n<div class=\"text-base my-auto mx-auto pb-10 [--thread-content-margin:--spacing(4)] @w-sm\/main:[--thread-content-margin:--spacing(6)] @w-lg\/main:[--thread-content-margin:--spacing(16)] px-(--thread-content-margin)\">\n<div class=\"[--thread-content-max-width:40rem] @w-lg\/main:[--thread-content-max-width:48rem] mx-auto max-w-(--thread-content-max-width) flex-1 group\/turn-messages focus-visible:outline-hidden relative flex w-full min-w-0 flex-col agent-turn\" tabindex=\"-1\">\n<div class=\"flex max-w-full flex-col grow\">\n<div class=\"min-h-8 text-message relative flex w-full flex-col items-end gap-2 text-start break-words whitespace-normal [.text-message+&amp;]:mt-1\" dir=\"auto\" data-message-author-role=\"assistant\" data-message-id=\"94aea0a5-e37c-44ba-8c7f-d53ed1e94107\" data-message-model-slug=\"gpt-5-2\">\n<div class=\"flex w-full flex-col gap-1 empty:hidden first:pt-[1px]\">\n<div class=\"markdown prose dark:prose-invert w-full break-words light markdown-new-styling\">\n<p data-start=\"5018\" data-end=\"5196\">Rozkoszuj si\u0119 t\u0105 wspania\u0142\u0105 egzotyczn\u0105 mieszank\u0105 z kawa\u0142kami marchewki i niezwyk\u0142ymi naturalnymi aromatami. Odkryj \u015bwiat naszego Rooibos G\u00f3ry Raju i podziel si\u0119 swoimi wra\u017ceniami!<\/p>\n<p data-start=\"5198\" data-end=\"5419\"><strong data-start=\"5198\" data-end=\"5212\">Sk\u0142adniki:<\/strong> 91% rooibos (<em data-start=\"5226\" data-end=\"5250\">Aspalathus linearis L.<\/em>), kawa\u0142ki marchewki (<em data-start=\"5272\" data-end=\"5290\">Daucus carota L.<\/em>), p\u0142atki s\u0142onecznika (<em data-start=\"5313\" data-end=\"5335\">Helianthus annuus L.<\/em>), kwiaty malwy (<em data-start=\"5352\" data-end=\"5373\">Malva sylvestris L.<\/em>) z naturalnymi aromatami truskawki i ananasa.<\/p>\n<p data-start=\"5421\" data-end=\"6032\"><strong data-start=\"5421\" data-end=\"5451\">Czym jest herbata Rooibos?<\/strong><br data-start=\"5451\" data-end=\"5454\" \/>Rooibos to krzew wyst\u0119puj\u0105cy wy\u0142\u0105cznie w Republice Po\u0142udniowej Afryki. Znany r\u00f3wnie\u017c jako Czerwona Herbata ze wzgl\u0119du na sw\u00f3j kolor, nie powinien by\u0107 mylony z herbat\u0105 Pu Erh (<em data-start=\"5629\" data-end=\"5648\">Camellia sinensis<\/em>). Herbata rooibos nie zawiera teiny, dlatego mo\u017ce by\u0107 spo\u017cywana przez ka\u017cdego. Nie staje si\u0119 gorzka nawet przy d\u0142ugim parzeniu. Nasz rooibos zawiera wysokie st\u0119\u017cenie flawonoid\u00f3w, co czyni go silnym sk\u0142adnikiem detoksykuj\u0105cym dla os\u00f3b chc\u0105cych schudn\u0105\u0107. Po treningu herbata rooibos wspomaga regeneracj\u0119 po mikrourazach, a tak\u017ce pomaga w nawodnieniu organizmu i wzmacnianiu odporno\u015bci.<\/p>\n<p data-start=\"6034\" data-end=\"6500\">Gatunek <em data-start=\"6042\" data-end=\"6063\">Aspalathus linearis<\/em> jest uprawiany przez 400 lokalnych producent\u00f3w wy\u0142\u0105cznie w pi\u0119knym g\u00f3rskim regionie Cederberg w RPA. Nazwa \u201elinearis\u201d odnosi si\u0119 do d\u0142ugiego i spiczastego kszta\u0142tu li\u015bci rooibosa. W tym kraju herbata rooibos jest zazwyczaj pita z plasterkiem cytryny, miodem lub cukrem. Powszechne jest r\u00f3wnie\u017c ponowne u\u017cywanie tego samego naparu i jego podgrzewanie przez pierwsze 48 godzin. Wi\u0119kszo\u015b\u0107 eksportu trafia do Stan\u00f3w Zjednoczonych i Niemiec.<\/p>\n<p data-start=\"6502\" data-end=\"7084\"><strong data-start=\"6502\" data-end=\"6518\">Ciekawostki:<\/strong><br data-start=\"6518\" data-end=\"6521\" \/>Marchew jest warzywem z rodziny selerowatych (Apiaceae), prawdopodobnie pochodz\u0105cym z Afganistanu. Wed\u0142ug zapis\u00f3w historycznych marchew by\u0142a uprawiana ju\u017c ponad dwa tysi\u0105ce lat temu. Jednak marchew znana dzi\u015b r\u00f3\u017cni si\u0119 kolorem od tej znanej Grekom i Rzymianom. W XVI wieku, dzi\u0119ki holenderskiej rodzinie kr\u00f3lewskiej z dynastii Ora\u0144skiej, marchew przyj\u0119\u0142a charakterystyczny pomara\u0144czowy kolor, b\u0119d\u0105cy ulubion\u0105 barw\u0105 imperium. Wcze\u015bniej istnia\u0142y jedynie odmiany fioletowe, \u017c\u00f3\u0142te, czerwone i bia\u0142e. Pomara\u0144czowy kolor jest wynikiem skrzy\u017cowania kilku odmian marchwi.<\/p>\n<p data-start=\"7086\" data-end=\"7212\"><strong data-start=\"7086\" data-end=\"7107\">Temperatura wody:<\/strong> 100\u00baC<br data-start=\"7113\" data-end=\"7116\" \/><strong data-start=\"7116\" data-end=\"7134\">Czas parzenia:<\/strong> 3\u20135 minut.<br data-start=\"7145\" data-end=\"7148\" \/><strong data-start=\"7148\" data-end=\"7167\">Zalecana ilo\u015b\u0107:<\/strong> 1 \u0142y\u017ceczka na osob\u0119. Oko\u0142o 2 g na fili\u017cank\u0119.<\/p>\n<p data-start=\"7214\" data-end=\"7403\"><strong data-start=\"7214\" data-end=\"7239\">Spos\u00f3b przygotowania:<\/strong> Umie\u015b\u0107 1 \u0142y\u017ceczk\u0119 w naczyniu z wcze\u015bniej zagotowan\u0105 wod\u0105. Przykryj i parz przez 3\u20135 minut. Nast\u0119pnie przeced\u017a \u2014 herbata gotowa do spo\u017cycia, na ciep\u0142o lub na zimno.<\/p>\n<p data-start=\"7405\" data-end=\"7503\" data-is-last-node=\"\" data-is-only-node=\"\"><strong data-start=\"7405\" data-end=\"7424\">Przechowywanie:<\/strong> Przechowywa\u0107 w ch\u0142odnym (maks. 20\u00baC) i suchym miejscu (maks. 60% wilgotno\u015bci).<\/p>\n<\/div>\n<\/div>\n<\/div>\n<\/div>\n<\/div>\n<\/div>\n<\/article>\n<\/div>\n","protected":false},"excerpt":{"rendered":"<p>Rozkoszuj si\u0119 t\u0105 wspania\u0142\u0105 egzotyczn\u0105 mieszank\u0105 z kawa\u0142kami marchewki i niezwyk\u0142ymi naturalnymi aromatami. Odkryj \u015bwiat naszego Rooibos G\u00f3ry Raju i<\/p>\n","protected":false},"featured_media":36860,"comment_status":"open","ping_status":"closed","template":"","meta":[],"product_brand":[],"product_cat":[346,344],"product_tag":[],"class_list":{"0":"post-36873","1":"product","2":"type-product","3":"status-publish","4":"has-post-thumbnail","6":"product_cat-herbata-i-kawa","7":"product_cat-wszystkie-nowe-produkty","9":"first","10":"instock","11":"taxable","12":"shipping-taxable","13":"purchasable","14":"product-type-simple"},"jetpack_sharing_enabled":true,"_links":{"self":[{"href":"https:\/\/multicook.shop\/pl\/wp-json\/wp\/v2\/product\/36873","targetHints":{"allow":["GET"]}}],"collection":[{"href":"https:\/\/multicook.shop\/pl\/wp-json\/wp\/v2\/product"}],"about":[{"href":"https:\/\/multicook.shop\/pl\/wp-json\/wp\/v2\/types\/product"}],"replies":[{"embeddable":true,"href":"https:\/\/multicook.shop\/pl\/wp-json\/wp\/v2\/comments?post=36873"}],"version-history":[{"count":2,"href":"https:\/\/multicook.shop\/pl\/wp-json\/wp\/v2\/product\/36873\/revisions"}],"predecessor-version":[{"id":37223,"href":"https:\/\/multicook.shop\/pl\/wp-json\/wp\/v2\/product\/36873\/revisions\/37223"}],"wp:featuredmedia":[{"embeddable":true,"href":"https:\/\/multicook.shop\/pl\/wp-json\/wp\/v2\/media\/36860"}],"wp:attachment":[{"href":"https:\/\/multicook.shop\/pl\/wp-json\/wp\/v2\/media?parent=36873"}],"wp:term":[{"taxonomy":"product_brand","embeddable":true,"href":"https:\/\/multicook.shop\/pl\/wp-json\/wp\/v2\/product_brand?post=36873"},{"taxonomy":"product_cat","embeddable":true,"href":"https:\/\/multicook.shop\/pl\/wp-json\/wp\/v2\/product_cat?post=36873"},{"taxonomy":"product_tag","embeddable":true,"href":"https:\/\/multicook.shop\/pl\/wp-json\/wp\/v2\/product_tag?post=36873"}],"curies":[{"name":"wp","href":"https:\/\/api.w.org\/{rel}","templated":true}]}}