{"id":36883,"date":"2025-11-29T09:21:11","date_gmt":"2025-11-29T09:21:11","guid":{"rendered":"https:\/\/multicook.shop\/product\/roibos-jagody-lesne-leveza\/"},"modified":"2025-12-17T12:03:34","modified_gmt":"2025-12-17T12:03:34","slug":"roibos-jagody-lesne-leveza","status":"publish","type":"product","link":"https:\/\/multicook.shop\/pl\/produkt\/roibos-jagody-lesne-leveza\/","title":{"rendered":"ROIBOS JAGODY LE\u015aNE LEVEZA"},"content":{"rendered":"<div class=\"flex flex-col text-sm pb-25\">\n<article class=\"text-token-text-primary w-full focus:outline-none [--shadow-height:45px] has-data-writing-block:pointer-events-none has-data-writing-block:-mt-(--shadow-height) has-data-writing-block:pt-(--shadow-height) [&amp;:has([data-writing-block])&gt;*]:pointer-events-auto scroll-mt-[calc(var(--header-height)+min(200px,max(70px,20svh)))]\" dir=\"auto\" tabindex=\"-1\" data-turn-id=\"request-WEB:ee5b21c5-19f0-4dc0-a59d-d74837e65831-16\" data-testid=\"conversation-turn-34\" data-scroll-anchor=\"true\" data-turn=\"assistant\">\n<div class=\"text-base my-auto mx-auto pb-10 [--thread-content-margin:--spacing(4)] @w-sm\/main:[--thread-content-margin:--spacing(6)] @w-lg\/main:[--thread-content-margin:--spacing(16)] px-(--thread-content-margin)\">\n<div class=\"[--thread-content-max-width:40rem] @w-lg\/main:[--thread-content-max-width:48rem] mx-auto max-w-(--thread-content-max-width) flex-1 group\/turn-messages focus-visible:outline-hidden relative flex w-full min-w-0 flex-col agent-turn\" tabindex=\"-1\">\n<div class=\"flex max-w-full flex-col grow\">\n<div class=\"min-h-8 text-message relative flex w-full flex-col items-end gap-2 text-start break-words whitespace-normal [.text-message+&amp;]:mt-1\" dir=\"auto\" data-message-author-role=\"assistant\" data-message-id=\"cdab8d32-9545-4216-bf17-b24a1e5dff8a\" data-message-model-slug=\"gpt-5-2\">\n<div class=\"flex w-full flex-col gap-1 empty:hidden first:pt-[1px]\">\n<div class=\"markdown prose dark:prose-invert w-full break-words light markdown-new-styling\">\n<p data-start=\"4530\" data-end=\"4833\">Rozkoszuj si\u0119 naszym Rooibosem Le\u015bne Jagody i przygotuj naturalny, wszechstronny nap\u00f3j bez teiny do picia po po\u0142udniu lub wieczorem, na ciep\u0142o lub na zimno. Ten sk\u0142adnik pochodzenia po\u0142udniowoafryka\u0144skiego \u0142\u0105czy si\u0119 z pysznymi le\u015bnymi jagodami i p\u0142atkami kwiat\u00f3w. Idealny dla mi\u0142o\u015bnik\u00f3w herbaty Rooibos!<\/p>\n<p data-start=\"4835\" data-end=\"5014\"><strong data-start=\"4835\" data-end=\"4849\">Sk\u0142adniki:<\/strong> 88% rooibos, owoce bzu czarnego, porzeczki czerwone, p\u0142atki krokosza, p\u0142atki chabra, p\u0105ki czerwonej r\u00f3\u017cy, porzeczki czarne oraz naturalne aromaty czerwonych owoc\u00f3w.<\/p>\n<p data-start=\"5016\" data-end=\"5643\"><strong data-start=\"5016\" data-end=\"5046\">Czym jest herbata Rooibos?<\/strong><br data-start=\"5046\" data-end=\"5049\" \/>Rooibos to krzew wyst\u0119puj\u0105cy wy\u0142\u0105cznie w Republice Po\u0142udniowej Afryki. Znany r\u00f3wnie\u017c jako Czerwona Herbata ze wzgl\u0119du na sw\u00f3j kolor, nie powinien by\u0107 mylony z herbat\u0105 Pu Erh (<em data-start=\"5224\" data-end=\"5243\">Camellia sinensis<\/em>). Herbata rooibos nie zawiera teiny, dlatego mo\u017ce by\u0107 spo\u017cywana przez ka\u017cdego. Nie staje si\u0119 gorzka nawet przy d\u0142ugim parzeniu. Nasz naturalny rooibos ma wysok\u0105 zawarto\u015b\u0107 flawonoid\u00f3w, co czyni go silnym sk\u0142adnikiem detoksykuj\u0105cym dla os\u00f3b chc\u0105cych schudn\u0105\u0107. Po treningu herbata rooibos jest doskona\u0142ym sprzymierze\u0144cem w regeneracji po mikrourazach, a tak\u017ce wspomaga nawodnienie i wzmacnia odporno\u015b\u0107.<\/p>\n<p data-start=\"5645\" data-end=\"6125\">Gatunek <em data-start=\"5653\" data-end=\"5674\">Aspalathus linearis<\/em> jest uprawiany przez 400 lokalnych producent\u00f3w wy\u0142\u0105cznie w pi\u0119knym g\u00f3rskim regionie Cederberg w RPA. Okre\u015blenie \u201elinearis\u201d odnosi si\u0119 do d\u0142ugiego i spiczastego kszta\u0142tu li\u015bci rooibosa. W tym kraju herbata rooibos jest zazwyczaj pita z plasterkiem cytryny, miodem lub cukrem. Powszechn\u0105 praktyk\u0105 jest r\u00f3wnie\u017c ponowne u\u017cywanie tego samego naparu i jego podgrzewanie przez pierwsze 48 godzin. Wi\u0119kszo\u015b\u0107 eksportu trafia do Stan\u00f3w Zjednoczonych i Niemiec.<\/p>\n<p data-start=\"6127\" data-end=\"6357\">Rooibos Le\u015bne Jagody to wyj\u0105tkowe po\u0142\u0105czenie owoc\u00f3w bzu czarnego, porzeczek czerwonych i czarnych, kt\u00f3re wraz z p\u0142atkami kwiat\u00f3w tworz\u0105 pyszn\u0105 i inspiruj\u0105c\u0105 kompozycj\u0119. Spr\u00f3buj go na ciep\u0142o lub na zimno i zabierz ze sob\u0105 wsz\u0119dzie.<\/p>\n<p data-start=\"6359\" data-end=\"6487\"><strong data-start=\"6359\" data-end=\"6380\">Temperatura wody:<\/strong> 100 \u00b0C<br data-start=\"6387\" data-end=\"6390\" \/><strong data-start=\"6390\" data-end=\"6408\">Czas parzenia:<\/strong> 5\u201310 minut.<br data-start=\"6420\" data-end=\"6423\" \/><strong data-start=\"6423\" data-end=\"6442\">Zalecana ilo\u015b\u0107:<\/strong> 1 \u0142y\u017ceczka na osob\u0119. Oko\u0142o 2 g na fili\u017cank\u0119.<\/p>\n<p data-start=\"6489\" data-end=\"6789\"><strong data-start=\"6489\" data-end=\"6538\">Jak przygotowa\u0107 herbat\u0119 Rooibos Le\u015bne Jagody:<\/strong><br data-start=\"6538\" data-end=\"6541\" \/>Do odpowiedniego naczynia wlej 250 ml wrz\u0105cej wody i dodaj 1 \u0142y\u017ceczk\u0119 rooibosa Le\u015bne Jagody. Przykryj i parz przez oko\u0142o 5\u201310 minut. Nast\u0119pnie przeced\u017a i pozostaw do lekkiego ostygni\u0119cia przed podaniem. Nie ma potrzeby dodawania cukru ani s\u0142odzika.<\/p>\n<p data-start=\"6791\" data-end=\"6865\" data-is-last-node=\"\" data-is-only-node=\"\"><strong data-start=\"6791\" data-end=\"6810\">Przechowywanie:<\/strong> Przechowywa\u0107 w ch\u0142odnym, suchym i zacienionym miejscu.<\/p>\n<\/div>\n<\/div>\n<\/div>\n<\/div>\n<\/div>\n<\/div>\n<\/article>\n<\/div>\n","protected":false},"excerpt":{"rendered":"<p>Rozkoszuj si\u0119 naszym Rooibosem Le\u015bne Jagody i przygotuj naturalny, wszechstronny nap\u00f3j bez teiny do picia po po\u0142udniu lub wieczorem, na<\/p>\n","protected":false},"featured_media":36879,"comment_status":"open","ping_status":"closed","template":"","meta":[],"product_brand":[],"product_cat":[346,344],"product_tag":[],"class_list":{"0":"post-36883","1":"product","2":"type-product","3":"status-publish","4":"has-post-thumbnail","6":"product_cat-herbata-i-kawa","7":"product_cat-wszystkie-nowe-produkty","9":"first","10":"instock","11":"taxable","12":"shipping-taxable","13":"purchasable","14":"product-type-simple"},"jetpack_sharing_enabled":true,"_links":{"self":[{"href":"https:\/\/multicook.shop\/pl\/wp-json\/wp\/v2\/product\/36883","targetHints":{"allow":["GET"]}}],"collection":[{"href":"https:\/\/multicook.shop\/pl\/wp-json\/wp\/v2\/product"}],"about":[{"href":"https:\/\/multicook.shop\/pl\/wp-json\/wp\/v2\/types\/product"}],"replies":[{"embeddable":true,"href":"https:\/\/multicook.shop\/pl\/wp-json\/wp\/v2\/comments?post=36883"}],"version-history":[{"count":4,"href":"https:\/\/multicook.shop\/pl\/wp-json\/wp\/v2\/product\/36883\/revisions"}],"predecessor-version":[{"id":37199,"href":"https:\/\/multicook.shop\/pl\/wp-json\/wp\/v2\/product\/36883\/revisions\/37199"}],"wp:featuredmedia":[{"embeddable":true,"href":"https:\/\/multicook.shop\/pl\/wp-json\/wp\/v2\/media\/36879"}],"wp:attachment":[{"href":"https:\/\/multicook.shop\/pl\/wp-json\/wp\/v2\/media?parent=36883"}],"wp:term":[{"taxonomy":"product_brand","embeddable":true,"href":"https:\/\/multicook.shop\/pl\/wp-json\/wp\/v2\/product_brand?post=36883"},{"taxonomy":"product_cat","embeddable":true,"href":"https:\/\/multicook.shop\/pl\/wp-json\/wp\/v2\/product_cat?post=36883"},{"taxonomy":"product_tag","embeddable":true,"href":"https:\/\/multicook.shop\/pl\/wp-json\/wp\/v2\/product_tag?post=36883"}],"curies":[{"name":"wp","href":"https:\/\/api.w.org\/{rel}","templated":true}]}}