{"id":36894,"date":"2025-11-29T09:21:48","date_gmt":"2025-11-29T09:21:48","guid":{"rendered":"https:\/\/multicook.shop\/product\/roibos-pomarancza-i-cynamon-leveza\/"},"modified":"2025-12-17T12:12:39","modified_gmt":"2025-12-17T12:12:39","slug":"roibos-pomarancza-i-cynamon-leveza","status":"publish","type":"product","link":"https:\/\/multicook.shop\/pl\/produkt\/roibos-pomarancza-i-cynamon-leveza\/","title":{"rendered":"ROIBOS POMARA\u0143CZA I CYNAMON LEVEZA"},"content":{"rendered":"<p data-start=\"4842\" data-end=\"5011\">Odwa\u017c si\u0119 spr\u00f3bowa\u0107 naszego pysznego Rooibosa Pomara\u0144cza &amp; Cynamon, pe\u0142nego smaku. Spr\u00f3buj i podziel si\u0119 z nami tym, co najbardziej Ci\u0119 urzek\u0142o w tej naturalnej formule.<\/p>\n<p data-start=\"5013\" data-end=\"5237\"><strong data-start=\"5013\" data-end=\"5027\">Sk\u0142adniki:<\/strong> 83% rooibos (<em data-start=\"5041\" data-end=\"5062\">Aspalathus linearis<\/em> L.), 6% sk\u00f3rki pomara\u0144czy (<em data-start=\"5090\" data-end=\"5107\">Citrus sinensis<\/em> L.), go\u017adziki (<em data-start=\"5123\" data-end=\"5144\">Syzygium aromaticum<\/em> L.), kawa\u0142ki cynamonu (<em data-start=\"5168\" data-end=\"5186\">Cinnamomum verum<\/em> L.) z naturalnymi aromatami pomara\u0144czy i cynamonu.<\/p>\n<p data-start=\"5239\" data-end=\"5856\"><strong data-start=\"5239\" data-end=\"5269\">Czym jest herbata Rooibos?<\/strong><br data-start=\"5269\" data-end=\"5272\" \/>Rooibos to krzew wyst\u0119puj\u0105cy wy\u0142\u0105cznie w Republice Po\u0142udniowej Afryki. Znany r\u00f3wnie\u017c jako Czerwona Herbata ze wzgl\u0119du na sw\u00f3j kolor, nie powinien by\u0107 mylony z herbat\u0105 Pu Erh (<em data-start=\"5447\" data-end=\"5466\">Camellia sinensis<\/em>). Herbata rooibos nie zawiera teiny, dlatego mo\u017ce by\u0107 spo\u017cywana przez ka\u017cdego. Nie staje si\u0119 gorzka nawet przy d\u0142ugim parzeniu. Nasz rooibos ma wysok\u0105 zawarto\u015b\u0107 flawonoid\u00f3w, co czyni go silnym sk\u0142adnikiem detoksykuj\u0105cym dla os\u00f3b chc\u0105cych schudn\u0105\u0107. Po treningu herbata rooibos jest doskona\u0142ym sprzymierze\u0144cem w regeneracji po mikrourazach, a tak\u017ce wspomaga nawodnienie i wzmacnia odporno\u015b\u0107.<\/p>\n<p data-start=\"5858\" data-end=\"6338\">Gatunek <em data-start=\"5866\" data-end=\"5887\">Aspalathus linearis<\/em> jest uprawiany przez 400 lokalnych producent\u00f3w wy\u0142\u0105cznie w pi\u0119knym g\u00f3rskim regionie Cederberg w RPA. Okre\u015blenie \u201elinearis\u201d odnosi si\u0119 do d\u0142ugiego i spiczastego kszta\u0142tu li\u015bci rooibosa. W tym kraju herbata rooibos jest zazwyczaj pita z plasterkiem cytryny, miodem lub cukrem. Powszechn\u0105 praktyk\u0105 jest r\u00f3wnie\u017c ponowne u\u017cywanie tego samego naparu i jego podgrzewanie przez pierwsze 48 godzin. Wi\u0119kszo\u015b\u0107 eksportu trafia do Stan\u00f3w Zjednoczonych i Niemiec.<\/p>\n<p data-start=\"6340\" data-end=\"6902\"><strong data-start=\"6340\" data-end=\"6356\">Ciekawostki:<\/strong><br data-start=\"6356\" data-end=\"6359\" \/>Cynamon to drzewna przyprawa o ciep\u0142ym smaku, pochodz\u0105ca ze Sri Lanki, na po\u0142udniu Azji. Dzi\u0119ki odkryciom morskim i l\u0105dowym cynamon rozprzestrzeni\u0142 si\u0119 na wiele region\u00f3w \u015bwiata. Znany z uwalniania pozytywnej energii poprzez sw\u00f3j intensywny aromat, cynamon jest klasyczn\u0105 przypraw\u0105, kt\u00f3ra szybko oddaje smak w herbatach i potrawach. Cynamon mo\u017cna stosowa\u0107 w laskach lub mielony, bez utraty smaku. Przy zr\u00f3wnowa\u017conej uprawie cynamon mo\u017ce potrzebowa\u0107 oko\u0142o 20 lat, aby w pe\u0142ni rozwin\u0105\u0107 swoje olejki. Jego pikantny smak jest zbli\u017cony do go\u017adzik\u00f3w.<\/p>\n<p data-start=\"6904\" data-end=\"7313\" data-is-last-node=\"\" data-is-only-node=\"\"><strong data-start=\"6904\" data-end=\"6925\">Temperatura wody:<\/strong> 100\u00ba<br data-start=\"6930\" data-end=\"6933\" \/><strong data-start=\"6933\" data-end=\"6951\">Czas parzenia:<\/strong> 3\u20135 minut.<br data-start=\"6962\" data-end=\"6965\" \/><strong data-start=\"6965\" data-end=\"6984\">Zalecana ilo\u015b\u0107:<\/strong> 1 \u0142y\u017ceczka na osob\u0119. Oko\u0142o 2 g na fili\u017cank\u0119.<br data-start=\"7029\" data-end=\"7032\" \/><strong data-start=\"7032\" data-end=\"7057\">Spos\u00f3b przygotowania:<\/strong> Umie\u015b\u0107 1 \u0142y\u017ceczk\u0119 w uprzednio zagotowanej wodzie. Przykryj i parz przez 3\u20135 minut. Nast\u0119pnie przeced\u017a \u2014 herbata gotowa do spo\u017cycia, na ciep\u0142o lub na zimno.<br data-start=\"7213\" data-end=\"7216\" \/><strong data-start=\"7216\" data-end=\"7235\">Przechowywanie:<\/strong> Przechowywa\u0107 w ch\u0142odnym (maks. 20\u00ba) i suchym miejscu (maks. 60% wilgotno\u015bci).<\/p>\n","protected":false},"excerpt":{"rendered":"<p>Odwa\u017c si\u0119 spr\u00f3bowa\u0107 naszego pysznego Rooibosa Pomara\u0144cza &amp; Cynamon, pe\u0142nego smaku. Spr\u00f3buj i podziel si\u0119 z nami tym, co najbardziej<\/p>\n","protected":false},"featured_media":36889,"comment_status":"open","ping_status":"closed","template":"","meta":[],"product_brand":[],"product_cat":[346,344],"product_tag":[],"class_list":{"0":"post-36894","1":"product","2":"type-product","3":"status-publish","4":"has-post-thumbnail","6":"product_cat-herbata-i-kawa","7":"product_cat-wszystkie-nowe-produkty","9":"first","10":"instock","11":"taxable","12":"shipping-taxable","13":"purchasable","14":"product-type-simple"},"jetpack_sharing_enabled":true,"_links":{"self":[{"href":"https:\/\/multicook.shop\/pl\/wp-json\/wp\/v2\/product\/36894","targetHints":{"allow":["GET"]}}],"collection":[{"href":"https:\/\/multicook.shop\/pl\/wp-json\/wp\/v2\/product"}],"about":[{"href":"https:\/\/multicook.shop\/pl\/wp-json\/wp\/v2\/types\/product"}],"replies":[{"embeddable":true,"href":"https:\/\/multicook.shop\/pl\/wp-json\/wp\/v2\/comments?post=36894"}],"version-history":[{"count":2,"href":"https:\/\/multicook.shop\/pl\/wp-json\/wp\/v2\/product\/36894\/revisions"}],"predecessor-version":[{"id":37209,"href":"https:\/\/multicook.shop\/pl\/wp-json\/wp\/v2\/product\/36894\/revisions\/37209"}],"wp:featuredmedia":[{"embeddable":true,"href":"https:\/\/multicook.shop\/pl\/wp-json\/wp\/v2\/media\/36889"}],"wp:attachment":[{"href":"https:\/\/multicook.shop\/pl\/wp-json\/wp\/v2\/media?parent=36894"}],"wp:term":[{"taxonomy":"product_brand","embeddable":true,"href":"https:\/\/multicook.shop\/pl\/wp-json\/wp\/v2\/product_brand?post=36894"},{"taxonomy":"product_cat","embeddable":true,"href":"https:\/\/multicook.shop\/pl\/wp-json\/wp\/v2\/product_cat?post=36894"},{"taxonomy":"product_tag","embeddable":true,"href":"https:\/\/multicook.shop\/pl\/wp-json\/wp\/v2\/product_tag?post=36894"}],"curies":[{"name":"wp","href":"https:\/\/api.w.org\/{rel}","templated":true}]}}