{"id":36899,"date":"2025-11-29T09:21:30","date_gmt":"2025-11-29T09:21:30","guid":{"rendered":"https:\/\/multicook.shop\/product\/roibos-gourmet-migdal-i-cynamon-leveza\/"},"modified":"2025-12-17T12:08:41","modified_gmt":"2025-12-17T12:08:41","slug":"roibos-gourmet-migdal-i-cynamon-leveza","status":"publish","type":"product","link":"https:\/\/multicook.shop\/pl\/produkt\/roibos-gourmet-migdal-i-cynamon-leveza\/","title":{"rendered":"ROIBOS GOURMET MIGDA\u0141 I CYNAMON LEVEZA"},"content":{"rendered":"<div class=\"flex flex-col text-sm pb-25\">\n<article class=\"text-token-text-primary w-full focus:outline-none [--shadow-height:45px] has-data-writing-block:pointer-events-none has-data-writing-block:-mt-(--shadow-height) has-data-writing-block:pt-(--shadow-height) [&amp;:has([data-writing-block])&gt;*]:pointer-events-auto scroll-mt-[calc(var(--header-height)+min(200px,max(70px,20svh)))]\" dir=\"auto\" tabindex=\"-1\" data-turn-id=\"request-WEB:ee5b21c5-19f0-4dc0-a59d-d74837e65831-17\" data-testid=\"conversation-turn-36\" data-scroll-anchor=\"true\" data-turn=\"assistant\">\n<div class=\"text-base my-auto mx-auto pb-10 [--thread-content-margin:--spacing(4)] @w-sm\/main:[--thread-content-margin:--spacing(6)] @w-lg\/main:[--thread-content-margin:--spacing(16)] px-(--thread-content-margin)\">\n<div class=\"[--thread-content-max-width:40rem] @w-lg\/main:[--thread-content-max-width:48rem] mx-auto max-w-(--thread-content-max-width) flex-1 group\/turn-messages focus-visible:outline-hidden relative flex w-full min-w-0 flex-col agent-turn\" tabindex=\"-1\">\n<div class=\"flex max-w-full flex-col grow\">\n<div class=\"min-h-8 text-message relative flex w-full flex-col items-end gap-2 text-start break-words whitespace-normal [.text-message+&amp;]:mt-1\" dir=\"auto\" data-message-author-role=\"assistant\" data-message-id=\"710d75d8-b1c0-4a61-b370-6be25269daa3\" data-message-model-slug=\"gpt-5-2\">\n<div class=\"flex w-full flex-col gap-1 empty:hidden first:pt-[1px]\">\n<div class=\"markdown prose dark:prose-invert w-full break-words light markdown-new-styling\">\n<p data-start=\"4895\" data-end=\"5074\">Rozkoszuj si\u0119 naszym wykwintnym Rooibosem Gourmet Migda\u0142 i Cynamon! Delektuj si\u0119 naparem pe\u0142nym smaku i aromat\u00f3w. Powiedz nam, co najbardziej Ci\u0119 urzek\u0142o w tej naturalnej formule.<\/p>\n<p data-start=\"5076\" data-end=\"5343\"><strong data-start=\"5076\" data-end=\"5090\">Sk\u0142adniki:<\/strong> Rooibos (<em data-start=\"5100\" data-end=\"5121\">Aspalathus linearis<\/em> L.), kawa\u0142ki jab\u0142ka (<em data-start=\"5143\" data-end=\"5160\">Malus domestica<\/em> L.), hibiskus (<em data-start=\"5176\" data-end=\"5197\">Hibiscus sabdariffa<\/em> L.), dzika r\u00f3\u017ca (<em data-start=\"5215\" data-end=\"5234\">Rosa sempervirens<\/em> L.), kawa\u0142ki migda\u0142\u00f3w (<em data-start=\"5258\" data-end=\"5273\">Prunus dulcis<\/em> L.), cynamon (<em data-start=\"5288\" data-end=\"5306\">Cinnamomum verum<\/em> L.) z naturalnymi aromatami cytryny.<\/p>\n<p data-start=\"5345\" data-end=\"5962\"><strong data-start=\"5345\" data-end=\"5375\">Czym jest herbata Rooibos?<\/strong><br data-start=\"5375\" data-end=\"5378\" \/>Rooibos to krzew wyst\u0119puj\u0105cy wy\u0142\u0105cznie w Republice Po\u0142udniowej Afryki. Znany r\u00f3wnie\u017c jako Czerwona Herbata ze wzgl\u0119du na sw\u00f3j kolor, nie powinien by\u0107 mylony z herbat\u0105 Pu Erh (<em data-start=\"5553\" data-end=\"5572\">Camellia sinensis<\/em>). Herbata rooibos nie zawiera teiny, dlatego mo\u017ce by\u0107 spo\u017cywana przez ka\u017cdego. Nie staje si\u0119 gorzka nawet przy d\u0142ugim parzeniu. Nasz rooibos ma wysok\u0105 zawarto\u015b\u0107 flawonoid\u00f3w, co czyni go silnym sk\u0142adnikiem detoksykuj\u0105cym dla os\u00f3b chc\u0105cych schudn\u0105\u0107. Po treningu herbata rooibos jest doskona\u0142ym sprzymierze\u0144cem w regeneracji po mikrourazach, a tak\u017ce wspomaga nawodnienie i wzmacnia odporno\u015b\u0107.<\/p>\n<p data-start=\"5964\" data-end=\"6444\">Gatunek <em data-start=\"5972\" data-end=\"5993\">Aspalathus linearis<\/em> jest uprawiany przez 400 lokalnych producent\u00f3w wy\u0142\u0105cznie w pi\u0119knym g\u00f3rskim regionie Cederberg w RPA. Okre\u015blenie \u201elinearis\u201d odnosi si\u0119 do d\u0142ugiego i spiczastego kszta\u0142tu li\u015bci rooibosa. W tym kraju herbata rooibos jest zazwyczaj pita z plasterkiem cytryny, miodem lub cukrem. Powszechn\u0105 praktyk\u0105 jest r\u00f3wnie\u017c ponowne u\u017cywanie tego samego naparu i jego podgrzewanie przez pierwsze 48 godzin. Wi\u0119kszo\u015b\u0107 eksportu trafia do Stan\u00f3w Zjednoczonych i Niemiec.<\/p>\n<p data-start=\"6446\" data-end=\"6706\"><strong data-start=\"6446\" data-end=\"6462\">Ciekawostki:<\/strong><br data-start=\"6462\" data-end=\"6465\" \/>Migda\u0142 jest nasieniem owocu migda\u0142owca, znanego drzewa z rodziny r\u00f3\u017cowatych. Ta cenna ro\u015blina oleista jest bogata w minera\u0142y (magnez, mied\u017a, fosfor, \u017celazo, cynk, wap\u0144 i mangan), witamin\u0119 E, witamin\u0119 B2, b\u0142onnik, bia\u0142ko oraz zdrowe t\u0142uszcze.<\/p>\n<p data-start=\"6708\" data-end=\"6983\">Migda\u0142y dobrze rosn\u0105 w klimacie umiarkowanym, co t\u0142umaczy ich du\u017c\u0105 produkcj\u0119 w krajach takich jak Afganistan, Australia, W\u0142ochy, Hiszpania i Portugalia. Cho\u0107 ich pochodzenie nie jest do ko\u0144ca znane, uwa\u017ca si\u0119, \u017ce migda\u0142y zacz\u0119li spo\u017cywa\u0107 \u017ceglarze w okresie Jedwabnego Szlaku.<\/p>\n<p data-start=\"6985\" data-end=\"7394\" data-is-last-node=\"\" data-is-only-node=\"\"><strong data-start=\"6985\" data-end=\"7006\">Temperatura wody:<\/strong> 100\u00ba<br data-start=\"7011\" data-end=\"7014\" \/><strong data-start=\"7014\" data-end=\"7032\">Czas parzenia:<\/strong> 3\u20135 minut.<br data-start=\"7043\" data-end=\"7046\" \/><strong data-start=\"7046\" data-end=\"7065\">Zalecana ilo\u015b\u0107:<\/strong> 1 \u0142y\u017ceczka na osob\u0119. Oko\u0142o 2 g na fili\u017cank\u0119.<br data-start=\"7110\" data-end=\"7113\" \/><strong data-start=\"7113\" data-end=\"7138\">Spos\u00f3b przygotowania:<\/strong> Umie\u015b\u0107 1 \u0142y\u017ceczk\u0119 w uprzednio zagotowanej wodzie. Przykryj i parz przez 3\u20135 minut. Nast\u0119pnie przeced\u017a \u2014 herbata gotowa do spo\u017cycia, na ciep\u0142o lub na zimno.<br data-start=\"7294\" data-end=\"7297\" \/><strong data-start=\"7297\" data-end=\"7316\">Przechowywanie:<\/strong> Przechowywa\u0107 w ch\u0142odnym (maks. 20\u00ba) i suchym miejscu (maks. 60% wilgotno\u015bci).<\/p>\n<\/div>\n<\/div>\n<\/div>\n<\/div>\n<\/div>\n<\/div>\n<\/article>\n<\/div>\n","protected":false},"excerpt":{"rendered":"<p>Rozkoszuj si\u0119 naszym wykwintnym Rooibosem Gourmet Migda\u0142 i Cynamon! Delektuj si\u0119 naparem pe\u0142nym smaku i aromat\u00f3w. Powiedz nam, co najbardziej<\/p>\n","protected":false},"featured_media":36896,"comment_status":"open","ping_status":"closed","template":"","meta":[],"product_brand":[],"product_cat":[346,344],"product_tag":[],"class_list":{"0":"post-36899","1":"product","2":"type-product","3":"status-publish","4":"has-post-thumbnail","6":"product_cat-herbata-i-kawa","7":"product_cat-wszystkie-nowe-produkty","9":"first","10":"instock","11":"taxable","12":"shipping-taxable","13":"purchasable","14":"product-type-simple"},"jetpack_sharing_enabled":true,"_links":{"self":[{"href":"https:\/\/multicook.shop\/pl\/wp-json\/wp\/v2\/product\/36899","targetHints":{"allow":["GET"]}}],"collection":[{"href":"https:\/\/multicook.shop\/pl\/wp-json\/wp\/v2\/product"}],"about":[{"href":"https:\/\/multicook.shop\/pl\/wp-json\/wp\/v2\/types\/product"}],"replies":[{"embeddable":true,"href":"https:\/\/multicook.shop\/pl\/wp-json\/wp\/v2\/comments?post=36899"}],"version-history":[{"count":2,"href":"https:\/\/multicook.shop\/pl\/wp-json\/wp\/v2\/product\/36899\/revisions"}],"predecessor-version":[{"id":37204,"href":"https:\/\/multicook.shop\/pl\/wp-json\/wp\/v2\/product\/36899\/revisions\/37204"}],"wp:featuredmedia":[{"embeddable":true,"href":"https:\/\/multicook.shop\/pl\/wp-json\/wp\/v2\/media\/36896"}],"wp:attachment":[{"href":"https:\/\/multicook.shop\/pl\/wp-json\/wp\/v2\/media?parent=36899"}],"wp:term":[{"taxonomy":"product_brand","embeddable":true,"href":"https:\/\/multicook.shop\/pl\/wp-json\/wp\/v2\/product_brand?post=36899"},{"taxonomy":"product_cat","embeddable":true,"href":"https:\/\/multicook.shop\/pl\/wp-json\/wp\/v2\/product_cat?post=36899"},{"taxonomy":"product_tag","embeddable":true,"href":"https:\/\/multicook.shop\/pl\/wp-json\/wp\/v2\/product_tag?post=36899"}],"curies":[{"name":"wp","href":"https:\/\/api.w.org\/{rel}","templated":true}]}}